{"id":25297,"date":"2024-08-28T11:46:30","date_gmt":"2024-08-28T11:46:30","guid":{"rendered":"https:\/\/megdev01.com\/avis-juridique\/"},"modified":"2025-08-29T11:34:51","modified_gmt":"2025-08-29T11:34:51","slug":"mentions-legales","status":"publish","type":"page","link":"https:\/\/megablok.com\/fr\/mentions-legales\/","title":{"rendered":"Mentions L\u00e9gales"},"content":{"rendered":"<div class=\"fusion-fullwidth fullwidth-box fusion-builder-row-1 fusion-flex-container has-pattern-background has-mask-background nonhundred-percent-fullwidth non-hundred-percent-height-scrolling\" style=\"--awb-border-radius-top-left:0px;--awb-border-radius-top-right:0px;--awb-border-radius-bottom-right:0px;--awb-border-radius-bottom-left:0px;--awb-flex-wrap:wrap;\" ><div class=\"fusion-builder-row fusion-row fusion-flex-align-items-flex-start fusion-flex-content-wrap\" style=\"max-width:1372.8px;margin-left: calc(-4% \/ 2 );margin-right: calc(-4% \/ 2 );\"><div class=\"fusion-layout-column fusion_builder_column fusion-builder-column-0 fusion_builder_column_1_1 1_1 fusion-flex-column\" style=\"--awb-bg-size:cover;--awb-width-large:100%;--awb-margin-top-large:0px;--awb-spacing-right-large:1.92%;--awb-margin-bottom-large:20px;--awb-spacing-left-large:1.92%;--awb-width-medium:100%;--awb-order-medium:0;--awb-spacing-right-medium:1.92%;--awb-spacing-left-medium:1.92%;--awb-width-small:100%;--awb-order-small:0;--awb-spacing-right-small:1.92%;--awb-spacing-left-small:1.92%;\"><div class=\"fusion-column-wrapper fusion-column-has-shadow fusion-flex-justify-content-flex-start fusion-content-layout-column\"><div class=\"fusion-text fusion-text-1\"><p>Conform\u00e9ment \u00e0 l&rsquo;article 10 de la loi 34\/2002, du 11 juillet, sur les services de la soci\u00e9t\u00e9 de l&rsquo;information et le commerce \u00e9lectronique (LSSI+CE), nous vous informons par la pr\u00e9sente :<\/p>\n<p>Le titre de la page www.megablok.com est le suivant :<\/p>\n<p>Nom de l&rsquo;entreprise : <b>MEGABLOK S.A.U.<\/b><\/p>\n<p>NUM\u00c9RO DE TVA : <b>A50711498<\/b><\/p>\n<p>Adresse : <b>Plataforma Log\u00edstica PLA-ZA, calle Palermo n\u00ba7, 50197, Zaragoza<\/b>.<\/p>\n<p>T\u00e9l\u00e9phone : <b>976505488<\/b><\/p>\n<p>Courriel : <b>laboral@megablok.com<\/b><\/p>\n<p>Donn\u00e9es du registre : inscrit au registre du commerce de Saragosse, page Z-20259, volume 2054, folio 138.<\/p>\n<h2 class=\"fusion-responsive-typography-calculated\" style=\"--fontsize: 36; line-height: 1.4;\" data-fontsize=\"36\" data-lineheight=\"50.4px\">Vos coordonn\u00e9es<\/h2>\n<p>Les informations ou donn\u00e9es personnelles fournies par l&rsquo;utilisateur seront trait\u00e9es conform\u00e9ment aux dispositions des politiques de protection des donn\u00e9es. L&rsquo;utilisateur d\u00e9clare que toutes les informations ou donn\u00e9es fournies sont v\u00e9ridiques et correspondent \u00e0 la r\u00e9alit\u00e9.<\/p>\n<h2 class=\"fusion-responsive-typography-calculated\" style=\"--fontsize: 36; line-height: 1.4;\" data-fontsize=\"36\" data-lineheight=\"50.4px\">Vie priv\u00e9e\/Protection des donn\u00e9es personnelles<\/h2>\n<p>MEGABLOK S.A.U. respecte \u00e0 tout moment les directives du R\u00e8glement g\u00e9n\u00e9ral sur la protection des donn\u00e9es (R\u00e8glement (UE) 2016\/679), de la Loi sur la protection des donn\u00e9es personnelles et la garantie des droits num\u00e9riques (LO 3\/2018) et des autres r\u00e9glementations en vigueur, et garantit l&rsquo;utilisation et le traitement corrects des donn\u00e9es personnelles de l&rsquo;utilisateur.<\/p>\n<p>\u00c0 cette fin, avec chaque formulaire de collecte de donn\u00e9es personnelles, l&rsquo;utilisateur sera inform\u00e9 de l&rsquo;existence et de l&rsquo;acceptation des conditions sp\u00e9cifiques du traitement de ses donn\u00e9es dans chaque cas, en l&rsquo;informant du responsable du traitement, de la finalit\u00e9 du traitement, de la base de l\u00e9gitimation du traitement, de la communication des donn\u00e9es \u00e0 des tiers le cas \u00e9ch\u00e9ant, de la possibilit\u00e9 d&rsquo;exercer ses droits d&rsquo;acc\u00e8s, de rectification, de suppression, d&rsquo;opposition, de limitation et de portabilit\u00e9 et de la mani\u00e8re de consulter l&rsquo;information compl\u00e8te sur la protection des donn\u00e9es.<\/p>\n<p>De m\u00eame, MEGABLOK S.A.U., cr\u00e9ateur du site Web, informe qu&rsquo;il respecte la loi 34\/2002 du 11 juillet sur les services de la soci\u00e9t\u00e9 de l&rsquo;information et le commerce \u00e9lectronique et qu&rsquo;il demandera \u00e0 tout moment le consentement de l&rsquo;utilisateur pour le traitement de son courrier \u00e9lectronique \u00e0 des fins commerciales.<\/p>\n<h2 class=\"fusion-responsive-typography-calculated\" style=\"--fontsize: 36; line-height: 1.4;\" data-fontsize=\"36\" data-lineheight=\"50.4px\">Mineurs<\/h2>\n<p>Le contenu du site Web est destin\u00e9 aux personnes majeures. MEGABLOK S.A.U. n&rsquo;a pas l&rsquo;intention d&rsquo;obtenir des donn\u00e9es de mineurs. Lorsque MEGABLOK S.A.U. aura connaissance de l&rsquo;existence dans son fichier de donn\u00e9es personnelles d&rsquo;un mineur, elle proc\u00e9dera imm\u00e9diatement \u00e0 l&rsquo;annulation de ces donn\u00e9es.<\/p>\n<h2 class=\"fusion-responsive-typography-calculated\" style=\"--fontsize: 36; line-height: 1.4;\" data-fontsize=\"36\" data-lineheight=\"50.4px\">Obligations de l&rsquo;utilisateur<\/h2>\n<p>L&rsquo;utilisateur doit \u00e0 tout moment respecter les termes et conditions \u00e9tablis par le site web.<\/p>\n<p>L&rsquo;utilisateur est tenu d&rsquo;utiliser le site web de mani\u00e8re diligente et assume toute responsabilit\u00e9 pouvant d\u00e9couler du non-respect des termes et conditions du site web.<\/p>\n<p>L&rsquo;utilisateur ne peut pas utiliser le site web pour transmettre, stocker, diffuser, promouvoir ou distribuer des donn\u00e9es ou du contenu contenant des virus ou tout autre code informatique, fichier ou programme con\u00e7u pour interrompre, d\u00e9truire ou alt\u00e9rer le fonctionnement de tout programme ou \u00e9quipement informatique ou de t\u00e9l\u00e9communication.<\/p>\n<h2 class=\"fusion-responsive-typography-calculated\" style=\"--fontsize: 36; line-height: 1.4;\" data-fontsize=\"36\" data-lineheight=\"50.4px\">Propri\u00e9t\u00e9 industrielle et intellectuelle<\/h2>\n<p>MEGABLOK S.A.U. est titulaire, elle-m\u00eame ou en tant que cessionnaire, de tous les droits de propri\u00e9t\u00e9 intellectuelle et industrielle de son site Web, ainsi que des \u00e9l\u00e9ments qu&rsquo;il contient (y compris, mais sans s&rsquo;y limiter, les images, le son, l&rsquo;audio, la vid\u00e9o, les logiciels ou les textes ; les marques ou les logos, les combinaisons de couleurs, la structure et la conception, la s\u00e9lection des mat\u00e9riaux utilis\u00e9s, les programmes informatiques n\u00e9cessaires \u00e0 son fonctionnement, \u00e0 son acc\u00e8s et \u00e0 son utilisation, etc.)<\/p>\n<p>En vertu des dispositions des articles 8 et 32.1, deuxi\u00e8me alin\u00e9a, de la loi sur la propri\u00e9t\u00e9 intellectuelle, la reproduction, la distribution et la communication publique, y compris la mise \u00e0 disposition, de tout ou partie du contenu de ce site Web, \u00e0 des fins commerciales, sur tout support et par tout moyen technique, sans l&rsquo;autorisation de MEGABLOK S.A.U., sont express\u00e9ment interdites. Tous les droits sont r\u00e9serv\u00e9s.<\/p>\n<p>L&rsquo;utilisateur s&rsquo;engage \u00e0 respecter les droits de propri\u00e9t\u00e9 intellectuelle et industrielle de MEGABLOK S.A.U.. Vous pouvez visualiser les \u00e9l\u00e9ments du portail et m\u00eame les imprimer, les copier et les stocker sur le disque dur de votre ordinateur ou sur tout autre support physique, \u00e0 condition que ce soit uniquement et exclusivement pour votre usage personnel et priv\u00e9. L&rsquo;utilisateur doit s&rsquo;abstenir d&rsquo;effacer, d&rsquo;alt\u00e9rer, de contourner ou de manipuler tout dispositif de protection ou syst\u00e8me de s\u00e9curit\u00e9 \u00e9ventuellement install\u00e9 sur les pages de MEGABLOK S.A.U.<\/p>\n<h2 class=\"fusion-responsive-typography-calculated\" style=\"--fontsize: 36; line-height: 1.4;\" data-fontsize=\"36\" data-lineheight=\"50.4px\">Droit d&rsquo;exclusion<\/h2>\n<p>MEGABLOK S.A.U. se r\u00e9serve le droit de refuser ou de retirer l&rsquo;acc\u00e8s au portail et\/ou aux services offerts sans pr\u00e9avis, \u00e0 sa propre demande ou \u00e0 la demande d&rsquo;un tiers, aux utilisateurs qui ne respectent pas les conditions d&rsquo;utilisation du portail.<\/p>\n<p>MEGABLOK S.A.U. poursuivra le non-respect des conditions d&rsquo;utilisation du portail, ainsi que toute utilisation abusive de son portail, en exer\u00e7ant toutes les actions civiles et p\u00e9nales qui peuvent lui correspondre en vertu de la loi.<\/p>\n<h2 class=\"fusion-responsive-typography-calculated\" style=\"--fontsize: 36; line-height: 1.4;\" data-fontsize=\"36\" data-lineheight=\"50.4px\">Modifications et liens<\/h2>\n<p>MEGABLOK S.A.U. se r\u00e9serve le droit d&rsquo;apporter toutes les modifications qu&rsquo;elle juge opportunes \u00e0 son site Web sans pr\u00e9avis, et peut modifier, supprimer ou ajouter aussi bien le contenu et les services qu&rsquo;elle fournit que la mani\u00e8re dont ils sont pr\u00e9sent\u00e9s ou localis\u00e9s, ainsi que les conditions g\u00e9n\u00e9rales de contrat \u00e9nonc\u00e9es dans le pr\u00e9sent document.<\/p>\n<p>MEGABLOK S.A.U. n&rsquo;est pas responsable de la mauvaise utilisation des contenus de son site Web, qui rel\u00e8ve de la seule responsabilit\u00e9 de la personne qui y acc\u00e8de ou les utilise.<\/p>\n<p>Dans le cas o\u00f9 www.megablok.com contiendrait des liens ou des hyperliens vers d&rsquo;autres sites Internet, MEGABLOK S.A.U., cr\u00e9ateur du site, n&rsquo;exercera aucun contr\u00f4le sur ces sites et leur contenu. En aucun cas, MEGABLOK S.A.U., cr\u00e9ateur du site, n&rsquo;assumera la responsabilit\u00e9 du contenu d&rsquo;un lien appartenant \u00e0 un site externe, ni ne garantira la disponibilit\u00e9 technique, la qualit\u00e9, la fiabilit\u00e9, l&rsquo;exactitude, l&rsquo;exhaustivit\u00e9, la v\u00e9racit\u00e9, la validit\u00e9 et la constitutionnalit\u00e9 de tout mat\u00e9riel ou information contenu dans l&rsquo;un de ces hyperliens ou dans d&rsquo;autres sites Internet. De m\u00eame, l&rsquo;inclusion de ces connexions externes n&rsquo;implique aucun type d&rsquo;association, de fusion ou de participation avec les entit\u00e9s connect\u00e9es.<\/p>\n<h2 class=\"fusion-responsive-typography-calculated\" style=\"--fontsize: 36; line-height: 1.4;\" data-fontsize=\"36\" data-lineheight=\"50.4px\">Droit applicable et juridiction comp\u00e9tente<\/h2>\n<p>Les conditions d&rsquo;utilisation de la page Web contenues dans le pr\u00e9sent avis juridique, ainsi que la relation entre l&rsquo;utilisateur et MEGABLOK S.A.U., seront r\u00e9gies et interpr\u00e9t\u00e9es conform\u00e9ment \u00e0 la l\u00e9gislation espagnole. Pour la r\u00e9solution de tout conflit pouvant survenir, l&rsquo;utilisateur et MEGABLOK S.A.U. se soumettent express\u00e9ment \u00e0 la comp\u00e9tence et \u00e0 la juridiction des cours et tribunaux de la ville o\u00f9 se trouve le domicile de l&rsquo;utilisateur.<\/p>\n<\/div><\/div><\/div><\/div><\/div>\n","protected":false},"excerpt":{"rendered":"","protected":false},"author":1,"featured_media":0,"parent":0,"menu_order":0,"comment_status":"closed","ping_status":"closed","template":"100-width.php","meta":{"_joinchat":[],"footnotes":""},"class_list":["post-25297","page","type-page","status-publish","hentry"],"yoast_head":"<!-- This site is optimized with the Yoast SEO plugin v27.6 - https:\/\/yoast.com\/product\/yoast-seo-wordpress\/ -->\n<title>Mentions L\u00e9gales - Megablok<\/title>\n<meta name=\"robots\" content=\"index, follow, max-snippet:-1, max-image-preview:large, max-video-preview:-1\" \/>\n<link rel=\"canonical\" href=\"https:\/\/megablok.com\/fr\/mentions-legales\/\" \/>\n<meta property=\"og:locale\" content=\"fr_FR\" \/>\n<meta property=\"og:type\" content=\"article\" \/>\n<meta property=\"og:title\" content=\"Mentions L\u00e9gales - Megablok\" \/>\n<meta property=\"og:url\" content=\"https:\/\/megablok.com\/fr\/mentions-legales\/\" \/>\n<meta property=\"og:site_name\" content=\"Megablok\" \/>\n<meta property=\"article:modified_time\" content=\"2025-08-29T11:34:51+00:00\" \/>\n<meta name=\"twitter:card\" content=\"summary_large_image\" \/>\n<meta name=\"twitter:label1\" content=\"Dur\u00e9e de lecture estim\u00e9e\" \/>\n\t<meta name=\"twitter:data1\" content=\"5 minutes\" \/>\n<script type=\"application\/ld+json\" class=\"yoast-schema-graph\">{\"@context\":\"https:\\\/\\\/schema.org\",\"@graph\":[{\"@type\":\"WebPage\",\"@id\":\"https:\\\/\\\/megablok.com\\\/fr\\\/mentions-legales\\\/\",\"url\":\"https:\\\/\\\/megablok.com\\\/fr\\\/mentions-legales\\\/\",\"name\":\"Mentions L\u00e9gales - Megablok\",\"isPartOf\":{\"@id\":\"https:\\\/\\\/megablok.com\\\/fr\\\/#website\"},\"datePublished\":\"2024-08-28T11:46:30+00:00\",\"dateModified\":\"2025-08-29T11:34:51+00:00\",\"breadcrumb\":{\"@id\":\"https:\\\/\\\/megablok.com\\\/fr\\\/mentions-legales\\\/#breadcrumb\"},\"inLanguage\":\"fr-FR\",\"potentialAction\":[{\"@type\":\"ReadAction\",\"target\":[\"https:\\\/\\\/megablok.com\\\/fr\\\/mentions-legales\\\/\"]}]},{\"@type\":\"BreadcrumbList\",\"@id\":\"https:\\\/\\\/megablok.com\\\/fr\\\/mentions-legales\\\/#breadcrumb\",\"itemListElement\":[{\"@type\":\"ListItem\",\"position\":1,\"name\":\"Portada\",\"item\":\"https:\\\/\\\/megablok.com\\\/fr\\\/\"},{\"@type\":\"ListItem\",\"position\":2,\"name\":\"Mentions L\u00e9gales\"}]},{\"@type\":\"WebSite\",\"@id\":\"https:\\\/\\\/megablok.com\\\/fr\\\/#website\",\"url\":\"https:\\\/\\\/megablok.com\\\/fr\\\/\",\"name\":\"Megablok\",\"description\":\"Taquillas para vestuarios de empresas y organizaciones\",\"publisher\":{\"@id\":\"https:\\\/\\\/megablok.com\\\/fr\\\/#organization\"},\"potentialAction\":[{\"@type\":\"SearchAction\",\"target\":{\"@type\":\"EntryPoint\",\"urlTemplate\":\"https:\\\/\\\/megablok.com\\\/fr\\\/?s={search_term_string}\"},\"query-input\":{\"@type\":\"PropertyValueSpecification\",\"valueRequired\":true,\"valueName\":\"search_term_string\"}}],\"inLanguage\":\"fr-FR\"},{\"@type\":\"Organization\",\"@id\":\"https:\\\/\\\/megablok.com\\\/fr\\\/#organization\",\"name\":\"Megablok\",\"url\":\"https:\\\/\\\/megablok.com\\\/fr\\\/\",\"logo\":{\"@type\":\"ImageObject\",\"inLanguage\":\"fr-FR\",\"@id\":\"https:\\\/\\\/megablok.com\\\/fr\\\/#\\\/schema\\\/logo\\\/image\\\/\",\"url\":\"https:\\\/\\\/megablok.com\\\/wp-content\\\/uploads\\\/2024\\\/08\\\/270.png\",\"contentUrl\":\"https:\\\/\\\/megablok.com\\\/wp-content\\\/uploads\\\/2024\\\/08\\\/270.png\",\"width\":270,\"height\":270,\"caption\":\"Megablok\"},\"image\":{\"@id\":\"https:\\\/\\\/megablok.com\\\/fr\\\/#\\\/schema\\\/logo\\\/image\\\/\"},\"sameAs\":[\"https:\\\/\\\/www.linkedin.com\\\/company\\\/megablok-s.a.\\\/\",\"https:\\\/\\\/www.instagram.com\\\/megabloksa\\\/\"]}]}<\/script>\n<!-- \/ Yoast SEO plugin. -->","yoast_head_json":{"title":"Mentions L\u00e9gales - Megablok","robots":{"index":"index","follow":"follow","max-snippet":"max-snippet:-1","max-image-preview":"max-image-preview:large","max-video-preview":"max-video-preview:-1"},"canonical":"https:\/\/megablok.com\/fr\/mentions-legales\/","og_locale":"fr_FR","og_type":"article","og_title":"Mentions L\u00e9gales - Megablok","og_url":"https:\/\/megablok.com\/fr\/mentions-legales\/","og_site_name":"Megablok","article_modified_time":"2025-08-29T11:34:51+00:00","twitter_card":"summary_large_image","twitter_misc":{"Dur\u00e9e de lecture estim\u00e9e":"5 minutes"},"schema":{"@context":"https:\/\/schema.org","@graph":[{"@type":"WebPage","@id":"https:\/\/megablok.com\/fr\/mentions-legales\/","url":"https:\/\/megablok.com\/fr\/mentions-legales\/","name":"Mentions L\u00e9gales - Megablok","isPartOf":{"@id":"https:\/\/megablok.com\/fr\/#website"},"datePublished":"2024-08-28T11:46:30+00:00","dateModified":"2025-08-29T11:34:51+00:00","breadcrumb":{"@id":"https:\/\/megablok.com\/fr\/mentions-legales\/#breadcrumb"},"inLanguage":"fr-FR","potentialAction":[{"@type":"ReadAction","target":["https:\/\/megablok.com\/fr\/mentions-legales\/"]}]},{"@type":"BreadcrumbList","@id":"https:\/\/megablok.com\/fr\/mentions-legales\/#breadcrumb","itemListElement":[{"@type":"ListItem","position":1,"name":"Portada","item":"https:\/\/megablok.com\/fr\/"},{"@type":"ListItem","position":2,"name":"Mentions L\u00e9gales"}]},{"@type":"WebSite","@id":"https:\/\/megablok.com\/fr\/#website","url":"https:\/\/megablok.com\/fr\/","name":"Megablok","description":"Taquillas para vestuarios de empresas y organizaciones","publisher":{"@id":"https:\/\/megablok.com\/fr\/#organization"},"potentialAction":[{"@type":"SearchAction","target":{"@type":"EntryPoint","urlTemplate":"https:\/\/megablok.com\/fr\/?s={search_term_string}"},"query-input":{"@type":"PropertyValueSpecification","valueRequired":true,"valueName":"search_term_string"}}],"inLanguage":"fr-FR"},{"@type":"Organization","@id":"https:\/\/megablok.com\/fr\/#organization","name":"Megablok","url":"https:\/\/megablok.com\/fr\/","logo":{"@type":"ImageObject","inLanguage":"fr-FR","@id":"https:\/\/megablok.com\/fr\/#\/schema\/logo\/image\/","url":"https:\/\/megablok.com\/wp-content\/uploads\/2024\/08\/270.png","contentUrl":"https:\/\/megablok.com\/wp-content\/uploads\/2024\/08\/270.png","width":270,"height":270,"caption":"Megablok"},"image":{"@id":"https:\/\/megablok.com\/fr\/#\/schema\/logo\/image\/"},"sameAs":["https:\/\/www.linkedin.com\/company\/megablok-s.a.\/","https:\/\/www.instagram.com\/megabloksa\/"]}]}},"jetpack_sharing_enabled":true,"_links":{"self":[{"href":"https:\/\/megablok.com\/fr\/wp-json\/wp\/v2\/pages\/25297","targetHints":{"allow":["GET"]}}],"collection":[{"href":"https:\/\/megablok.com\/fr\/wp-json\/wp\/v2\/pages"}],"about":[{"href":"https:\/\/megablok.com\/fr\/wp-json\/wp\/v2\/types\/page"}],"author":[{"embeddable":true,"href":"https:\/\/megablok.com\/fr\/wp-json\/wp\/v2\/users\/1"}],"replies":[{"embeddable":true,"href":"https:\/\/megablok.com\/fr\/wp-json\/wp\/v2\/comments?post=25297"}],"version-history":[{"count":3,"href":"https:\/\/megablok.com\/fr\/wp-json\/wp\/v2\/pages\/25297\/revisions"}],"predecessor-version":[{"id":25300,"href":"https:\/\/megablok.com\/fr\/wp-json\/wp\/v2\/pages\/25297\/revisions\/25300"}],"wp:attachment":[{"href":"https:\/\/megablok.com\/fr\/wp-json\/wp\/v2\/media?parent=25297"}],"curies":[{"name":"wp","href":"https:\/\/api.w.org\/{rel}","templated":true}]}}