{"id":25383,"date":"2024-08-23T11:36:05","date_gmt":"2024-08-23T11:36:05","guid":{"rendered":"https:\/\/megdev01.com\/solutions-pour-le-secteur-des-bureaux\/"},"modified":"2026-04-08T10:21:56","modified_gmt":"2026-04-08T10:21:56","slug":"solutions-pour-le-secteur-des-bureaux","status":"publish","type":"page","link":"https:\/\/megablok.com\/fr\/solutions-pour-le-secteur-des-bureaux\/","title":{"rendered":"Solutions pour le secteur des bureaux"},"content":{"rendered":"<p><div class=\"fusion-fullwidth fullwidth-box fusion-builder-row-1 fusion-flex-container has-pattern-background has-mask-background nonhundred-percent-fullwidth non-hundred-percent-height-scrolling\" style=\"--awb-border-radius-top-left:0px;--awb-border-radius-top-right:0px;--awb-border-radius-bottom-right:0px;--awb-border-radius-bottom-left:0px;--awb-flex-wrap:wrap;\" ><div class=\"fusion-builder-row fusion-row fusion-flex-align-items-flex-start fusion-flex-content-wrap\" style=\"max-width:1372.8px;margin-left: calc(-4% \/ 2 );margin-right: calc(-4% \/ 2 );\"><div class=\"fusion-layout-column fusion_builder_column fusion-builder-column-0 fusion_builder_column_1_1 1_1 fusion-flex-column\" style=\"--awb-bg-size:cover;--awb-width-large:100%;--awb-margin-top-large:0px;--awb-spacing-right-large:1.92%;--awb-margin-bottom-large:20px;--awb-spacing-left-large:1.92%;--awb-width-medium:100%;--awb-order-medium:0;--awb-spacing-right-medium:1.92%;--awb-spacing-left-medium:1.92%;--awb-width-small:100%;--awb-order-small:0;--awb-spacing-right-small:1.92%;--awb-spacing-left-small:1.92%;\"><div class=\"fusion-column-wrapper fusion-column-has-shadow fusion-flex-justify-content-flex-start fusion-content-layout-column\"><div class=\"fusion-text fusion-text-1\"><h2 class=\"fusion-responsive-typography-calculated\" style=\"--fontsize: 46; line-height: 1.2;\" data-fontsize=\"46\" data-lineheight=\"55.2px\">Bureaux d&rsquo;entreprise et coworking<\/h2>\n<p>Les bureaux ont chang\u00e9, c&rsquo;est un fait. Les entreprises <b>ont reformul\u00e9 <\/b>leur <b>perception du travail en<\/b> cr\u00e9ant des espaces de travail plus connect\u00e9s, en proposant le t\u00e9l\u00e9travail et en concevant des bureaux plus ouverts et minimalistes.<\/p>\n<p>L&rsquo;ann\u00e9e 2020 a marqu\u00e9 un avant et un apr\u00e8s dans notre fa\u00e7on d&rsquo;appr\u00e9hender le monde, la vie et le travail ; tout a pris un virage \u00e0 360\u00ba. Un virage qui a \u00e9galement affect\u00e9 notre rapport aux <b>espaces de travail, \u00e0<\/b> la recherche d&rsquo;espaces plus ouverts, lumineux, connect\u00e9s au reste de l&rsquo;\u00e9quipe, <b>num\u00e9ris\u00e9s, hygi\u00e9niques et confortables.<\/b> De plus, l&rsquo;arriv\u00e9e du t\u00e9l\u00e9travail a entra\u00een\u00e9 la cr\u00e9ation d&rsquo;espaces de coworking dans lesquels les bureaux deviennent des espaces communs o\u00f9 les id\u00e9es circulent et les connaissances sont partag\u00e9es avec des professionnels de diff\u00e9rents secteurs.<\/p>\n<\/div><div class=\"fusion-image-element \" style=\"--awb-caption-title-font-family:var(--h2_typography-font-family);--awb-caption-title-font-weight:var(--h2_typography-font-weight);--awb-caption-title-font-style:var(--h2_typography-font-style);--awb-caption-title-size:var(--h2_typography-font-size);--awb-caption-title-transform:var(--h2_typography-text-transform);--awb-caption-title-line-height:var(--h2_typography-line-height);--awb-caption-title-letter-spacing:var(--h2_typography-letter-spacing);\"><span class=\" fusion-imageframe imageframe-none imageframe-1 hover-type-none\"><img decoding=\"async\" width=\"1200\" height=\"595\" title=\"Area3-oficina-OK_pantalla\" src=\"https:\/\/megablok.com\/wp-content\/uploads\/2024\/08\/Area3-oficina-OK_pantalla.jpg\" data-orig-src=\"https:\/\/megablok.com\/wp-content\/uploads\/2024\/08\/Area3-oficina-OK_pantalla.jpg\" alt class=\"lazyload img-responsive wp-image-9299\" srcset=\"data:image\/svg+xml,%3Csvg%20xmlns%3D%27http%3A%2F%2Fwww.w3.org%2F2000%2Fsvg%27%20width%3D%271200%27%20height%3D%27595%27%20viewBox%3D%270%200%201200%20595%27%3E%3Crect%20width%3D%271200%27%20height%3D%27595%27%20fill-opacity%3D%220%22%2F%3E%3C%2Fsvg%3E\" data-srcset=\"https:\/\/megablok.com\/wp-content\/uploads\/2024\/08\/Area3-oficina-OK_pantalla-200x99.jpg 200w, https:\/\/megablok.com\/wp-content\/uploads\/2024\/08\/Area3-oficina-OK_pantalla-400x198.jpg 400w, https:\/\/megablok.com\/wp-content\/uploads\/2024\/08\/Area3-oficina-OK_pantalla-600x298.jpg 600w, https:\/\/megablok.com\/wp-content\/uploads\/2024\/08\/Area3-oficina-OK_pantalla-800x397.jpg 800w, https:\/\/megablok.com\/wp-content\/uploads\/2024\/08\/Area3-oficina-OK_pantalla.jpg 1200w\" data-sizes=\"auto\" data-orig-sizes=\"(max-width: 850px) 100vw, 1200px\" \/><\/span><\/div><\/div><\/div><\/div><\/div><div class=\"fusion-fullwidth fullwidth-box fusion-builder-row-2 fusion-flex-container has-pattern-background has-mask-background nonhundred-percent-fullwidth non-hundred-percent-height-scrolling\" style=\"--awb-border-radius-top-left:0px;--awb-border-radius-top-right:0px;--awb-border-radius-bottom-right:0px;--awb-border-radius-bottom-left:0px;--awb-background-color:#ffefef;--awb-flex-wrap:wrap;\" ><div class=\"fusion-builder-row fusion-row fusion-flex-align-items-flex-start fusion-flex-content-wrap\" style=\"max-width:1372.8px;margin-left: calc(-4% \/ 2 );margin-right: calc(-4% \/ 2 );\"><div class=\"fusion-layout-column fusion_builder_column fusion-builder-column-1 fusion_builder_column_1_1 1_1 fusion-flex-column\" style=\"--awb-bg-size:cover;--awb-width-large:100%;--awb-margin-top-large:0px;--awb-spacing-right-large:1.92%;--awb-margin-bottom-large:20px;--awb-spacing-left-large:1.92%;--awb-width-medium:100%;--awb-order-medium:0;--awb-spacing-right-medium:1.92%;--awb-spacing-left-medium:1.92%;--awb-width-small:100%;--awb-order-small:0;--awb-spacing-right-small:1.92%;--awb-spacing-left-small:1.92%;\"><div class=\"fusion-column-wrapper fusion-column-has-shadow fusion-flex-justify-content-flex-start fusion-content-layout-column\"><div class=\"fusion-text fusion-text-2\"><h3 class=\"fusion-responsive-typography-calculated\" style=\"text-align: center; --fontsize: 30; line-height: 1.3;\" data-fontsize=\"30\" data-lineheight=\"39px\">Demandez un devis personnalis\u00e9 et sans engagement pour vos bureaux<\/h3>\n<\/div><div style=\"text-align:center;\"><a class=\"fusion-button button-flat fusion-button-default-size button-default fusion-button-default button-1 fusion-button-default-span fusion-button-default-type\" target=\"_self\" href=\"\/fr\/contact_fr\/\"><i class=\"fa-share fas awb-button__icon awb-button__icon--default button-icon-left\" aria-hidden=\"true\"><\/i><span class=\"fusion-button-text awb-button__text awb-button__text--default\">CONTACT<\/span><\/a><\/div><\/div><\/div><\/div><\/div><div class=\"fusion-fullwidth fullwidth-box fusion-builder-row-3 fusion-flex-container has-pattern-background has-mask-background nonhundred-percent-fullwidth non-hundred-percent-height-scrolling\" style=\"--awb-border-radius-top-left:0px;--awb-border-radius-top-right:0px;--awb-border-radius-bottom-right:0px;--awb-border-radius-bottom-left:0px;--awb-flex-wrap:wrap;\" ><div class=\"fusion-builder-row fusion-row fusion-flex-align-items-flex-start fusion-flex-content-wrap\" style=\"max-width:1372.8px;margin-left: calc(-4% \/ 2 );margin-right: calc(-4% \/ 2 );\"><div class=\"fusion-layout-column fusion_builder_column fusion-builder-column-2 fusion_builder_column_1_1 1_1 fusion-flex-column\" style=\"--awb-bg-size:cover;--awb-width-large:100%;--awb-margin-top-large:40px;--awb-spacing-right-large:1.92%;--awb-margin-bottom-large:20px;--awb-spacing-left-large:1.92%;--awb-width-medium:100%;--awb-order-medium:0;--awb-spacing-right-medium:1.92%;--awb-spacing-left-medium:1.92%;--awb-width-small:100%;--awb-order-small:0;--awb-spacing-right-small:1.92%;--awb-spacing-left-small:1.92%;\"><div class=\"fusion-column-wrapper fusion-column-has-shadow fusion-flex-justify-content-flex-start fusion-content-layout-column\"><div class=\"fusion-text fusion-text-3\"><h3 class=\"fusion-responsive-typography-calculated\" style=\"--fontsize: 30; line-height: 1.3;\" data-fontsize=\"30\" data-lineheight=\"39px\">Megablok, expert en \u00e9quipement de bureau<\/h3>\n<p><b style=\"color: var(--awb-color4);\">Megablok <\/b>s&rsquo;est rapidement adapt\u00e9 \u00e0 ce changement en proposant diff\u00e9rentes solutions pour les bureaux, les <b>espaces de coworking <\/b>et votre bureau \u00e0 domicile. Pour cr\u00e9er un bon espace de travail dans les bureaux, il est essentiel d&rsquo;avoir une bonne organisation et de ranger tous les objets dans des casiers, des \u00e9tag\u00e8res, des armoires ou des casiers, et de maintenir ainsi l&rsquo;ordre dans la pi\u00e8ce.<\/p>\n<p>Afin de maintenir cet ordre et d&rsquo;obtenir <b>un espace agr\u00e9able et esth\u00e9tique,<\/b> Megablok vous offre la possibilit\u00e9 d&rsquo;acheter des \u00e9l\u00e9ments tels que des armoires m\u00e9talliques directement aupr\u00e8s du fabricant, qui vous permettront de ranger tout type d&rsquo;objets, tels que du mat\u00e9riel informatique, des dossiers avec des documents ou du mat\u00e9riel de bureau. Les armoires m\u00e9talliques vous aident \u00e0 maintenir l&rsquo;espace organis\u00e9 et propre, tout en vous aidant \u00e0<b> trouver les outils<\/b> dont vous avez besoin pour effectuer votre travail.<\/p>\n<p>Mais chez Megablok, nous ne voulions pas nous arr\u00eater l\u00e0. Nous sommes all\u00e9s plus loin, en concevant et en d\u00e9veloppant des solutions pour les nouveaux besoins que vous ou de nouveaux clients pourraient avoir. Nous avons ainsi cr\u00e9\u00e9 des \u00e9quipements technologiques tels que la<b> Charging Box<\/b> (casiers pour recharger les t\u00e9l\u00e9phones portables ou les tablettes) ou des solutions innovantes telles que le <b>Community Locker <\/b>(casier intelligent pour la r\u00e9ception ou la livraison de colis).<\/p>\n<\/div><\/div><\/div><div class=\"fusion-layout-column fusion_builder_column fusion-builder-column-3 fusion_builder_column_1_1 1_1 fusion-flex-column\" style=\"--awb-bg-size:cover;--awb-width-large:100%;--awb-margin-top-large:0px;--awb-spacing-right-large:1.92%;--awb-margin-bottom-large:20px;--awb-spacing-left-large:1.92%;--awb-width-medium:100%;--awb-order-medium:0;--awb-spacing-right-medium:1.92%;--awb-spacing-left-medium:1.92%;--awb-width-small:100%;--awb-order-small:0;--awb-spacing-right-small:1.92%;--awb-spacing-left-small:1.92%;\"><div class=\"fusion-column-wrapper fusion-column-has-shadow fusion-flex-justify-content-flex-start fusion-content-layout-column\"><div class=\"fusion-text fusion-text-4\"><h3 style=\"text-align: center;\"><b><span style=\"color: var(--awb-color4);\">Les avantages que Megablok apporte <\/span><span style=\"font-family: var(--awb-text-font-family); font-size: var(--awb-font-size); font-style: var(--awb-text-font-style); letter-spacing: var(--awb-letter-spacing); text-align: var(--awb-content-alignment); text-transform: var(--awb-text-transform); background-color: var(--awb-bg-color-hover); color: var(--awb-color4);\">au secteur de la sant\u00e9<\/span><\/b><\/h3>\n<\/div><div class=\"awb-circles-info icons-on-outer-circle has-box-shadow\" style=\"--awb-icon-circle-color:var(--awb-color4);--awb-icon-circle-size:6px;--awb-content-circle-color:var(--awb-color4);--awb-content-padding:16px;--awb-icon-size:42px;--awb-icon-border-size:2px;--awb-title-font-size:30px;--awb-title-color:var(--awb-color4);--awb-content-font-size:25px;--awb-gradient-start-position:0%;--awb-gradient-end-position:100%;--awb-linear-angle:180deg;--awb-radial-direction:circle at center center;--awb-content-circle-border-style:dashed;\" data-activation-type=\"mouseover\"><div class=\"awb-circles-info-wrapper\"><div class=\"awb-circles-info-icons-wrapper\"><div class=\"awb-circles-info-tab-link\" data-id=\"1\"><span><i class=\"fa-thumbs-up fas\"><\/i><\/span><\/div><div class=\"awb-circles-info-tab-link\" data-id=\"2\"><span><i class=\"fa-leaf fas\"><\/i><\/span><\/div><div class=\"awb-circles-info-tab-link\" data-id=\"3\"><span><i class=\"fa-battery-three-quarters fas\"><\/i><\/span><\/div><\/div><div class=\"awb-circles-info-content-wrapper\"><div class=\"awb-circle-info awb-circles-info-content-area awb-circle-info-1\" data-id=\"1\"><div class=\"awb-circles-info-title\">Image<\/div><div class=\"awb-circles-info-text\">Nous proposons des solutions avec une conception soign\u00e9e jusque dans les moindres d\u00e9tails pour donner une touche personnalis\u00e9e \u00e0 votre bureau.<\/div><\/div><div class=\"awb-circle-info awb-circles-info-content-area awb-circle-info-2\" data-id=\"2\"><div class=\"awb-circles-info-title\">Durabilit\u00e9<\/div><div class=\"awb-circles-info-text\">Nous travaillons avec du bois d'origine certifi\u00e9e et durable, avec du m\u00e9tal recyclable. Conception \u00e9cologique de nos produits. <\/div><\/div><div class=\"awb-circle-info awb-circles-info-content-area awb-circle-info-3\" data-id=\"3\"><div class=\"awb-circles-info-title\">Connectivit\u00e9<\/div><div class=\"awb-circles-info-text\">Solutions de connectivit\u00e9 pour les clients ou les employ\u00e9s. Nous avons des produits qui permettent de recharger les appareils mobiles. <\/div><\/div><\/div><\/div><\/div><\/div><\/div><\/div><\/div><\/p>\n","protected":false},"excerpt":{"rendered":"","protected":false},"author":1,"featured_media":0,"parent":0,"menu_order":0,"comment_status":"closed","ping_status":"closed","template":"100-width.php","meta":{"_joinchat":[],"footnotes":""},"class_list":["post-25383","page","type-page","status-publish","hentry"],"yoast_head":"<!-- This site is optimized with the Yoast SEO plugin v27.6 - https:\/\/yoast.com\/product\/yoast-seo-wordpress\/ -->\n<title>Solutions pour le secteur des bureaux - Megablok<\/title>\n<meta name=\"description\" content=\"Nous sommes experts en \u00e9quipements pour le secteur des bureaux. Vestiaires, casiers et open spaces pour des espaces s\u00e9curis\u00e9s et connect\u00e9s dans les entreprises.\" \/>\n<meta name=\"robots\" content=\"index, follow, max-snippet:-1, max-image-preview:large, max-video-preview:-1\" \/>\n<link rel=\"canonical\" href=\"https:\/\/megablok.com\/fr\/solutions-pour-le-secteur-des-bureaux\/\" \/>\n<meta property=\"og:locale\" content=\"fr_FR\" \/>\n<meta property=\"og:type\" content=\"article\" \/>\n<meta property=\"og:title\" content=\"Solutions pour le secteur des bureaux - Megablok\" \/>\n<meta property=\"og:description\" content=\"Nous sommes experts en \u00e9quipements pour le secteur des bureaux. Vestiaires, casiers et open spaces pour des espaces s\u00e9curis\u00e9s et connect\u00e9s dans les entreprises.\" \/>\n<meta property=\"og:url\" content=\"https:\/\/megablok.com\/fr\/solutions-pour-le-secteur-des-bureaux\/\" \/>\n<meta property=\"og:site_name\" content=\"Megablok\" \/>\n<meta property=\"article:modified_time\" content=\"2026-04-08T10:21:56+00:00\" \/>\n<meta name=\"twitter:card\" content=\"summary_large_image\" \/>\n<meta name=\"twitter:label1\" content=\"Dur\u00e9e de lecture estim\u00e9e\" \/>\n\t<meta name=\"twitter:data1\" content=\"4 minutes\" \/>\n<script type=\"application\/ld+json\" class=\"yoast-schema-graph\">{\"@context\":\"https:\\\/\\\/schema.org\",\"@graph\":[{\"@type\":\"WebPage\",\"@id\":\"https:\\\/\\\/megablok.com\\\/fr\\\/solutions-pour-le-secteur-des-bureaux\\\/\",\"url\":\"https:\\\/\\\/megablok.com\\\/fr\\\/solutions-pour-le-secteur-des-bureaux\\\/\",\"name\":\"Solutions pour le secteur des bureaux - Megablok\",\"isPartOf\":{\"@id\":\"https:\\\/\\\/megablok.com\\\/fr\\\/#website\"},\"datePublished\":\"2024-08-23T11:36:05+00:00\",\"dateModified\":\"2026-04-08T10:21:56+00:00\",\"description\":\"Nous sommes experts en \u00e9quipements pour le secteur des bureaux. Vestiaires, casiers et open spaces pour des espaces s\u00e9curis\u00e9s et connect\u00e9s dans les entreprises.\",\"breadcrumb\":{\"@id\":\"https:\\\/\\\/megablok.com\\\/fr\\\/solutions-pour-le-secteur-des-bureaux\\\/#breadcrumb\"},\"inLanguage\":\"fr-FR\",\"potentialAction\":[{\"@type\":\"ReadAction\",\"target\":[\"https:\\\/\\\/megablok.com\\\/fr\\\/solutions-pour-le-secteur-des-bureaux\\\/\"]}]},{\"@type\":\"BreadcrumbList\",\"@id\":\"https:\\\/\\\/megablok.com\\\/fr\\\/solutions-pour-le-secteur-des-bureaux\\\/#breadcrumb\",\"itemListElement\":[{\"@type\":\"ListItem\",\"position\":1,\"name\":\"Portada\",\"item\":\"https:\\\/\\\/megablok.com\\\/fr\\\/\"},{\"@type\":\"ListItem\",\"position\":2,\"name\":\"Solutions pour le secteur des bureaux\"}]},{\"@type\":\"WebSite\",\"@id\":\"https:\\\/\\\/megablok.com\\\/fr\\\/#website\",\"url\":\"https:\\\/\\\/megablok.com\\\/fr\\\/\",\"name\":\"Megablok\",\"description\":\"Taquillas para vestuarios de empresas y organizaciones\",\"publisher\":{\"@id\":\"https:\\\/\\\/megablok.com\\\/fr\\\/#organization\"},\"potentialAction\":[{\"@type\":\"SearchAction\",\"target\":{\"@type\":\"EntryPoint\",\"urlTemplate\":\"https:\\\/\\\/megablok.com\\\/fr\\\/?s={search_term_string}\"},\"query-input\":{\"@type\":\"PropertyValueSpecification\",\"valueRequired\":true,\"valueName\":\"search_term_string\"}}],\"inLanguage\":\"fr-FR\"},{\"@type\":\"Organization\",\"@id\":\"https:\\\/\\\/megablok.com\\\/fr\\\/#organization\",\"name\":\"Megablok\",\"url\":\"https:\\\/\\\/megablok.com\\\/fr\\\/\",\"logo\":{\"@type\":\"ImageObject\",\"inLanguage\":\"fr-FR\",\"@id\":\"https:\\\/\\\/megablok.com\\\/fr\\\/#\\\/schema\\\/logo\\\/image\\\/\",\"url\":\"https:\\\/\\\/megablok.com\\\/wp-content\\\/uploads\\\/2024\\\/08\\\/270.png\",\"contentUrl\":\"https:\\\/\\\/megablok.com\\\/wp-content\\\/uploads\\\/2024\\\/08\\\/270.png\",\"width\":270,\"height\":270,\"caption\":\"Megablok\"},\"image\":{\"@id\":\"https:\\\/\\\/megablok.com\\\/fr\\\/#\\\/schema\\\/logo\\\/image\\\/\"},\"sameAs\":[\"https:\\\/\\\/www.linkedin.com\\\/company\\\/megablok-s.a.\\\/\",\"https:\\\/\\\/www.instagram.com\\\/megabloksa\\\/\"]}]}<\/script>\n<!-- \/ Yoast SEO plugin. -->","yoast_head_json":{"title":"Solutions pour le secteur des bureaux - Megablok","description":"Nous sommes experts en \u00e9quipements pour le secteur des bureaux. Vestiaires, casiers et open spaces pour des espaces s\u00e9curis\u00e9s et connect\u00e9s dans les entreprises.","robots":{"index":"index","follow":"follow","max-snippet":"max-snippet:-1","max-image-preview":"max-image-preview:large","max-video-preview":"max-video-preview:-1"},"canonical":"https:\/\/megablok.com\/fr\/solutions-pour-le-secteur-des-bureaux\/","og_locale":"fr_FR","og_type":"article","og_title":"Solutions pour le secteur des bureaux - Megablok","og_description":"Nous sommes experts en \u00e9quipements pour le secteur des bureaux. Vestiaires, casiers et open spaces pour des espaces s\u00e9curis\u00e9s et connect\u00e9s dans les entreprises.","og_url":"https:\/\/megablok.com\/fr\/solutions-pour-le-secteur-des-bureaux\/","og_site_name":"Megablok","article_modified_time":"2026-04-08T10:21:56+00:00","twitter_card":"summary_large_image","twitter_misc":{"Dur\u00e9e de lecture estim\u00e9e":"4 minutes"},"schema":{"@context":"https:\/\/schema.org","@graph":[{"@type":"WebPage","@id":"https:\/\/megablok.com\/fr\/solutions-pour-le-secteur-des-bureaux\/","url":"https:\/\/megablok.com\/fr\/solutions-pour-le-secteur-des-bureaux\/","name":"Solutions pour le secteur des bureaux - Megablok","isPartOf":{"@id":"https:\/\/megablok.com\/fr\/#website"},"datePublished":"2024-08-23T11:36:05+00:00","dateModified":"2026-04-08T10:21:56+00:00","description":"Nous sommes experts en \u00e9quipements pour le secteur des bureaux. Vestiaires, casiers et open spaces pour des espaces s\u00e9curis\u00e9s et connect\u00e9s dans les entreprises.","breadcrumb":{"@id":"https:\/\/megablok.com\/fr\/solutions-pour-le-secteur-des-bureaux\/#breadcrumb"},"inLanguage":"fr-FR","potentialAction":[{"@type":"ReadAction","target":["https:\/\/megablok.com\/fr\/solutions-pour-le-secteur-des-bureaux\/"]}]},{"@type":"BreadcrumbList","@id":"https:\/\/megablok.com\/fr\/solutions-pour-le-secteur-des-bureaux\/#breadcrumb","itemListElement":[{"@type":"ListItem","position":1,"name":"Portada","item":"https:\/\/megablok.com\/fr\/"},{"@type":"ListItem","position":2,"name":"Solutions pour le secteur des bureaux"}]},{"@type":"WebSite","@id":"https:\/\/megablok.com\/fr\/#website","url":"https:\/\/megablok.com\/fr\/","name":"Megablok","description":"Taquillas para vestuarios de empresas y organizaciones","publisher":{"@id":"https:\/\/megablok.com\/fr\/#organization"},"potentialAction":[{"@type":"SearchAction","target":{"@type":"EntryPoint","urlTemplate":"https:\/\/megablok.com\/fr\/?s={search_term_string}"},"query-input":{"@type":"PropertyValueSpecification","valueRequired":true,"valueName":"search_term_string"}}],"inLanguage":"fr-FR"},{"@type":"Organization","@id":"https:\/\/megablok.com\/fr\/#organization","name":"Megablok","url":"https:\/\/megablok.com\/fr\/","logo":{"@type":"ImageObject","inLanguage":"fr-FR","@id":"https:\/\/megablok.com\/fr\/#\/schema\/logo\/image\/","url":"https:\/\/megablok.com\/wp-content\/uploads\/2024\/08\/270.png","contentUrl":"https:\/\/megablok.com\/wp-content\/uploads\/2024\/08\/270.png","width":270,"height":270,"caption":"Megablok"},"image":{"@id":"https:\/\/megablok.com\/fr\/#\/schema\/logo\/image\/"},"sameAs":["https:\/\/www.linkedin.com\/company\/megablok-s.a.\/","https:\/\/www.instagram.com\/megabloksa\/"]}]}},"jetpack_sharing_enabled":true,"_links":{"self":[{"href":"https:\/\/megablok.com\/fr\/wp-json\/wp\/v2\/pages\/25383","targetHints":{"allow":["GET"]}}],"collection":[{"href":"https:\/\/megablok.com\/fr\/wp-json\/wp\/v2\/pages"}],"about":[{"href":"https:\/\/megablok.com\/fr\/wp-json\/wp\/v2\/types\/page"}],"author":[{"embeddable":true,"href":"https:\/\/megablok.com\/fr\/wp-json\/wp\/v2\/users\/1"}],"replies":[{"embeddable":true,"href":"https:\/\/megablok.com\/fr\/wp-json\/wp\/v2\/comments?post=25383"}],"version-history":[{"count":5,"href":"https:\/\/megablok.com\/fr\/wp-json\/wp\/v2\/pages\/25383\/revisions"}],"predecessor-version":[{"id":32366,"href":"https:\/\/megablok.com\/fr\/wp-json\/wp\/v2\/pages\/25383\/revisions\/32366"}],"wp:attachment":[{"href":"https:\/\/megablok.com\/fr\/wp-json\/wp\/v2\/media?parent=25383"}],"curies":[{"name":"wp","href":"https:\/\/api.w.org\/{rel}","templated":true}]}}