{"id":26428,"date":"2024-09-16T12:43:42","date_gmt":"2024-09-16T12:43:42","guid":{"rendered":"https:\/\/megdev01.com\/conteneurs-metalliques\/"},"modified":"2026-04-30T14:48:38","modified_gmt":"2026-04-30T14:48:38","slug":"consignes-metalliques","status":"publish","type":"page","link":"https:\/\/megablok.com\/fr\/consignes-metalliques\/","title":{"rendered":"Consignes m\u00e9talliques"},"content":{"rendered":"<p><div class=\"fusion-fullwidth fullwidth-box fusion-builder-row-1 fusion-flex-container has-pattern-background has-mask-background nonhundred-percent-fullwidth non-hundred-percent-height-scrolling\" style=\"--awb-border-radius-top-left:0px;--awb-border-radius-top-right:0px;--awb-border-radius-bottom-right:0px;--awb-border-radius-bottom-left:0px;--awb-flex-wrap:wrap;\" ><div class=\"fusion-builder-row fusion-row fusion-flex-align-items-flex-start fusion-flex-content-wrap\" style=\"max-width:1372.8px;margin-left: calc(-4% \/ 2 );margin-right: calc(-4% \/ 2 );\"><div class=\"fusion-layout-column fusion_builder_column fusion-builder-column-0 fusion_builder_column_1_2 1_2 fusion-flex-column\" style=\"--awb-bg-size:cover;--awb-width-large:50%;--awb-margin-top-large:0px;--awb-spacing-right-large:3.84%;--awb-margin-bottom-large:20px;--awb-spacing-left-large:3.84%;--awb-width-medium:50%;--awb-order-medium:0;--awb-spacing-right-medium:3.84%;--awb-spacing-left-medium:3.84%;--awb-width-small:100%;--awb-order-small:0;--awb-spacing-right-small:1.92%;--awb-spacing-left-small:1.92%;\"><div class=\"fusion-column-wrapper fusion-column-has-shadow fusion-flex-justify-content-flex-start fusion-content-layout-column\"><div class=\"fusion-image-element \" style=\"--awb-caption-title-color:var(--awb-color8);--awb-caption-text-color:var(--awb-color8);--awb-caption-border-color:var(--awb-color4);--awb-caption-overlay-color:var(--awb-color1);--awb-caption-title-font-family:&quot;Montserrat&quot;;--awb-caption-title-font-weight:700;--awb-caption-title-font-style:italic;--awb-caption-title-size:var(--h3_typography-font-size);--awb-caption-title-transform:var(--h3_typography-text-transform);--awb-caption-title-line-height:var(--h3_typography-line-height);--awb-caption-title-letter-spacing:var(--h3_typography-letter-spacing);\"><span class=\" fusion-imageframe imageframe-none imageframe-1 awb-imageframe-style awb-imageframe-style-dario\"><a class=\"fusion-no-lightbox\" href=\"\/fr\/consignes-serie-pro\/\" target=\"_self\" aria-label=\"consignas-pro\"><img decoding=\"async\" width=\"600\" height=\"450\" alt=\"consignas pro\" src=\"https:\/\/megablok.com\/wp-content\/uploads\/2026\/03\/consignas-pro.jpg\" data-orig-src=\"https:\/\/megablok.com\/wp-content\/uploads\/2026\/03\/consignas-pro.jpg\" class=\"lazyload img-responsive wp-image-28825\" srcset=\"data:image\/svg+xml,%3Csvg%20xmlns%3D%27http%3A%2F%2Fwww.w3.org%2F2000%2Fsvg%27%20width%3D%27600%27%20height%3D%27450%27%20viewBox%3D%270%200%20600%20450%27%3E%3Crect%20width%3D%27600%27%20height%3D%27450%27%20fill-opacity%3D%220%22%2F%3E%3C%2Fsvg%3E\" data-srcset=\"https:\/\/megablok.com\/wp-content\/uploads\/2026\/03\/consignas-pro-200x150.jpg 200w, https:\/\/megablok.com\/wp-content\/uploads\/2026\/03\/consignas-pro-400x300.jpg 400w, https:\/\/megablok.com\/wp-content\/uploads\/2026\/03\/consignas-pro.jpg 600w\" data-sizes=\"auto\" data-orig-sizes=\"(max-width: 850px) 100vw, 600px\" \/><div class=\"awb-imageframe-caption-container\"><div class=\"awb-imageframe-caption\"><h3 class=\"awb-imageframe-caption-title\">S\u00e9rie PRO<\/h3><p class=\"awb-imageframe-caption-text\">Stockage collectif s\u00e9curis\u00e9 et r\u00e9sistant.<\/p><\/div><\/div><\/a><\/span><\/div><\/div><\/div><div class=\"fusion-layout-column fusion_builder_column fusion-builder-column-1 fusion_builder_column_1_2 1_2 fusion-flex-column\" style=\"--awb-bg-size:cover;--awb-width-large:50%;--awb-margin-top-large:0px;--awb-spacing-right-large:3.84%;--awb-margin-bottom-large:20px;--awb-spacing-left-large:3.84%;--awb-width-medium:50%;--awb-order-medium:0;--awb-spacing-right-medium:3.84%;--awb-spacing-left-medium:3.84%;--awb-width-small:100%;--awb-order-small:0;--awb-spacing-right-small:1.92%;--awb-spacing-left-small:1.92%;\"><div class=\"fusion-column-wrapper fusion-column-has-shadow fusion-flex-justify-content-flex-start fusion-content-layout-column\"><div class=\"fusion-image-element \" style=\"--awb-caption-title-color:var(--awb-color8);--awb-caption-text-color:var(--awb-color8);--awb-caption-border-color:var(--awb-color4);--awb-caption-overlay-color:var(--awb-color1);--awb-caption-title-font-family:&quot;Montserrat&quot;;--awb-caption-title-font-weight:700;--awb-caption-title-font-style:italic;--awb-caption-title-size:var(--h3_typography-font-size);--awb-caption-title-transform:var(--h3_typography-text-transform);--awb-caption-title-line-height:var(--h3_typography-line-height);--awb-caption-title-letter-spacing:var(--h3_typography-letter-spacing);\"><span class=\" fusion-imageframe imageframe-none imageframe-2 awb-imageframe-style awb-imageframe-style-dario\"><a class=\"fusion-no-lightbox\" href=\"\/fr\/serie-de-cadres-damarrage\/\" target=\"_self\" aria-label=\"marco-amarre\"><img decoding=\"async\" width=\"600\" height=\"450\" alt=\"marco amarre\" src=\"https:\/\/megablok.com\/wp-content\/uploads\/2026\/03\/marco-amarre.jpg\" data-orig-src=\"https:\/\/megablok.com\/wp-content\/uploads\/2026\/03\/marco-amarre.jpg\" class=\"lazyload img-responsive wp-image-28833\" srcset=\"data:image\/svg+xml,%3Csvg%20xmlns%3D%27http%3A%2F%2Fwww.w3.org%2F2000%2Fsvg%27%20width%3D%27600%27%20height%3D%27450%27%20viewBox%3D%270%200%20600%20450%27%3E%3Crect%20width%3D%27600%27%20height%3D%27450%27%20fill-opacity%3D%220%22%2F%3E%3C%2Fsvg%3E\" data-srcset=\"https:\/\/megablok.com\/wp-content\/uploads\/2026\/03\/marco-amarre-200x150.jpg 200w, https:\/\/megablok.com\/wp-content\/uploads\/2026\/03\/marco-amarre-400x300.jpg 400w, https:\/\/megablok.com\/wp-content\/uploads\/2026\/03\/marco-amarre.jpg 600w\" data-sizes=\"auto\" data-orig-sizes=\"(max-width: 850px) 100vw, 600px\" \/><div class=\"awb-imageframe-caption-container\"><div class=\"awb-imageframe-caption\"><h3 class=\"awb-imageframe-caption-title\">S\u00e9rie marco amarre<\/h3><p class=\"awb-imageframe-caption-text\">S\u00e9curit\u00e9 maximale avec syst\u00e8me d\u2019attache.<\/p><\/div><\/div><\/a><\/span><\/div><\/div><\/div><div class=\"fusion-layout-column fusion_builder_column fusion-builder-column-2 fusion_builder_column_1_2 1_2 fusion-flex-column\" style=\"--awb-bg-size:cover;--awb-width-large:50%;--awb-margin-top-large:0px;--awb-spacing-right-large:3.84%;--awb-margin-bottom-large:20px;--awb-spacing-left-large:3.84%;--awb-width-medium:50%;--awb-order-medium:0;--awb-spacing-right-medium:3.84%;--awb-spacing-left-medium:3.84%;--awb-width-small:100%;--awb-order-small:0;--awb-spacing-right-small:1.92%;--awb-spacing-left-small:1.92%;\"><div class=\"fusion-column-wrapper fusion-column-has-shadow fusion-flex-justify-content-flex-start fusion-content-layout-column\"><div class=\"fusion-image-element \" style=\"--awb-caption-title-color:var(--awb-color8);--awb-caption-text-color:var(--awb-color8);--awb-caption-border-color:var(--awb-color4);--awb-caption-overlay-color:var(--awb-color1);--awb-caption-title-font-family:&quot;Montserrat&quot;;--awb-caption-title-font-weight:700;--awb-caption-title-font-style:italic;--awb-caption-title-size:var(--h3_typography-font-size);--awb-caption-title-transform:var(--h3_typography-text-transform);--awb-caption-title-line-height:var(--h3_typography-line-height);--awb-caption-title-letter-spacing:var(--h3_typography-letter-spacing);\"><span class=\" fusion-imageframe imageframe-none imageframe-3 awb-imageframe-style awb-imageframe-style-dario\"><a class=\"fusion-no-lightbox\" href=\"\/fr\/consignes-serie-golf\/\" target=\"_self\" aria-label=\"consignas-golf\"><img decoding=\"async\" width=\"600\" height=\"450\" alt=\"serie golf\" src=\"https:\/\/megablok.com\/wp-content\/uploads\/2026\/03\/consignas-golf.jpg\" data-orig-src=\"https:\/\/megablok.com\/wp-content\/uploads\/2026\/03\/consignas-golf.jpg\" class=\"lazyload img-responsive wp-image-28821\" srcset=\"data:image\/svg+xml,%3Csvg%20xmlns%3D%27http%3A%2F%2Fwww.w3.org%2F2000%2Fsvg%27%20width%3D%27600%27%20height%3D%27450%27%20viewBox%3D%270%200%20600%20450%27%3E%3Crect%20width%3D%27600%27%20height%3D%27450%27%20fill-opacity%3D%220%22%2F%3E%3C%2Fsvg%3E\" data-srcset=\"https:\/\/megablok.com\/wp-content\/uploads\/2026\/03\/consignas-golf-200x150.jpg 200w, https:\/\/megablok.com\/wp-content\/uploads\/2026\/03\/consignas-golf-400x300.jpg 400w, https:\/\/megablok.com\/wp-content\/uploads\/2026\/03\/consignas-golf.jpg 600w\" data-sizes=\"auto\" data-orig-sizes=\"(max-width: 850px) 100vw, 600px\" \/><div class=\"awb-imageframe-caption-container\"><div class=\"awb-imageframe-caption\"><h3 class=\"awb-imageframe-caption-title\">S\u00e9rie golf<\/h3><p class=\"awb-imageframe-caption-text\">Stockage s\u00e9curis\u00e9 pour \u00e9quipement de golf.<\/p><\/div><\/div><\/a><\/span><\/div><\/div><\/div><div class=\"fusion-layout-column fusion_builder_column fusion-builder-column-3 fusion_builder_column_1_2 1_2 fusion-flex-column\" style=\"--awb-bg-size:cover;--awb-width-large:50%;--awb-margin-top-large:0px;--awb-spacing-right-large:3.84%;--awb-margin-bottom-large:20px;--awb-spacing-left-large:3.84%;--awb-width-medium:50%;--awb-order-medium:0;--awb-spacing-right-medium:3.84%;--awb-spacing-left-medium:3.84%;--awb-width-small:100%;--awb-order-small:0;--awb-spacing-right-small:1.92%;--awb-spacing-left-small:1.92%;\"><div class=\"fusion-column-wrapper fusion-column-has-shadow fusion-flex-justify-content-flex-start fusion-content-layout-column\"><div class=\"fusion-image-element \" style=\"--awb-caption-title-color:var(--awb-color8);--awb-caption-text-color:var(--awb-color8);--awb-caption-border-color:var(--awb-color4);--awb-caption-overlay-color:var(--awb-color1);--awb-caption-title-font-family:&quot;Montserrat&quot;;--awb-caption-title-font-weight:700;--awb-caption-title-font-style:italic;--awb-caption-title-size:var(--h3_typography-font-size);--awb-caption-title-transform:var(--h3_typography-text-transform);--awb-caption-title-line-height:var(--h3_typography-line-height);--awb-caption-title-letter-spacing:var(--h3_typography-letter-spacing);\"><span class=\" fusion-imageframe imageframe-none imageframe-4 awb-imageframe-style awb-imageframe-style-dario\"><a class=\"fusion-no-lightbox\" href=\"\/fr\/consignes-serie-bagages\/\" target=\"_self\" aria-label=\"consignas-maletas\"><img decoding=\"async\" width=\"600\" height=\"450\" alt=\"serie maletas\" src=\"https:\/\/megablok.com\/wp-content\/uploads\/2026\/03\/consignas-maletas.jpg\" data-orig-src=\"https:\/\/megablok.com\/wp-content\/uploads\/2026\/03\/consignas-maletas.jpg\" class=\"lazyload img-responsive wp-image-28829\" srcset=\"data:image\/svg+xml,%3Csvg%20xmlns%3D%27http%3A%2F%2Fwww.w3.org%2F2000%2Fsvg%27%20width%3D%27600%27%20height%3D%27450%27%20viewBox%3D%270%200%20600%20450%27%3E%3Crect%20width%3D%27600%27%20height%3D%27450%27%20fill-opacity%3D%220%22%2F%3E%3C%2Fsvg%3E\" data-srcset=\"https:\/\/megablok.com\/wp-content\/uploads\/2026\/03\/consignas-maletas-200x150.jpg 200w, https:\/\/megablok.com\/wp-content\/uploads\/2026\/03\/consignas-maletas-400x300.jpg 400w, https:\/\/megablok.com\/wp-content\/uploads\/2026\/03\/consignas-maletas.jpg 600w\" data-sizes=\"auto\" data-orig-sizes=\"(max-width: 850px) 100vw, 600px\" \/><div class=\"awb-imageframe-caption-container\"><div class=\"awb-imageframe-caption\"><h3 class=\"awb-imageframe-caption-title\">S\u00e9rie valises<\/h3><p class=\"awb-imageframe-caption-text\">Solution s\u00e9curis\u00e9e pour le stockage des bagages.<\/p><\/div><\/div><\/a><\/span><\/div><\/div><\/div><div class=\"fusion-layout-column fusion_builder_column fusion-builder-column-4 fusion_builder_column_1_2 1_2 fusion-flex-column\" style=\"--awb-bg-size:cover;--awb-width-large:50%;--awb-margin-top-large:0px;--awb-spacing-right-large:3.84%;--awb-margin-bottom-large:20px;--awb-spacing-left-large:3.84%;--awb-width-medium:50%;--awb-order-medium:0;--awb-spacing-right-medium:3.84%;--awb-spacing-left-medium:3.84%;--awb-width-small:100%;--awb-order-small:0;--awb-spacing-right-small:1.92%;--awb-spacing-left-small:1.92%;\"><div class=\"fusion-column-wrapper fusion-column-has-shadow fusion-flex-justify-content-flex-start fusion-content-layout-column\"><div class=\"fusion-image-element \" style=\"--awb-caption-title-color:var(--awb-color8);--awb-caption-text-color:var(--awb-color8);--awb-caption-border-color:var(--awb-color4);--awb-caption-overlay-color:var(--awb-color1);--awb-caption-title-font-family:&quot;Montserrat&quot;;--awb-caption-title-font-weight:700;--awb-caption-title-font-style:italic;--awb-caption-title-size:var(--h3_typography-font-size);--awb-caption-title-transform:var(--h3_typography-text-transform);--awb-caption-title-line-height:var(--h3_typography-line-height);--awb-caption-title-letter-spacing:var(--h3_typography-letter-spacing);\"><span class=\" fusion-imageframe imageframe-none imageframe-5 awb-imageframe-style awb-imageframe-style-dario\"><a class=\"fusion-no-lightbox\" href=\"\/fr\/serie-cb-fr\/\" target=\"_self\" aria-label=\"consignas-cb\"><img decoding=\"async\" width=\"600\" height=\"450\" alt=\"serie cb\" src=\"https:\/\/megablok.com\/wp-content\/uploads\/2026\/03\/consignas-cb.jpg\" data-orig-src=\"https:\/\/megablok.com\/wp-content\/uploads\/2026\/03\/consignas-cb.jpg\" class=\"lazyload img-responsive wp-image-28837\" srcset=\"data:image\/svg+xml,%3Csvg%20xmlns%3D%27http%3A%2F%2Fwww.w3.org%2F2000%2Fsvg%27%20width%3D%27600%27%20height%3D%27450%27%20viewBox%3D%270%200%20600%20450%27%3E%3Crect%20width%3D%27600%27%20height%3D%27450%27%20fill-opacity%3D%220%22%2F%3E%3C%2Fsvg%3E\" data-srcset=\"https:\/\/megablok.com\/wp-content\/uploads\/2026\/03\/consignas-cb-200x150.jpg 200w, https:\/\/megablok.com\/wp-content\/uploads\/2026\/03\/consignas-cb-400x300.jpg 400w, https:\/\/megablok.com\/wp-content\/uploads\/2026\/03\/consignas-cb.jpg 600w\" data-sizes=\"auto\" data-orig-sizes=\"(max-width: 850px) 100vw, 600px\" \/><div class=\"awb-imageframe-caption-container\"><div class=\"awb-imageframe-caption\"><h3 class=\"awb-imageframe-caption-title\">S\u00e9rie CB<\/h3><p class=\"awb-imageframe-caption-text\">Stockage personnel compact et polyvalent.<\/p><\/div><\/div><\/a><\/span><\/div><\/div><\/div><\/div><\/div><div class=\"fusion-fullwidth fullwidth-box fusion-builder-row-2 fusion-flex-container has-pattern-background has-mask-background nonhundred-percent-fullwidth non-hundred-percent-height-scrolling\" style=\"--awb-border-radius-top-left:0px;--awb-border-radius-top-right:0px;--awb-border-radius-bottom-right:0px;--awb-border-radius-bottom-left:0px;--awb-background-color:#ffefef;--awb-flex-wrap:wrap;\" ><div class=\"fusion-builder-row fusion-row fusion-flex-align-items-flex-start fusion-flex-content-wrap\" style=\"max-width:1372.8px;margin-left: calc(-4% \/ 2 );margin-right: calc(-4% \/ 2 );\"><div class=\"fusion-layout-column fusion_builder_column fusion-builder-column-5 fusion_builder_column_1_1 1_1 fusion-flex-column\" style=\"--awb-bg-size:cover;--awb-width-large:100%;--awb-margin-top-large:0px;--awb-spacing-right-large:1.92%;--awb-margin-bottom-large:20px;--awb-spacing-left-large:1.92%;--awb-width-medium:100%;--awb-order-medium:0;--awb-spacing-right-medium:1.92%;--awb-spacing-left-medium:1.92%;--awb-width-small:100%;--awb-order-small:0;--awb-spacing-right-small:1.92%;--awb-spacing-left-small:1.92%;\"><div class=\"fusion-column-wrapper fusion-column-has-shadow fusion-flex-justify-content-flex-start fusion-content-layout-column\"><div class=\"fusion-separator fusion-full-width-sep\" style=\"align-self: center;margin-left: auto;margin-right: auto;margin-bottom:10px;width:100%;\"><\/div><div class=\"fusion-text fusion-text-1\"><p style=\"text-align: center;\"><strong style=\"font-size: 20px;\" data-fusion-font=\"true\">Acc\u00e9dez aux images de certaines de nos installations r\u00e9alis\u00e9es :<\/strong><\/p>\n<\/div><div style=\"text-align:center;\"><a class=\"fusion-button button-flat fusion-button-default-size button-default fusion-button-default button-1 fusion-button-default-span fusion-button-default-type\" target=\"_self\" href=\"\/fr\/leaders-equipement-vestiaires\/\"><span class=\"fusion-button-text awb-button__text awb-button__text--default\">VOIR LES IMAGES<\/span><\/a><\/div><\/div><\/div><\/div><\/div><div class=\"fusion-fullwidth fullwidth-box fusion-builder-row-3 fusion-flex-container has-pattern-background has-mask-background nonhundred-percent-fullwidth non-hundred-percent-height-scrolling\" style=\"--awb-border-radius-top-left:0px;--awb-border-radius-top-right:0px;--awb-border-radius-bottom-right:0px;--awb-border-radius-bottom-left:0px;--awb-flex-wrap:wrap;\" ><div class=\"fusion-builder-row fusion-row fusion-flex-align-items-flex-start fusion-flex-content-wrap\" style=\"max-width:1372.8px;margin-left: calc(-4% \/ 2 );margin-right: calc(-4% \/ 2 );\"><div class=\"fusion-layout-column fusion_builder_column fusion-builder-column-6 fusion_builder_column_1_1 1_1 fusion-flex-column\" style=\"--awb-bg-size:cover;--awb-width-large:100%;--awb-margin-top-large:0px;--awb-spacing-right-large:1.92%;--awb-margin-bottom-large:20px;--awb-spacing-left-large:1.92%;--awb-width-medium:100%;--awb-order-medium:0;--awb-spacing-right-medium:1.92%;--awb-spacing-left-medium:1.92%;--awb-width-small:100%;--awb-order-small:0;--awb-spacing-right-small:1.92%;--awb-spacing-left-small:1.92%;\"><div class=\"fusion-column-wrapper fusion-column-has-shadow fusion-flex-justify-content-flex-start fusion-content-layout-column\"><div class=\"fusion-text fusion-text-2\" style=\"--awb-margin-top:30px;\"><p><b>Les consignes m\u00e9talliques<\/b> de <b>Megablok<\/b> sont con\u00e7us pour offrir un stockage personnel s\u00fbr, accessible et r\u00e9sistant dans les espaces publics et collectifs. Fabriqu\u00e9es en acier de haute qualit\u00e9, elles garantissent une grande durabilit\u00e9 face \u00e0 un usage intensif et permettent une personnalisation pouss\u00e9e des couleurs, des dimensions et des syst\u00e8mes de fermeture.<\/p>\n<p>Ils sont id\u00e9aux pour les environnements tels que les <b>centres \u00e9ducatifs, les bureaux, les supermarch\u00e9s, les coworkings, les h\u00f4pitaux, les centres sportifs, les gares ou les espaces commerciaux,<\/b> o\u00f9 les utilisateurs ont besoin de stocker temporairement leurs biens en toute s\u00e9curit\u00e9.<\/p>\n<p>La gamme de consignes m\u00e9talliques Megablok s&rsquo;\u00e9tend des formats compacts aux solutions pour<b> objets volumineux, avec des versions transparentes (m\u00e9thacrylate), \u00e9lectroniques ou sp\u00e9cifiques pour chaque secteur. <\/b>Une solution flexible et fonctionnelle qui optimise l&rsquo;espace, am\u00e9liore l&rsquo;organisation et l&rsquo;exp\u00e9rience de l&rsquo;utilisateur dans n&rsquo;importe quelle installation.<\/p>\n<\/div><\/div><\/div><\/div><\/div><\/p>\n","protected":false},"excerpt":{"rendered":"","protected":false},"author":1,"featured_media":0,"parent":0,"menu_order":0,"comment_status":"closed","ping_status":"closed","template":"100-width.php","meta":{"_joinchat":[],"footnotes":""},"class_list":["post-26428","page","type-page","status-publish","hentry"],"yoast_head":"<!-- This site is optimized with the Yoast SEO plugin v27.6 - https:\/\/yoast.com\/product\/yoast-seo-wordpress\/ -->\n<title>Consignes m\u00e9talliques - Megablok<\/title>\n<meta name=\"description\" content=\"Les consignes m\u00e9talliques de Megablok sont con\u00e7us pour offrir un stockage personnel s\u00fbr, accessible et r\u00e9sistant.\" \/>\n<meta name=\"robots\" content=\"index, follow, max-snippet:-1, max-image-preview:large, max-video-preview:-1\" \/>\n<link rel=\"canonical\" href=\"https:\/\/megablok.com\/fr\/consignes-metalliques\/\" \/>\n<meta property=\"og:locale\" content=\"fr_FR\" \/>\n<meta property=\"og:type\" content=\"article\" \/>\n<meta property=\"og:title\" content=\"Consignes m\u00e9talliques - Megablok\" \/>\n<meta property=\"og:description\" content=\"Les consignes m\u00e9talliques de Megablok sont con\u00e7us pour offrir un stockage personnel s\u00fbr, accessible et r\u00e9sistant.\" \/>\n<meta property=\"og:url\" content=\"https:\/\/megablok.com\/fr\/consignes-metalliques\/\" \/>\n<meta property=\"og:site_name\" content=\"Megablok\" \/>\n<meta property=\"article:modified_time\" content=\"2026-04-30T14:48:38+00:00\" \/>\n<meta name=\"twitter:card\" content=\"summary_large_image\" \/>\n<meta name=\"twitter:label1\" content=\"Dur\u00e9e de lecture estim\u00e9e\" \/>\n\t<meta name=\"twitter:data1\" content=\"2 minutes\" \/>\n<script type=\"application\/ld+json\" class=\"yoast-schema-graph\">{\"@context\":\"https:\\\/\\\/schema.org\",\"@graph\":[{\"@type\":\"WebPage\",\"@id\":\"https:\\\/\\\/megablok.com\\\/fr\\\/consignes-metalliques\\\/\",\"url\":\"https:\\\/\\\/megablok.com\\\/fr\\\/consignes-metalliques\\\/\",\"name\":\"Consignes m\u00e9talliques - Megablok\",\"isPartOf\":{\"@id\":\"https:\\\/\\\/megablok.com\\\/fr\\\/#website\"},\"datePublished\":\"2024-09-16T12:43:42+00:00\",\"dateModified\":\"2026-04-30T14:48:38+00:00\",\"description\":\"Les consignes m\u00e9talliques de Megablok sont con\u00e7us pour offrir un stockage personnel s\u00fbr, accessible et r\u00e9sistant.\",\"breadcrumb\":{\"@id\":\"https:\\\/\\\/megablok.com\\\/fr\\\/consignes-metalliques\\\/#breadcrumb\"},\"inLanguage\":\"fr-FR\",\"potentialAction\":[{\"@type\":\"ReadAction\",\"target\":[\"https:\\\/\\\/megablok.com\\\/fr\\\/consignes-metalliques\\\/\"]}]},{\"@type\":\"BreadcrumbList\",\"@id\":\"https:\\\/\\\/megablok.com\\\/fr\\\/consignes-metalliques\\\/#breadcrumb\",\"itemListElement\":[{\"@type\":\"ListItem\",\"position\":1,\"name\":\"Portada\",\"item\":\"https:\\\/\\\/megablok.com\\\/fr\\\/\"},{\"@type\":\"ListItem\",\"position\":2,\"name\":\"Consignes m\u00e9talliques\"}]},{\"@type\":\"WebSite\",\"@id\":\"https:\\\/\\\/megablok.com\\\/fr\\\/#website\",\"url\":\"https:\\\/\\\/megablok.com\\\/fr\\\/\",\"name\":\"Megablok\",\"description\":\"Taquillas para vestuarios de empresas y organizaciones\",\"publisher\":{\"@id\":\"https:\\\/\\\/megablok.com\\\/fr\\\/#organization\"},\"potentialAction\":[{\"@type\":\"SearchAction\",\"target\":{\"@type\":\"EntryPoint\",\"urlTemplate\":\"https:\\\/\\\/megablok.com\\\/fr\\\/?s={search_term_string}\"},\"query-input\":{\"@type\":\"PropertyValueSpecification\",\"valueRequired\":true,\"valueName\":\"search_term_string\"}}],\"inLanguage\":\"fr-FR\"},{\"@type\":\"Organization\",\"@id\":\"https:\\\/\\\/megablok.com\\\/fr\\\/#organization\",\"name\":\"Megablok\",\"url\":\"https:\\\/\\\/megablok.com\\\/fr\\\/\",\"logo\":{\"@type\":\"ImageObject\",\"inLanguage\":\"fr-FR\",\"@id\":\"https:\\\/\\\/megablok.com\\\/fr\\\/#\\\/schema\\\/logo\\\/image\\\/\",\"url\":\"https:\\\/\\\/megablok.com\\\/wp-content\\\/uploads\\\/2024\\\/08\\\/270.png\",\"contentUrl\":\"https:\\\/\\\/megablok.com\\\/wp-content\\\/uploads\\\/2024\\\/08\\\/270.png\",\"width\":270,\"height\":270,\"caption\":\"Megablok\"},\"image\":{\"@id\":\"https:\\\/\\\/megablok.com\\\/fr\\\/#\\\/schema\\\/logo\\\/image\\\/\"},\"sameAs\":[\"https:\\\/\\\/www.linkedin.com\\\/company\\\/megablok-s.a.\\\/\",\"https:\\\/\\\/www.instagram.com\\\/megabloksa\\\/\"]}]}<\/script>\n<!-- \/ Yoast SEO plugin. -->","yoast_head_json":{"title":"Consignes m\u00e9talliques - Megablok","description":"Les consignes m\u00e9talliques de Megablok sont con\u00e7us pour offrir un stockage personnel s\u00fbr, accessible et r\u00e9sistant.","robots":{"index":"index","follow":"follow","max-snippet":"max-snippet:-1","max-image-preview":"max-image-preview:large","max-video-preview":"max-video-preview:-1"},"canonical":"https:\/\/megablok.com\/fr\/consignes-metalliques\/","og_locale":"fr_FR","og_type":"article","og_title":"Consignes m\u00e9talliques - Megablok","og_description":"Les consignes m\u00e9talliques de Megablok sont con\u00e7us pour offrir un stockage personnel s\u00fbr, accessible et r\u00e9sistant.","og_url":"https:\/\/megablok.com\/fr\/consignes-metalliques\/","og_site_name":"Megablok","article_modified_time":"2026-04-30T14:48:38+00:00","twitter_card":"summary_large_image","twitter_misc":{"Dur\u00e9e de lecture estim\u00e9e":"2 minutes"},"schema":{"@context":"https:\/\/schema.org","@graph":[{"@type":"WebPage","@id":"https:\/\/megablok.com\/fr\/consignes-metalliques\/","url":"https:\/\/megablok.com\/fr\/consignes-metalliques\/","name":"Consignes m\u00e9talliques - Megablok","isPartOf":{"@id":"https:\/\/megablok.com\/fr\/#website"},"datePublished":"2024-09-16T12:43:42+00:00","dateModified":"2026-04-30T14:48:38+00:00","description":"Les consignes m\u00e9talliques de Megablok sont con\u00e7us pour offrir un stockage personnel s\u00fbr, accessible et r\u00e9sistant.","breadcrumb":{"@id":"https:\/\/megablok.com\/fr\/consignes-metalliques\/#breadcrumb"},"inLanguage":"fr-FR","potentialAction":[{"@type":"ReadAction","target":["https:\/\/megablok.com\/fr\/consignes-metalliques\/"]}]},{"@type":"BreadcrumbList","@id":"https:\/\/megablok.com\/fr\/consignes-metalliques\/#breadcrumb","itemListElement":[{"@type":"ListItem","position":1,"name":"Portada","item":"https:\/\/megablok.com\/fr\/"},{"@type":"ListItem","position":2,"name":"Consignes m\u00e9talliques"}]},{"@type":"WebSite","@id":"https:\/\/megablok.com\/fr\/#website","url":"https:\/\/megablok.com\/fr\/","name":"Megablok","description":"Taquillas para vestuarios de empresas y organizaciones","publisher":{"@id":"https:\/\/megablok.com\/fr\/#organization"},"potentialAction":[{"@type":"SearchAction","target":{"@type":"EntryPoint","urlTemplate":"https:\/\/megablok.com\/fr\/?s={search_term_string}"},"query-input":{"@type":"PropertyValueSpecification","valueRequired":true,"valueName":"search_term_string"}}],"inLanguage":"fr-FR"},{"@type":"Organization","@id":"https:\/\/megablok.com\/fr\/#organization","name":"Megablok","url":"https:\/\/megablok.com\/fr\/","logo":{"@type":"ImageObject","inLanguage":"fr-FR","@id":"https:\/\/megablok.com\/fr\/#\/schema\/logo\/image\/","url":"https:\/\/megablok.com\/wp-content\/uploads\/2024\/08\/270.png","contentUrl":"https:\/\/megablok.com\/wp-content\/uploads\/2024\/08\/270.png","width":270,"height":270,"caption":"Megablok"},"image":{"@id":"https:\/\/megablok.com\/fr\/#\/schema\/logo\/image\/"},"sameAs":["https:\/\/www.linkedin.com\/company\/megablok-s.a.\/","https:\/\/www.instagram.com\/megabloksa\/"]}]}},"jetpack_sharing_enabled":true,"_links":{"self":[{"href":"https:\/\/megablok.com\/fr\/wp-json\/wp\/v2\/pages\/26428","targetHints":{"allow":["GET"]}}],"collection":[{"href":"https:\/\/megablok.com\/fr\/wp-json\/wp\/v2\/pages"}],"about":[{"href":"https:\/\/megablok.com\/fr\/wp-json\/wp\/v2\/types\/page"}],"author":[{"embeddable":true,"href":"https:\/\/megablok.com\/fr\/wp-json\/wp\/v2\/users\/1"}],"replies":[{"embeddable":true,"href":"https:\/\/megablok.com\/fr\/wp-json\/wp\/v2\/comments?post=26428"}],"version-history":[{"count":9,"href":"https:\/\/megablok.com\/fr\/wp-json\/wp\/v2\/pages\/26428\/revisions"}],"predecessor-version":[{"id":37131,"href":"https:\/\/megablok.com\/fr\/wp-json\/wp\/v2\/pages\/26428\/revisions\/37131"}],"wp:attachment":[{"href":"https:\/\/megablok.com\/fr\/wp-json\/wp\/v2\/media?parent=26428"}],"curies":[{"name":"wp","href":"https:\/\/api.w.org\/{rel}","templated":true}]}}