{"id":26539,"date":"2024-09-17T06:58:31","date_gmt":"2024-09-17T06:58:31","guid":{"rendered":"https:\/\/megdev01.com\/envois-serie-cb11\/"},"modified":"2026-04-20T11:37:36","modified_gmt":"2026-04-20T11:37:36","slug":"serie-cb-fr","status":"publish","type":"page","link":"https:\/\/megablok.com\/fr\/serie-cb-fr\/","title":{"rendered":"S\u00e9rie CB11"},"content":{"rendered":"<div class=\"fusion-fullwidth fullwidth-box fusion-builder-row-1 fusion-flex-container has-pattern-background has-mask-background nonhundred-percent-fullwidth non-hundred-percent-height-scrolling\" style=\"--awb-border-radius-top-left:0px;--awb-border-radius-top-right:0px;--awb-border-radius-bottom-right:0px;--awb-border-radius-bottom-left:0px;--awb-flex-wrap:wrap;\" ><div class=\"fusion-builder-row fusion-row fusion-flex-align-items-flex-start fusion-flex-content-wrap\" style=\"max-width:1372.8px;margin-left: calc(-4% \/ 2 );margin-right: calc(-4% \/ 2 );\"><div class=\"fusion-layout-column fusion_builder_column fusion-builder-column-0 fusion_builder_column_1_1 1_1 fusion-flex-column\" style=\"--awb-bg-size:cover;--awb-width-large:100%;--awb-margin-top-large:0px;--awb-spacing-right-large:1.92%;--awb-margin-bottom-large:20px;--awb-spacing-left-large:1.92%;--awb-width-medium:100%;--awb-order-medium:0;--awb-spacing-right-medium:1.92%;--awb-spacing-left-medium:1.92%;--awb-width-small:100%;--awb-order-small:0;--awb-spacing-right-small:1.92%;--awb-spacing-left-small:1.92%;\"><div class=\"fusion-column-wrapper fusion-column-has-shadow fusion-flex-justify-content-flex-start fusion-content-layout-column\"><div class=\"fusion-woo-product-grid fusion-product-archive fusion-woo-product-grid-1 hide-rating hide-buttons\"><ul class=\"products products-2\"><li class=\"product type-product post-32810 status-publish first instock product_cat-consignes-metalliques product_cat-serie-cb11 product_tag-11-puertas has-post-thumbnail sold-individually shipping-taxable purchasable product-type-simple product-grid-view\">\n\t<div class=\"fusion-product-wrapper\">\n<a href=\"https:\/\/megablok.com\/fr\/produit\/serie-cb11\/\" class=\"product-images\" aria-label=\"Consigne CB11\">\n\n<div class=\"featured-image\">\n\t\t<img decoding=\"async\" width=\"500\" height=\"500\" src=\"https:\/\/megablok.com\/wp-content\/uploads\/2025\/06\/CB-11P-20-1-500x500.jpg\" class=\"attachment-woocommerce_thumbnail size-woocommerce_thumbnail lazyload wp-post-image\" alt=\"consigna\" srcset=\"data:image\/svg+xml,%3Csvg%20xmlns%3D%27http%3A%2F%2Fwww.w3.org%2F2000%2Fsvg%27%20width%3D%271000%27%20height%3D%271000%27%20viewBox%3D%270%200%201000%201000%27%3E%3Crect%20width%3D%271000%27%20height%3D%271000%27%20fill-opacity%3D%220%22%2F%3E%3C%2Fsvg%3E\" data-orig-src=\"https:\/\/megablok.com\/wp-content\/uploads\/2025\/06\/CB-11P-20-1-500x500.jpg\" data-srcset=\"https:\/\/megablok.com\/wp-content\/uploads\/2025\/06\/CB-11P-20-1-66x66.jpg 66w, https:\/\/megablok.com\/wp-content\/uploads\/2025\/06\/CB-11P-20-1-150x150.jpg 150w, https:\/\/megablok.com\/wp-content\/uploads\/2025\/06\/CB-11P-20-1-200x200.jpg 200w, https:\/\/megablok.com\/wp-content\/uploads\/2025\/06\/CB-11P-20-1-300x300.jpg 300w, https:\/\/megablok.com\/wp-content\/uploads\/2025\/06\/CB-11P-20-1-400x400.jpg 400w, https:\/\/megablok.com\/wp-content\/uploads\/2025\/06\/CB-11P-20-1-500x500.jpg 500w, https:\/\/megablok.com\/wp-content\/uploads\/2025\/06\/CB-11P-20-1-600x600.jpg 600w, https:\/\/megablok.com\/wp-content\/uploads\/2025\/06\/CB-11P-20-1-700x700.jpg 700w, https:\/\/megablok.com\/wp-content\/uploads\/2025\/06\/CB-11P-20-1-768x768.jpg 768w, https:\/\/megablok.com\/wp-content\/uploads\/2025\/06\/CB-11P-20-1-800x800.jpg 800w, https:\/\/megablok.com\/wp-content\/uploads\/2025\/06\/CB-11P-20-1.jpg 1000w\" data-sizes=\"auto\" \/>\n\t\t\t\t\t\t<div class=\"cart-loading\"><i class=\"awb-icon-spinner\" aria-hidden=\"true\"><\/i><\/div>\n\t\t\t<\/div>\n<\/a>\n<div class=\"fusion-product-content\">\n\t<div class=\"product-details\">\n\t\t<div class=\"product-details-container\">\n<h3 class=\"product-title\">\n\t<a href=\"https:\/\/megablok.com\/fr\/produit\/serie-cb11\/\">\n\t\tConsigne CB11\t<\/a>\n<\/h3>\n<div class=\"fusion-price-rating\">\n\n\t\t<\/div>\n\t<\/div>\n<\/div>\n\n\n\t<div class=\"product-buttons\">\n\t\t<div class=\"fusion-content-sep sep-double sep-solid\"><\/div>\n\t\t<div class=\"product-buttons-container clearfix\">\n<a href=\"\/fr\/wp-json\/wp\/v2\/pages\/26539?add-to-cart=32810\" aria-describedby=\"woocommerce_loop_add_to_cart_link_describedby_32810\" data-quantity=\"1\" class=\"button product_type_simple add_to_cart_button ajax_add_to_cart\" data-product_id=\"32810\" data-product_sku=\"CB11P-20\/1\" aria-label=\"Ajouter au panier\u00a0: &ldquo;Consigne CB11&rdquo;\" rel=\"nofollow\">Ajouter au panier<\/a>\t<span id=\"woocommerce_loop_add_to_cart_link_describedby_32810\" class=\"screen-reader-text\">\n\t\t\t<\/span>\n\n<a href=\"https:\/\/megablok.com\/fr\/produit\/serie-cb11\/\" class=\"show_details_button\">\n\tDetails<\/a>\n\n\n\t<\/div>\n\t<\/div>\n\n\t<\/div> <\/div>\n<\/li>\n<li class=\"product type-product post-32596 status-publish last instock product_cat-consignes-metalliques product_cat-serie-cb11 product_tag-200mm product_tag-5-puertas has-post-thumbnail sold-individually shipping-taxable purchasable product-type-simple product-grid-view\">\n\t<div class=\"fusion-product-wrapper\">\n<a href=\"https:\/\/megablok.com\/fr\/produit\/serie-cb5\/\" class=\"product-images\" aria-label=\"Consigne CB5\">\n\n<div class=\"featured-image\">\n\t\t<img decoding=\"async\" width=\"500\" height=\"500\" src=\"https:\/\/megablok.com\/wp-content\/uploads\/2026\/01\/CB5P-20-1-500x500.jpg\" class=\"attachment-woocommerce_thumbnail size-woocommerce_thumbnail lazyload wp-post-image\" alt=\"consigna\" srcset=\"data:image\/svg+xml,%3Csvg%20xmlns%3D%27http%3A%2F%2Fwww.w3.org%2F2000%2Fsvg%27%20width%3D%271000%27%20height%3D%271000%27%20viewBox%3D%270%200%201000%201000%27%3E%3Crect%20width%3D%271000%27%20height%3D%271000%27%20fill-opacity%3D%220%22%2F%3E%3C%2Fsvg%3E\" data-orig-src=\"https:\/\/megablok.com\/wp-content\/uploads\/2026\/01\/CB5P-20-1-500x500.jpg\" data-srcset=\"https:\/\/megablok.com\/wp-content\/uploads\/2026\/01\/CB5P-20-1-66x66.jpg 66w, https:\/\/megablok.com\/wp-content\/uploads\/2026\/01\/CB5P-20-1-150x150.jpg 150w, https:\/\/megablok.com\/wp-content\/uploads\/2026\/01\/CB5P-20-1-200x200.jpg 200w, https:\/\/megablok.com\/wp-content\/uploads\/2026\/01\/CB5P-20-1-300x300.jpg 300w, https:\/\/megablok.com\/wp-content\/uploads\/2026\/01\/CB5P-20-1-400x400.jpg 400w, https:\/\/megablok.com\/wp-content\/uploads\/2026\/01\/CB5P-20-1-500x500.jpg 500w, https:\/\/megablok.com\/wp-content\/uploads\/2026\/01\/CB5P-20-1-600x600.jpg 600w, https:\/\/megablok.com\/wp-content\/uploads\/2026\/01\/CB5P-20-1-700x700.jpg 700w, https:\/\/megablok.com\/wp-content\/uploads\/2026\/01\/CB5P-20-1-768x768.jpg 768w, https:\/\/megablok.com\/wp-content\/uploads\/2026\/01\/CB5P-20-1-800x800.jpg 800w, https:\/\/megablok.com\/wp-content\/uploads\/2026\/01\/CB5P-20-1.jpg 1000w\" data-sizes=\"auto\" \/>\n\t\t\t\t\t\t<div class=\"cart-loading\"><i class=\"awb-icon-spinner\" aria-hidden=\"true\"><\/i><\/div>\n\t\t\t<\/div>\n<\/a>\n<div class=\"fusion-product-content\">\n\t<div class=\"product-details\">\n\t\t<div class=\"product-details-container\">\n<h3 class=\"product-title\">\n\t<a href=\"https:\/\/megablok.com\/fr\/produit\/serie-cb5\/\">\n\t\tConsigne CB5\t<\/a>\n<\/h3>\n<div class=\"fusion-price-rating\">\n\n\t\t<\/div>\n\t<\/div>\n<\/div>\n\n\n\t<div class=\"product-buttons\">\n\t\t<div class=\"fusion-content-sep sep-double sep-solid\"><\/div>\n\t\t<div class=\"product-buttons-container clearfix\">\n<a href=\"\/fr\/wp-json\/wp\/v2\/pages\/26539?add-to-cart=32596\" aria-describedby=\"woocommerce_loop_add_to_cart_link_describedby_32596\" data-quantity=\"1\" class=\"button product_type_simple add_to_cart_button ajax_add_to_cart\" data-product_id=\"32596\" data-product_sku=\"CB5P-20\/1\" aria-label=\"Ajouter au panier\u00a0: &ldquo;Consigne CB5&rdquo;\" rel=\"nofollow\">Ajouter au panier<\/a>\t<span id=\"woocommerce_loop_add_to_cart_link_describedby_32596\" class=\"screen-reader-text\">\n\t\t\t<\/span>\n\n<a href=\"https:\/\/megablok.com\/fr\/produit\/serie-cb5\/\" class=\"show_details_button\">\n\tDetails<\/a>\n\n\n\t<\/div>\n\t<\/div>\n\n\t<\/div> <\/div>\n<\/li>\n<\/ul><div class=\"fusion-woo-product-grid-pagination fusion-clearfix\"><\/div><\/div><\/div><\/div><div class=\"fusion-layout-column fusion_builder_column fusion-builder-column-1 fusion_builder_column_1_1 1_1 fusion-flex-column\" style=\"--awb-bg-size:cover;--awb-width-large:100%;--awb-margin-top-large:0px;--awb-spacing-right-large:1.92%;--awb-margin-bottom-large:20px;--awb-spacing-left-large:1.92%;--awb-width-medium:100%;--awb-order-medium:0;--awb-spacing-right-medium:1.92%;--awb-spacing-left-medium:1.92%;--awb-width-small:100%;--awb-order-small:0;--awb-spacing-right-small:1.92%;--awb-spacing-left-small:1.92%;\"><div class=\"fusion-column-wrapper fusion-column-has-shadow fusion-flex-justify-content-flex-start fusion-content-layout-column\"><div class=\"fusion-separator fusion-full-width-sep\" style=\"align-self: center;margin-left: auto;margin-right: auto;margin-bottom:20px;width:100%;\"><\/div><div class=\"fusion-text fusion-text-1\"><header id=\"pageHeaderFull\" class=\"page-header page-header--full\">\n<div class=\"page-header__container\">\n<div class=\"page-lead\">\n<p><b>Les casiers de la s\u00e9rie CB11<\/b> de <b>Megablok<\/b> sont la solution parfaite pour une gestion s\u00fbre et organis\u00e9e des <b>effets personnels dans les espaces \u00e0 usage partag\u00e9. <\/b>Fabriqu\u00e9s en acier de haute qualit\u00e9, ils se distinguent par leur solidit\u00e9, leur design compact et leur facilit\u00e9 d&rsquo;entretien, garantissant une longue dur\u00e9e de vie dans des environnements d&rsquo;utilisation intensive.<\/p>\n<p>Ils sont particuli\u00e8rement adapt\u00e9s aux <b>\u00e9coles, aux bureaux, aux centres sportifs, aux entreprises de coworking et aux entreprises industrielles, <\/b>offrant un espace s\u00fbr et pratique o\u00f9 les utilisateurs peuvent <b>ranger des sacs, des sacs \u00e0 dos, des casques et des objets personnels. <\/b>Son design fonctionnel, avec de multiples options de verrouillage et de personnalisation, fait de la s\u00e9rie CB11 une option polyvalente, robuste et adaptable \u00e0 n&rsquo;importe quelle installation.<\/p>\n<\/div>\n<\/div>\n<\/header>\n<\/div><\/div><\/div><\/div><\/div>\n","protected":false},"excerpt":{"rendered":"","protected":false},"author":1,"featured_media":14214,"parent":0,"menu_order":0,"comment_status":"closed","ping_status":"closed","template":"100-width.php","meta":{"_joinchat":[],"footnotes":""},"class_list":["post-26539","page","type-page","status-publish","has-post-thumbnail","hentry"],"yoast_head":"<!-- This site is optimized with the Yoast SEO plugin v27.6 - https:\/\/yoast.com\/product\/yoast-seo-wordpress\/ -->\n<title>S\u00e9rie CB11 - Megablok<\/title>\n<meta name=\"description\" content=\"Demandez un devis sans engagement.\" \/>\n<meta name=\"robots\" content=\"index, follow, max-snippet:-1, max-image-preview:large, max-video-preview:-1\" \/>\n<link rel=\"canonical\" href=\"https:\/\/megablok.com\/fr\/serie-cb-fr\/\" \/>\n<meta property=\"og:locale\" content=\"fr_FR\" \/>\n<meta property=\"og:type\" content=\"article\" \/>\n<meta property=\"og:title\" content=\"S\u00e9rie CB11 - Megablok\" \/>\n<meta property=\"og:description\" content=\"Demandez un devis sans engagement.\" \/>\n<meta property=\"og:url\" content=\"https:\/\/megablok.com\/fr\/serie-cb-fr\/\" \/>\n<meta property=\"og:site_name\" content=\"Megablok\" \/>\n<meta property=\"article:modified_time\" content=\"2026-04-20T11:37:36+00:00\" \/>\n<meta property=\"og:image\" content=\"https:\/\/megablok.com\/wp-content\/uploads\/2024\/09\/40277_01-1.jpg\" \/>\n\t<meta property=\"og:image:width\" content=\"600\" \/>\n\t<meta property=\"og:image:height\" content=\"600\" \/>\n\t<meta property=\"og:image:type\" content=\"image\/jpeg\" \/>\n<meta name=\"twitter:card\" content=\"summary_large_image\" \/>\n<meta name=\"twitter:label1\" content=\"Dur\u00e9e de lecture estim\u00e9e\" \/>\n\t<meta name=\"twitter:data1\" content=\"2 minutes\" \/>\n<script type=\"application\/ld+json\" class=\"yoast-schema-graph\">{\"@context\":\"https:\\\/\\\/schema.org\",\"@graph\":[{\"@type\":\"WebPage\",\"@id\":\"https:\\\/\\\/megablok.com\\\/fr\\\/serie-cb-fr\\\/\",\"url\":\"https:\\\/\\\/megablok.com\\\/fr\\\/serie-cb-fr\\\/\",\"name\":\"S\u00e9rie CB11 - Megablok\",\"isPartOf\":{\"@id\":\"https:\\\/\\\/megablok.com\\\/fr\\\/#website\"},\"primaryImageOfPage\":{\"@id\":\"https:\\\/\\\/megablok.com\\\/fr\\\/serie-cb-fr\\\/#primaryimage\"},\"image\":{\"@id\":\"https:\\\/\\\/megablok.com\\\/fr\\\/serie-cb-fr\\\/#primaryimage\"},\"thumbnailUrl\":\"https:\\\/\\\/megablok.com\\\/wp-content\\\/uploads\\\/2024\\\/09\\\/40277_01-1.jpg\",\"datePublished\":\"2024-09-17T06:58:31+00:00\",\"dateModified\":\"2026-04-20T11:37:36+00:00\",\"description\":\"Demandez un devis sans engagement.\",\"breadcrumb\":{\"@id\":\"https:\\\/\\\/megablok.com\\\/fr\\\/serie-cb-fr\\\/#breadcrumb\"},\"inLanguage\":\"fr-FR\",\"potentialAction\":[{\"@type\":\"ReadAction\",\"target\":[\"https:\\\/\\\/megablok.com\\\/fr\\\/serie-cb-fr\\\/\"]}]},{\"@type\":\"ImageObject\",\"inLanguage\":\"fr-FR\",\"@id\":\"https:\\\/\\\/megablok.com\\\/fr\\\/serie-cb-fr\\\/#primaryimage\",\"url\":\"https:\\\/\\\/megablok.com\\\/wp-content\\\/uploads\\\/2024\\\/09\\\/40277_01-1.jpg\",\"contentUrl\":\"https:\\\/\\\/megablok.com\\\/wp-content\\\/uploads\\\/2024\\\/09\\\/40277_01-1.jpg\",\"width\":600,\"height\":600,\"caption\":\"Consigna CB11 40277\"},{\"@type\":\"BreadcrumbList\",\"@id\":\"https:\\\/\\\/megablok.com\\\/fr\\\/serie-cb-fr\\\/#breadcrumb\",\"itemListElement\":[{\"@type\":\"ListItem\",\"position\":1,\"name\":\"Portada\",\"item\":\"https:\\\/\\\/megablok.com\\\/fr\\\/\"},{\"@type\":\"ListItem\",\"position\":2,\"name\":\"S\u00e9rie CB11\"}]},{\"@type\":\"WebSite\",\"@id\":\"https:\\\/\\\/megablok.com\\\/fr\\\/#website\",\"url\":\"https:\\\/\\\/megablok.com\\\/fr\\\/\",\"name\":\"Megablok\",\"description\":\"Taquillas para vestuarios de empresas y organizaciones\",\"publisher\":{\"@id\":\"https:\\\/\\\/megablok.com\\\/fr\\\/#organization\"},\"potentialAction\":[{\"@type\":\"SearchAction\",\"target\":{\"@type\":\"EntryPoint\",\"urlTemplate\":\"https:\\\/\\\/megablok.com\\\/fr\\\/?s={search_term_string}\"},\"query-input\":{\"@type\":\"PropertyValueSpecification\",\"valueRequired\":true,\"valueName\":\"search_term_string\"}}],\"inLanguage\":\"fr-FR\"},{\"@type\":\"Organization\",\"@id\":\"https:\\\/\\\/megablok.com\\\/fr\\\/#organization\",\"name\":\"Megablok\",\"url\":\"https:\\\/\\\/megablok.com\\\/fr\\\/\",\"logo\":{\"@type\":\"ImageObject\",\"inLanguage\":\"fr-FR\",\"@id\":\"https:\\\/\\\/megablok.com\\\/fr\\\/#\\\/schema\\\/logo\\\/image\\\/\",\"url\":\"https:\\\/\\\/megablok.com\\\/wp-content\\\/uploads\\\/2024\\\/08\\\/270.png\",\"contentUrl\":\"https:\\\/\\\/megablok.com\\\/wp-content\\\/uploads\\\/2024\\\/08\\\/270.png\",\"width\":270,\"height\":270,\"caption\":\"Megablok\"},\"image\":{\"@id\":\"https:\\\/\\\/megablok.com\\\/fr\\\/#\\\/schema\\\/logo\\\/image\\\/\"},\"sameAs\":[\"https:\\\/\\\/www.linkedin.com\\\/company\\\/megablok-s.a.\\\/\",\"https:\\\/\\\/www.instagram.com\\\/megabloksa\\\/\"]}]}<\/script>\n<!-- \/ Yoast SEO plugin. -->","yoast_head_json":{"title":"S\u00e9rie CB11 - Megablok","description":"Demandez un devis sans engagement.","robots":{"index":"index","follow":"follow","max-snippet":"max-snippet:-1","max-image-preview":"max-image-preview:large","max-video-preview":"max-video-preview:-1"},"canonical":"https:\/\/megablok.com\/fr\/serie-cb-fr\/","og_locale":"fr_FR","og_type":"article","og_title":"S\u00e9rie CB11 - Megablok","og_description":"Demandez un devis sans engagement.","og_url":"https:\/\/megablok.com\/fr\/serie-cb-fr\/","og_site_name":"Megablok","article_modified_time":"2026-04-20T11:37:36+00:00","og_image":[{"width":600,"height":600,"url":"https:\/\/megablok.com\/wp-content\/uploads\/2024\/09\/40277_01-1.jpg","type":"image\/jpeg"}],"twitter_card":"summary_large_image","twitter_misc":{"Dur\u00e9e de lecture estim\u00e9e":"2 minutes"},"schema":{"@context":"https:\/\/schema.org","@graph":[{"@type":"WebPage","@id":"https:\/\/megablok.com\/fr\/serie-cb-fr\/","url":"https:\/\/megablok.com\/fr\/serie-cb-fr\/","name":"S\u00e9rie CB11 - Megablok","isPartOf":{"@id":"https:\/\/megablok.com\/fr\/#website"},"primaryImageOfPage":{"@id":"https:\/\/megablok.com\/fr\/serie-cb-fr\/#primaryimage"},"image":{"@id":"https:\/\/megablok.com\/fr\/serie-cb-fr\/#primaryimage"},"thumbnailUrl":"https:\/\/megablok.com\/wp-content\/uploads\/2024\/09\/40277_01-1.jpg","datePublished":"2024-09-17T06:58:31+00:00","dateModified":"2026-04-20T11:37:36+00:00","description":"Demandez un devis sans engagement.","breadcrumb":{"@id":"https:\/\/megablok.com\/fr\/serie-cb-fr\/#breadcrumb"},"inLanguage":"fr-FR","potentialAction":[{"@type":"ReadAction","target":["https:\/\/megablok.com\/fr\/serie-cb-fr\/"]}]},{"@type":"ImageObject","inLanguage":"fr-FR","@id":"https:\/\/megablok.com\/fr\/serie-cb-fr\/#primaryimage","url":"https:\/\/megablok.com\/wp-content\/uploads\/2024\/09\/40277_01-1.jpg","contentUrl":"https:\/\/megablok.com\/wp-content\/uploads\/2024\/09\/40277_01-1.jpg","width":600,"height":600,"caption":"Consigna CB11 40277"},{"@type":"BreadcrumbList","@id":"https:\/\/megablok.com\/fr\/serie-cb-fr\/#breadcrumb","itemListElement":[{"@type":"ListItem","position":1,"name":"Portada","item":"https:\/\/megablok.com\/fr\/"},{"@type":"ListItem","position":2,"name":"S\u00e9rie CB11"}]},{"@type":"WebSite","@id":"https:\/\/megablok.com\/fr\/#website","url":"https:\/\/megablok.com\/fr\/","name":"Megablok","description":"Taquillas para vestuarios de empresas y organizaciones","publisher":{"@id":"https:\/\/megablok.com\/fr\/#organization"},"potentialAction":[{"@type":"SearchAction","target":{"@type":"EntryPoint","urlTemplate":"https:\/\/megablok.com\/fr\/?s={search_term_string}"},"query-input":{"@type":"PropertyValueSpecification","valueRequired":true,"valueName":"search_term_string"}}],"inLanguage":"fr-FR"},{"@type":"Organization","@id":"https:\/\/megablok.com\/fr\/#organization","name":"Megablok","url":"https:\/\/megablok.com\/fr\/","logo":{"@type":"ImageObject","inLanguage":"fr-FR","@id":"https:\/\/megablok.com\/fr\/#\/schema\/logo\/image\/","url":"https:\/\/megablok.com\/wp-content\/uploads\/2024\/08\/270.png","contentUrl":"https:\/\/megablok.com\/wp-content\/uploads\/2024\/08\/270.png","width":270,"height":270,"caption":"Megablok"},"image":{"@id":"https:\/\/megablok.com\/fr\/#\/schema\/logo\/image\/"},"sameAs":["https:\/\/www.linkedin.com\/company\/megablok-s.a.\/","https:\/\/www.instagram.com\/megabloksa\/"]}]}},"jetpack_sharing_enabled":true,"_links":{"self":[{"href":"https:\/\/megablok.com\/fr\/wp-json\/wp\/v2\/pages\/26539","targetHints":{"allow":["GET"]}}],"collection":[{"href":"https:\/\/megablok.com\/fr\/wp-json\/wp\/v2\/pages"}],"about":[{"href":"https:\/\/megablok.com\/fr\/wp-json\/wp\/v2\/types\/page"}],"author":[{"embeddable":true,"href":"https:\/\/megablok.com\/fr\/wp-json\/wp\/v2\/users\/1"}],"replies":[{"embeddable":true,"href":"https:\/\/megablok.com\/fr\/wp-json\/wp\/v2\/comments?post=26539"}],"version-history":[{"count":6,"href":"https:\/\/megablok.com\/fr\/wp-json\/wp\/v2\/pages\/26539\/revisions"}],"predecessor-version":[{"id":36870,"href":"https:\/\/megablok.com\/fr\/wp-json\/wp\/v2\/pages\/26539\/revisions\/36870"}],"wp:featuredmedia":[{"embeddable":true,"href":"https:\/\/megablok.com\/fr\/wp-json\/wp\/v2\/media\/14214"}],"wp:attachment":[{"href":"https:\/\/megablok.com\/fr\/wp-json\/wp\/v2\/media?parent=26539"}],"curies":[{"name":"wp","href":"https:\/\/api.w.org\/{rel}","templated":true}]}}