{"id":32139,"date":"2025-01-26T08:29:18","date_gmt":"2025-01-26T08:29:18","guid":{"rendered":"https:\/\/megdev01.com\/producto\/consigna-pro-cz3-30-1-20\/"},"modified":"2026-04-22T12:15:56","modified_gmt":"2026-04-22T12:15:56","slug":"casier-pro-cz3-30-1-20","status":"publish","type":"product","link":"https:\/\/megablok.com\/fr\/produit\/casier-pro-cz3-30-1-20\/","title":{"rendered":"Consigne CZ3-30\/1-20"},"content":{"rendered":"<p>Vestiaire soud\u00e9 monoblok, fabriqu\u00e9 en t\u00f4le d\u2019acier lamin\u00e9e \u00e0 froid.<br \/>\nPeint en peinture en poudre Epoxi-polyester. Finition micro-textur\u00e9e.<br \/>\nCouleur standard : corps et portes gris RAL 7035.<br \/>\nDouble pliage sur le p\u00e9rim\u00e8tre, avec porte \u00e9tiquet\u00e9 et volets d\u2019a\u00e9ration.<br \/>\nBords sans ar\u00eates coupantes et charni\u00e8res occultes.<br \/>\nSerrures standard : serrure \u00e0 cylindre chrom\u00e9e avec deux cl\u00e9s.<br \/>\nLes dimensions sont 715 mm hauteur x 300 mm largeur x 200 mm profondeur.<br \/>\nSi la serrure \u00e0 monnaie est s\u00e9lectionn\u00e9e, la porte n\u2019inclut pas de porte-\u00e9tiquette ni de rosace de ventilation.<\/p>\n","protected":false},"excerpt":{"rendered":"<p>Consigne m\u00e9tallique id\u00e9ale pour les objets personnels de taille moyenne. Con\u00e7ue pour des environnements tels que les centres \u00e9ducatifs, sportifs, professionnels ou commerciaux n\u00e9cessitant des solutions de stockage fonctionnelles et s\u00e9curis\u00e9es.<\/p>\n","protected":false},"featured_media":27217,"template":"","meta":{"_joinchat":[]},"product_brand":[],"product_cat":[628,821],"product_tag":[822,653,823],"class_list":{"0":"post-32139","1":"product","2":"type-product","3":"status-publish","4":"has-post-thumbnail","6":"product_cat-consignes-metalliques","7":"product_cat-consignas-serie-banco","8":"product_tag-200-mm-fondo","9":"product_tag-3-puertas","10":"product_tag-300-mm-ancho","12":"first","13":"instock","14":"sold-individually","15":"shipping-taxable","16":"purchasable","17":"product-type-simple"},"yoast_head":"<!-- This site is optimized with the Yoast SEO plugin v27.6 - https:\/\/yoast.com\/product\/yoast-seo-wordpress\/ -->\n<title>Consigne CZ3-30\/1-20 - Megablok<\/title>\n<meta name=\"robots\" content=\"index, follow, max-snippet:-1, max-image-preview:large, max-video-preview:-1\" \/>\n<link rel=\"canonical\" href=\"https:\/\/megablok.com\/fr\/produit\/casier-pro-cz3-30-1-20\/\" \/>\n<meta property=\"og:locale\" content=\"fr_FR\" \/>\n<meta property=\"og:type\" content=\"article\" \/>\n<meta property=\"og:title\" content=\"Consigne CZ3-30\/1-20 - Megablok\" \/>\n<meta property=\"og:description\" content=\"Consigne m\u00e9tallique id\u00e9ale pour les objets personnels de taille moyenne. Con\u00e7ue pour des environnements tels que les centres \u00e9ducatifs, sportifs, professionnels ou commerciaux n\u00e9cessitant des solutions de stockage fonctionnelles et s\u00e9curis\u00e9es.\" \/>\n<meta property=\"og:url\" content=\"https:\/\/megablok.com\/fr\/produit\/casier-pro-cz3-30-1-20\/\" \/>\n<meta property=\"og:site_name\" content=\"Megablok\" \/>\n<meta property=\"article:modified_time\" content=\"2026-04-22T12:15:56+00:00\" \/>\n<meta property=\"og:image\" content=\"https:\/\/megablok.com\/wp-content\/uploads\/2026\/01\/CZ3-30-1-20.jpg\" \/>\n\t<meta property=\"og:image:width\" content=\"1000\" \/>\n\t<meta property=\"og:image:height\" content=\"1000\" \/>\n\t<meta property=\"og:image:type\" content=\"image\/jpeg\" \/>\n<meta name=\"twitter:card\" content=\"summary_large_image\" \/>\n<meta name=\"twitter:label1\" content=\"Dur\u00e9e de lecture estim\u00e9e\" \/>\n\t<meta name=\"twitter:data1\" content=\"1 minute\" \/>\n<script type=\"application\/ld+json\" class=\"yoast-schema-graph\">{\"@context\":\"https:\\\/\\\/schema.org\",\"@graph\":[{\"@type\":\"WebPage\",\"@id\":\"https:\\\/\\\/megablok.com\\\/fr\\\/produit\\\/casier-pro-cz3-30-1-20\\\/\",\"url\":\"https:\\\/\\\/megablok.com\\\/fr\\\/produit\\\/casier-pro-cz3-30-1-20\\\/\",\"name\":\"Consigne CZ3-30\\\/1-20 - Megablok\",\"isPartOf\":{\"@id\":\"https:\\\/\\\/megablok.com\\\/fr\\\/#website\"},\"primaryImageOfPage\":{\"@id\":\"https:\\\/\\\/megablok.com\\\/fr\\\/produit\\\/casier-pro-cz3-30-1-20\\\/#primaryimage\"},\"image\":{\"@id\":\"https:\\\/\\\/megablok.com\\\/fr\\\/produit\\\/casier-pro-cz3-30-1-20\\\/#primaryimage\"},\"thumbnailUrl\":\"https:\\\/\\\/megablok.com\\\/wp-content\\\/uploads\\\/2026\\\/01\\\/CZ3-30-1-20.jpg\",\"datePublished\":\"2025-01-26T08:29:18+00:00\",\"dateModified\":\"2026-04-22T12:15:56+00:00\",\"breadcrumb\":{\"@id\":\"https:\\\/\\\/megablok.com\\\/fr\\\/produit\\\/casier-pro-cz3-30-1-20\\\/#breadcrumb\"},\"inLanguage\":\"fr-FR\",\"potentialAction\":[{\"@type\":\"ReadAction\",\"target\":[\"https:\\\/\\\/megablok.com\\\/fr\\\/produit\\\/casier-pro-cz3-30-1-20\\\/\"]}]},{\"@type\":\"ImageObject\",\"inLanguage\":\"fr-FR\",\"@id\":\"https:\\\/\\\/megablok.com\\\/fr\\\/produit\\\/casier-pro-cz3-30-1-20\\\/#primaryimage\",\"url\":\"https:\\\/\\\/megablok.com\\\/wp-content\\\/uploads\\\/2026\\\/01\\\/CZ3-30-1-20.jpg\",\"contentUrl\":\"https:\\\/\\\/megablok.com\\\/wp-content\\\/uploads\\\/2026\\\/01\\\/CZ3-30-1-20.jpg\",\"width\":1000,\"height\":1000,\"caption\":\"consigna\"},{\"@type\":\"BreadcrumbList\",\"@id\":\"https:\\\/\\\/megablok.com\\\/fr\\\/produit\\\/casier-pro-cz3-30-1-20\\\/#breadcrumb\",\"itemListElement\":[{\"@type\":\"ListItem\",\"position\":1,\"name\":\"Portada\",\"item\":\"https:\\\/\\\/megablok.com\\\/fr\\\/\"},{\"@type\":\"ListItem\",\"position\":2,\"name\":\"Boutique\",\"item\":\"https:\\\/\\\/megablok.com\\\/fr\\\/boutique\\\/\"},{\"@type\":\"ListItem\",\"position\":3,\"name\":\"Consigne CZ3-30\\\/1-20\"}]},{\"@type\":\"WebSite\",\"@id\":\"https:\\\/\\\/megablok.com\\\/fr\\\/#website\",\"url\":\"https:\\\/\\\/megablok.com\\\/fr\\\/\",\"name\":\"Megablok\",\"description\":\"Taquillas para vestuarios de empresas y organizaciones\",\"publisher\":{\"@id\":\"https:\\\/\\\/megablok.com\\\/fr\\\/#organization\"},\"potentialAction\":[{\"@type\":\"SearchAction\",\"target\":{\"@type\":\"EntryPoint\",\"urlTemplate\":\"https:\\\/\\\/megablok.com\\\/fr\\\/?s={search_term_string}\"},\"query-input\":{\"@type\":\"PropertyValueSpecification\",\"valueRequired\":true,\"valueName\":\"search_term_string\"}}],\"inLanguage\":\"fr-FR\"},{\"@type\":\"Organization\",\"@id\":\"https:\\\/\\\/megablok.com\\\/fr\\\/#organization\",\"name\":\"Megablok\",\"url\":\"https:\\\/\\\/megablok.com\\\/fr\\\/\",\"logo\":{\"@type\":\"ImageObject\",\"inLanguage\":\"fr-FR\",\"@id\":\"https:\\\/\\\/megablok.com\\\/fr\\\/#\\\/schema\\\/logo\\\/image\\\/\",\"url\":\"https:\\\/\\\/megablok.com\\\/wp-content\\\/uploads\\\/2024\\\/08\\\/270.png\",\"contentUrl\":\"https:\\\/\\\/megablok.com\\\/wp-content\\\/uploads\\\/2024\\\/08\\\/270.png\",\"width\":270,\"height\":270,\"caption\":\"Megablok\"},\"image\":{\"@id\":\"https:\\\/\\\/megablok.com\\\/fr\\\/#\\\/schema\\\/logo\\\/image\\\/\"},\"sameAs\":[\"https:\\\/\\\/www.linkedin.com\\\/company\\\/megablok-s.a.\\\/\",\"https:\\\/\\\/www.instagram.com\\\/megabloksa\\\/\"]}]}<\/script>\n<!-- \/ Yoast SEO plugin. -->","yoast_head_json":{"title":"Consigne CZ3-30\/1-20 - Megablok","robots":{"index":"index","follow":"follow","max-snippet":"max-snippet:-1","max-image-preview":"max-image-preview:large","max-video-preview":"max-video-preview:-1"},"canonical":"https:\/\/megablok.com\/fr\/produit\/casier-pro-cz3-30-1-20\/","og_locale":"fr_FR","og_type":"article","og_title":"Consigne CZ3-30\/1-20 - Megablok","og_description":"Consigne m\u00e9tallique id\u00e9ale pour les objets personnels de taille moyenne. Con\u00e7ue pour des environnements tels que les centres \u00e9ducatifs, sportifs, professionnels ou commerciaux n\u00e9cessitant des solutions de stockage fonctionnelles et s\u00e9curis\u00e9es.","og_url":"https:\/\/megablok.com\/fr\/produit\/casier-pro-cz3-30-1-20\/","og_site_name":"Megablok","article_modified_time":"2026-04-22T12:15:56+00:00","og_image":[{"width":1000,"height":1000,"url":"https:\/\/megablok.com\/wp-content\/uploads\/2026\/01\/CZ3-30-1-20.jpg","type":"image\/jpeg"}],"twitter_card":"summary_large_image","twitter_misc":{"Dur\u00e9e de lecture estim\u00e9e":"1 minute"},"schema":{"@context":"https:\/\/schema.org","@graph":[{"@type":"WebPage","@id":"https:\/\/megablok.com\/fr\/produit\/casier-pro-cz3-30-1-20\/","url":"https:\/\/megablok.com\/fr\/produit\/casier-pro-cz3-30-1-20\/","name":"Consigne CZ3-30\/1-20 - Megablok","isPartOf":{"@id":"https:\/\/megablok.com\/fr\/#website"},"primaryImageOfPage":{"@id":"https:\/\/megablok.com\/fr\/produit\/casier-pro-cz3-30-1-20\/#primaryimage"},"image":{"@id":"https:\/\/megablok.com\/fr\/produit\/casier-pro-cz3-30-1-20\/#primaryimage"},"thumbnailUrl":"https:\/\/megablok.com\/wp-content\/uploads\/2026\/01\/CZ3-30-1-20.jpg","datePublished":"2025-01-26T08:29:18+00:00","dateModified":"2026-04-22T12:15:56+00:00","breadcrumb":{"@id":"https:\/\/megablok.com\/fr\/produit\/casier-pro-cz3-30-1-20\/#breadcrumb"},"inLanguage":"fr-FR","potentialAction":[{"@type":"ReadAction","target":["https:\/\/megablok.com\/fr\/produit\/casier-pro-cz3-30-1-20\/"]}]},{"@type":"ImageObject","inLanguage":"fr-FR","@id":"https:\/\/megablok.com\/fr\/produit\/casier-pro-cz3-30-1-20\/#primaryimage","url":"https:\/\/megablok.com\/wp-content\/uploads\/2026\/01\/CZ3-30-1-20.jpg","contentUrl":"https:\/\/megablok.com\/wp-content\/uploads\/2026\/01\/CZ3-30-1-20.jpg","width":1000,"height":1000,"caption":"consigna"},{"@type":"BreadcrumbList","@id":"https:\/\/megablok.com\/fr\/produit\/casier-pro-cz3-30-1-20\/#breadcrumb","itemListElement":[{"@type":"ListItem","position":1,"name":"Portada","item":"https:\/\/megablok.com\/fr\/"},{"@type":"ListItem","position":2,"name":"Boutique","item":"https:\/\/megablok.com\/fr\/boutique\/"},{"@type":"ListItem","position":3,"name":"Consigne CZ3-30\/1-20"}]},{"@type":"WebSite","@id":"https:\/\/megablok.com\/fr\/#website","url":"https:\/\/megablok.com\/fr\/","name":"Megablok","description":"Taquillas para vestuarios de empresas y organizaciones","publisher":{"@id":"https:\/\/megablok.com\/fr\/#organization"},"potentialAction":[{"@type":"SearchAction","target":{"@type":"EntryPoint","urlTemplate":"https:\/\/megablok.com\/fr\/?s={search_term_string}"},"query-input":{"@type":"PropertyValueSpecification","valueRequired":true,"valueName":"search_term_string"}}],"inLanguage":"fr-FR"},{"@type":"Organization","@id":"https:\/\/megablok.com\/fr\/#organization","name":"Megablok","url":"https:\/\/megablok.com\/fr\/","logo":{"@type":"ImageObject","inLanguage":"fr-FR","@id":"https:\/\/megablok.com\/fr\/#\/schema\/logo\/image\/","url":"https:\/\/megablok.com\/wp-content\/uploads\/2024\/08\/270.png","contentUrl":"https:\/\/megablok.com\/wp-content\/uploads\/2024\/08\/270.png","width":270,"height":270,"caption":"Megablok"},"image":{"@id":"https:\/\/megablok.com\/fr\/#\/schema\/logo\/image\/"},"sameAs":["https:\/\/www.linkedin.com\/company\/megablok-s.a.\/","https:\/\/www.instagram.com\/megabloksa\/"]}]}},"jetpack_sharing_enabled":true,"_links":{"self":[{"href":"https:\/\/megablok.com\/fr\/wp-json\/wp\/v2\/product\/32139","targetHints":{"allow":["GET"]}}],"collection":[{"href":"https:\/\/megablok.com\/fr\/wp-json\/wp\/v2\/product"}],"about":[{"href":"https:\/\/megablok.com\/fr\/wp-json\/wp\/v2\/types\/product"}],"wp:featuredmedia":[{"embeddable":true,"href":"https:\/\/megablok.com\/fr\/wp-json\/wp\/v2\/media\/27217"}],"wp:attachment":[{"href":"https:\/\/megablok.com\/fr\/wp-json\/wp\/v2\/media?parent=32139"}],"wp:term":[{"taxonomy":"product_brand","embeddable":true,"href":"https:\/\/megablok.com\/fr\/wp-json\/wp\/v2\/product_brand?post=32139"},{"taxonomy":"product_cat","embeddable":true,"href":"https:\/\/megablok.com\/fr\/wp-json\/wp\/v2\/product_cat?post=32139"},{"taxonomy":"product_tag","embeddable":true,"href":"https:\/\/megablok.com\/fr\/wp-json\/wp\/v2\/product_tag?post=32139"}],"curies":[{"name":"wp","href":"https:\/\/api.w.org\/{rel}","templated":true}]}}