{"id":33651,"date":"2025-06-25T06:17:16","date_gmt":"2025-06-25T06:17:16","guid":{"rendered":"https:\/\/megdev01.com\/producto\/taquilla-de-plastico-pb-40-3\/"},"modified":"2026-04-29T07:28:17","modified_gmt":"2026-04-29T07:28:17","slug":"vestiaire-plastique-pb-40-3","status":"publish","type":"product","link":"https:\/\/megablok.com\/fr\/produit\/vestiaire-plastique-pb-40-3\/","title":{"rendered":"Vestiaire en plastique PB-40\/3"},"content":{"rendered":"<p>Fabrique en r\u00e9sines plastiques 100%.<br \/>\n\u00c9paisseur de la porte et les murs de 18mm.<br \/>\nCorps en couleurs blanc et portes selon options.<br \/>\nPorte avec volet de ventilation et serrure a glissement avec serrure extractible et cl\u00e9 passe.<br \/>\nPieds r\u00e9glables en PVC.<br \/>\nLes dimensions sont 1 915 mm de hauteur (1 815+100 pieds) x 1 215 mm de largeur x 470  mm de profondeur.<\/p>\n","protected":false},"excerpt":{"rendered":"<p>Vestiaire en plastique r\u00e9sistant, id\u00e9al pour les installations aquatiques, les vestiaires de piscine ou les zones humides. Il est inoxydable et facile \u00e0 nettoyer.<\/p>\n","protected":false},"featured_media":21570,"template":"","meta":{"_joinchat":[]},"product_brand":[],"product_cat":[926,916],"product_tag":[699,667,669],"class_list":{"0":"post-33651","1":"product","2":"type-product","3":"status-publish","4":"has-post-thumbnail","6":"product_cat-pb","7":"product_cat-taquillas-de-plastico","8":"product_tag-18-puertas","9":"product_tag-3-columnas","10":"product_tag-400-mm","12":"first","13":"instock","14":"sold-individually","15":"shipping-taxable","16":"purchasable","17":"product-type-simple"},"yoast_head":"<!-- This site is optimized with the Yoast SEO plugin v27.6 - https:\/\/yoast.com\/product\/yoast-seo-wordpress\/ -->\n<title>Vestiaire en plastique PB-40\/3 - Megablok<\/title>\n<meta name=\"robots\" content=\"index, follow, max-snippet:-1, max-image-preview:large, max-video-preview:-1\" \/>\n<link rel=\"canonical\" href=\"https:\/\/megablok.com\/fr\/produit\/vestiaire-plastique-pb-40-3\/\" \/>\n<meta property=\"og:locale\" content=\"fr_FR\" \/>\n<meta property=\"og:type\" content=\"article\" \/>\n<meta property=\"og:title\" content=\"Vestiaire en plastique PB-40\/3 - Megablok\" \/>\n<meta property=\"og:description\" content=\"Vestiaire en plastique r\u00e9sistant, id\u00e9al pour les installations aquatiques, les vestiaires de piscine ou les zones humides. Il est inoxydable et facile \u00e0 nettoyer.\" \/>\n<meta property=\"og:url\" content=\"https:\/\/megablok.com\/fr\/produit\/vestiaire-plastique-pb-40-3\/\" \/>\n<meta property=\"og:site_name\" content=\"Megablok\" \/>\n<meta property=\"article:modified_time\" content=\"2026-04-29T07:28:17+00:00\" \/>\n<meta property=\"og:image\" content=\"https:\/\/megablok.com\/wp-content\/uploads\/2025\/05\/PB-40-3.jpg\" \/>\n\t<meta property=\"og:image:width\" content=\"600\" \/>\n\t<meta property=\"og:image:height\" content=\"600\" \/>\n\t<meta property=\"og:image:type\" content=\"image\/jpeg\" \/>\n<meta name=\"twitter:card\" content=\"summary_large_image\" \/>\n<meta name=\"twitter:label1\" content=\"Dur\u00e9e de lecture estim\u00e9e\" \/>\n\t<meta name=\"twitter:data1\" content=\"1 minute\" \/>\n<script type=\"application\/ld+json\" class=\"yoast-schema-graph\">{\"@context\":\"https:\\\/\\\/schema.org\",\"@graph\":[{\"@type\":\"WebPage\",\"@id\":\"https:\\\/\\\/megablok.com\\\/fr\\\/produit\\\/vestiaire-plastique-pb-40-3\\\/\",\"url\":\"https:\\\/\\\/megablok.com\\\/fr\\\/produit\\\/vestiaire-plastique-pb-40-3\\\/\",\"name\":\"Vestiaire en plastique PB-40\\\/3 - Megablok\",\"isPartOf\":{\"@id\":\"https:\\\/\\\/megablok.com\\\/fr\\\/#website\"},\"primaryImageOfPage\":{\"@id\":\"https:\\\/\\\/megablok.com\\\/fr\\\/produit\\\/vestiaire-plastique-pb-40-3\\\/#primaryimage\"},\"image\":{\"@id\":\"https:\\\/\\\/megablok.com\\\/fr\\\/produit\\\/vestiaire-plastique-pb-40-3\\\/#primaryimage\"},\"thumbnailUrl\":\"https:\\\/\\\/megablok.com\\\/wp-content\\\/uploads\\\/2025\\\/05\\\/PB-40-3.jpg\",\"datePublished\":\"2025-06-25T06:17:16+00:00\",\"dateModified\":\"2026-04-29T07:28:17+00:00\",\"breadcrumb\":{\"@id\":\"https:\\\/\\\/megablok.com\\\/fr\\\/produit\\\/vestiaire-plastique-pb-40-3\\\/#breadcrumb\"},\"inLanguage\":\"fr-FR\",\"potentialAction\":[{\"@type\":\"ReadAction\",\"target\":[\"https:\\\/\\\/megablok.com\\\/fr\\\/produit\\\/vestiaire-plastique-pb-40-3\\\/\"]}]},{\"@type\":\"ImageObject\",\"inLanguage\":\"fr-FR\",\"@id\":\"https:\\\/\\\/megablok.com\\\/fr\\\/produit\\\/vestiaire-plastique-pb-40-3\\\/#primaryimage\",\"url\":\"https:\\\/\\\/megablok.com\\\/wp-content\\\/uploads\\\/2025\\\/05\\\/PB-40-3.jpg\",\"contentUrl\":\"https:\\\/\\\/megablok.com\\\/wp-content\\\/uploads\\\/2025\\\/05\\\/PB-40-3.jpg\",\"width\":600,\"height\":600,\"caption\":\"Taquilla de pl\u00e1stico\"},{\"@type\":\"BreadcrumbList\",\"@id\":\"https:\\\/\\\/megablok.com\\\/fr\\\/produit\\\/vestiaire-plastique-pb-40-3\\\/#breadcrumb\",\"itemListElement\":[{\"@type\":\"ListItem\",\"position\":1,\"name\":\"Portada\",\"item\":\"https:\\\/\\\/megablok.com\\\/fr\\\/\"},{\"@type\":\"ListItem\",\"position\":2,\"name\":\"Boutique\",\"item\":\"https:\\\/\\\/megablok.com\\\/fr\\\/boutique\\\/\"},{\"@type\":\"ListItem\",\"position\":3,\"name\":\"Vestiaire en plastique PB-40\\\/3\"}]},{\"@type\":\"WebSite\",\"@id\":\"https:\\\/\\\/megablok.com\\\/fr\\\/#website\",\"url\":\"https:\\\/\\\/megablok.com\\\/fr\\\/\",\"name\":\"Megablok\",\"description\":\"Taquillas para vestuarios de empresas y organizaciones\",\"publisher\":{\"@id\":\"https:\\\/\\\/megablok.com\\\/fr\\\/#organization\"},\"potentialAction\":[{\"@type\":\"SearchAction\",\"target\":{\"@type\":\"EntryPoint\",\"urlTemplate\":\"https:\\\/\\\/megablok.com\\\/fr\\\/?s={search_term_string}\"},\"query-input\":{\"@type\":\"PropertyValueSpecification\",\"valueRequired\":true,\"valueName\":\"search_term_string\"}}],\"inLanguage\":\"fr-FR\"},{\"@type\":\"Organization\",\"@id\":\"https:\\\/\\\/megablok.com\\\/fr\\\/#organization\",\"name\":\"Megablok\",\"url\":\"https:\\\/\\\/megablok.com\\\/fr\\\/\",\"logo\":{\"@type\":\"ImageObject\",\"inLanguage\":\"fr-FR\",\"@id\":\"https:\\\/\\\/megablok.com\\\/fr\\\/#\\\/schema\\\/logo\\\/image\\\/\",\"url\":\"https:\\\/\\\/megablok.com\\\/wp-content\\\/uploads\\\/2024\\\/08\\\/270.png\",\"contentUrl\":\"https:\\\/\\\/megablok.com\\\/wp-content\\\/uploads\\\/2024\\\/08\\\/270.png\",\"width\":270,\"height\":270,\"caption\":\"Megablok\"},\"image\":{\"@id\":\"https:\\\/\\\/megablok.com\\\/fr\\\/#\\\/schema\\\/logo\\\/image\\\/\"},\"sameAs\":[\"https:\\\/\\\/www.linkedin.com\\\/company\\\/megablok-s.a.\\\/\",\"https:\\\/\\\/www.instagram.com\\\/megabloksa\\\/\"]}]}<\/script>\n<!-- \/ Yoast SEO plugin. -->","yoast_head_json":{"title":"Vestiaire en plastique PB-40\/3 - Megablok","robots":{"index":"index","follow":"follow","max-snippet":"max-snippet:-1","max-image-preview":"max-image-preview:large","max-video-preview":"max-video-preview:-1"},"canonical":"https:\/\/megablok.com\/fr\/produit\/vestiaire-plastique-pb-40-3\/","og_locale":"fr_FR","og_type":"article","og_title":"Vestiaire en plastique PB-40\/3 - Megablok","og_description":"Vestiaire en plastique r\u00e9sistant, id\u00e9al pour les installations aquatiques, les vestiaires de piscine ou les zones humides. Il est inoxydable et facile \u00e0 nettoyer.","og_url":"https:\/\/megablok.com\/fr\/produit\/vestiaire-plastique-pb-40-3\/","og_site_name":"Megablok","article_modified_time":"2026-04-29T07:28:17+00:00","og_image":[{"width":600,"height":600,"url":"https:\/\/megablok.com\/wp-content\/uploads\/2025\/05\/PB-40-3.jpg","type":"image\/jpeg"}],"twitter_card":"summary_large_image","twitter_misc":{"Dur\u00e9e de lecture estim\u00e9e":"1 minute"},"schema":{"@context":"https:\/\/schema.org","@graph":[{"@type":"WebPage","@id":"https:\/\/megablok.com\/fr\/produit\/vestiaire-plastique-pb-40-3\/","url":"https:\/\/megablok.com\/fr\/produit\/vestiaire-plastique-pb-40-3\/","name":"Vestiaire en plastique PB-40\/3 - Megablok","isPartOf":{"@id":"https:\/\/megablok.com\/fr\/#website"},"primaryImageOfPage":{"@id":"https:\/\/megablok.com\/fr\/produit\/vestiaire-plastique-pb-40-3\/#primaryimage"},"image":{"@id":"https:\/\/megablok.com\/fr\/produit\/vestiaire-plastique-pb-40-3\/#primaryimage"},"thumbnailUrl":"https:\/\/megablok.com\/wp-content\/uploads\/2025\/05\/PB-40-3.jpg","datePublished":"2025-06-25T06:17:16+00:00","dateModified":"2026-04-29T07:28:17+00:00","breadcrumb":{"@id":"https:\/\/megablok.com\/fr\/produit\/vestiaire-plastique-pb-40-3\/#breadcrumb"},"inLanguage":"fr-FR","potentialAction":[{"@type":"ReadAction","target":["https:\/\/megablok.com\/fr\/produit\/vestiaire-plastique-pb-40-3\/"]}]},{"@type":"ImageObject","inLanguage":"fr-FR","@id":"https:\/\/megablok.com\/fr\/produit\/vestiaire-plastique-pb-40-3\/#primaryimage","url":"https:\/\/megablok.com\/wp-content\/uploads\/2025\/05\/PB-40-3.jpg","contentUrl":"https:\/\/megablok.com\/wp-content\/uploads\/2025\/05\/PB-40-3.jpg","width":600,"height":600,"caption":"Taquilla de pl\u00e1stico"},{"@type":"BreadcrumbList","@id":"https:\/\/megablok.com\/fr\/produit\/vestiaire-plastique-pb-40-3\/#breadcrumb","itemListElement":[{"@type":"ListItem","position":1,"name":"Portada","item":"https:\/\/megablok.com\/fr\/"},{"@type":"ListItem","position":2,"name":"Boutique","item":"https:\/\/megablok.com\/fr\/boutique\/"},{"@type":"ListItem","position":3,"name":"Vestiaire en plastique PB-40\/3"}]},{"@type":"WebSite","@id":"https:\/\/megablok.com\/fr\/#website","url":"https:\/\/megablok.com\/fr\/","name":"Megablok","description":"Taquillas para vestuarios de empresas y organizaciones","publisher":{"@id":"https:\/\/megablok.com\/fr\/#organization"},"potentialAction":[{"@type":"SearchAction","target":{"@type":"EntryPoint","urlTemplate":"https:\/\/megablok.com\/fr\/?s={search_term_string}"},"query-input":{"@type":"PropertyValueSpecification","valueRequired":true,"valueName":"search_term_string"}}],"inLanguage":"fr-FR"},{"@type":"Organization","@id":"https:\/\/megablok.com\/fr\/#organization","name":"Megablok","url":"https:\/\/megablok.com\/fr\/","logo":{"@type":"ImageObject","inLanguage":"fr-FR","@id":"https:\/\/megablok.com\/fr\/#\/schema\/logo\/image\/","url":"https:\/\/megablok.com\/wp-content\/uploads\/2024\/08\/270.png","contentUrl":"https:\/\/megablok.com\/wp-content\/uploads\/2024\/08\/270.png","width":270,"height":270,"caption":"Megablok"},"image":{"@id":"https:\/\/megablok.com\/fr\/#\/schema\/logo\/image\/"},"sameAs":["https:\/\/www.linkedin.com\/company\/megablok-s.a.\/","https:\/\/www.instagram.com\/megabloksa\/"]}]}},"jetpack_sharing_enabled":true,"_links":{"self":[{"href":"https:\/\/megablok.com\/fr\/wp-json\/wp\/v2\/product\/33651","targetHints":{"allow":["GET"]}}],"collection":[{"href":"https:\/\/megablok.com\/fr\/wp-json\/wp\/v2\/product"}],"about":[{"href":"https:\/\/megablok.com\/fr\/wp-json\/wp\/v2\/types\/product"}],"wp:featuredmedia":[{"embeddable":true,"href":"https:\/\/megablok.com\/fr\/wp-json\/wp\/v2\/media\/21570"}],"wp:attachment":[{"href":"https:\/\/megablok.com\/fr\/wp-json\/wp\/v2\/media?parent=33651"}],"wp:term":[{"taxonomy":"product_brand","embeddable":true,"href":"https:\/\/megablok.com\/fr\/wp-json\/wp\/v2\/product_brand?post=33651"},{"taxonomy":"product_cat","embeddable":true,"href":"https:\/\/megablok.com\/fr\/wp-json\/wp\/v2\/product_cat?post=33651"},{"taxonomy":"product_tag","embeddable":true,"href":"https:\/\/megablok.com\/fr\/wp-json\/wp\/v2\/product_tag?post=33651"}],"curies":[{"name":"wp","href":"https:\/\/api.w.org\/{rel}","templated":true}]}}