{"id":34776,"date":"2025-06-19T14:18:38","date_gmt":"2025-06-19T14:18:38","guid":{"rendered":"https:\/\/megdev01.com\/producto\/taquilla-electrica-monoblok-e-spe-30-2-e\/"},"modified":"2026-05-08T10:04:31","modified_gmt":"2026-05-08T10:04:31","slug":"vestiaires-electroniques-monoblok-e-spe-30-2-e","status":"publish","type":"product","link":"https:\/\/megablok.com\/fr\/produit\/vestiaires-electroniques-monoblok-e-spe-30-2-e\/","title":{"rendered":"Vestiaire Monoblok-E SP-30\/2-E"},"content":{"rendered":"<p>Vestiaire soud\u00e9 monoblok, fabriqu\u00e9 en t\u00f4le d\u2019acier lamin\u00e9e \u00e0 froid.<br \/>\nPeint en peinture en poudre Epoxi-polyester. Finition micro-textur\u00e9e.<br \/>\nCouleur standard: Corp gris RAL 7035 et portes RAL 5010.<br \/>\nDouble pliage sur le p\u00e9rim\u00e8tre, avec renfort longitudinal, porte \u00e9tiquet\u00e9 et volets d\u2019a\u00e9ration.<br \/>\nBords sans ar\u00eates coupantes et charni\u00e8res occultes.<br \/>\nSerrures standard : serrure \u00e0 cylindre chrom\u00e9e avec deux cl\u00e9s.<br \/>\nChaque casier dispose d\u2019une prise Schuko avec un port USB Type C et un port USB Type A.<br \/>\nC\u00e2ble d&rsquo;alimentation inclus.<br \/>\nLes dimensions sont 1.900 mm hauteur (1 800 + 100 pieds) x 600 mm largeur x 556 mm profondeur.<br \/>\nLes socles, toit inclin\u00e9s et \u00e9tag\u00e8res suppl\u00e9mentaires doivent \u00eatre install\u00e9s par le client.<\/p>\n","protected":false},"excerpt":{"rendered":"<p>Vestiaire Monoblok-E avec serrure \u00e9lectronique et cadre soud\u00e9. Il offre s\u00e9curit\u00e9, contr\u00f4le et technologie dans une solution compacte pour les bureaux, les h\u00f4pitaux ou les \u00e9tablissements publics.<\/p>\n","protected":false},"featured_media":27481,"template":"","meta":{"_joinchat":[]},"product_brand":[],"product_cat":[702,665,666],"product_tag":[807,799,681,670],"class_list":{"0":"post-34776","1":"product","2":"type-product","3":"status-publish","4":"has-post-thumbnail","6":"product_cat-sp-e","7":"product_cat-taquillas_electronicas","8":"product_cat-monobloke","9":"product_tag-10-puertas","10":"product_tag-2-columnas","11":"product_tag-300-mm","12":"product_tag-electrica","14":"first","15":"instock","16":"sold-individually","17":"shipping-taxable","18":"purchasable","19":"product-type-simple"},"yoast_head":"<!-- This site is optimized with the Yoast SEO plugin v27.6 - https:\/\/yoast.com\/product\/yoast-seo-wordpress\/ -->\n<title>Vestiaire Monoblok-E SP-30\/2-E - Megablok<\/title>\n<meta name=\"robots\" content=\"index, follow, max-snippet:-1, max-image-preview:large, max-video-preview:-1\" \/>\n<link rel=\"canonical\" href=\"https:\/\/megablok.com\/fr\/produit\/vestiaires-electroniques-monoblok-e-spe-30-2-e\/\" \/>\n<meta property=\"og:locale\" content=\"fr_FR\" \/>\n<meta property=\"og:type\" content=\"article\" \/>\n<meta property=\"og:title\" content=\"Vestiaire Monoblok-E SP-30\/2-E - Megablok\" \/>\n<meta property=\"og:description\" content=\"Vestiaire Monoblok-E avec serrure \u00e9lectronique et cadre soud\u00e9. Il offre s\u00e9curit\u00e9, contr\u00f4le et technologie dans une solution compacte pour les bureaux, les h\u00f4pitaux ou les \u00e9tablissements publics.\" \/>\n<meta property=\"og:url\" content=\"https:\/\/megablok.com\/fr\/produit\/vestiaires-electroniques-monoblok-e-spe-30-2-e\/\" \/>\n<meta property=\"og:site_name\" content=\"Megablok\" \/>\n<meta property=\"article:modified_time\" content=\"2026-05-08T10:04:31+00:00\" \/>\n<meta property=\"og:image\" content=\"https:\/\/megablok.com\/wp-content\/uploads\/2025\/06\/SP-30-2-E.jpg\" \/>\n\t<meta property=\"og:image:width\" content=\"1000\" \/>\n\t<meta property=\"og:image:height\" content=\"1000\" \/>\n\t<meta property=\"og:image:type\" content=\"image\/jpeg\" \/>\n<meta name=\"twitter:card\" content=\"summary_large_image\" \/>\n<meta name=\"twitter:label1\" content=\"Dur\u00e9e de lecture estim\u00e9e\" \/>\n\t<meta name=\"twitter:data1\" content=\"1 minute\" \/>\n<script type=\"application\/ld+json\" class=\"yoast-schema-graph\">{\"@context\":\"https:\\\/\\\/schema.org\",\"@graph\":[{\"@type\":\"WebPage\",\"@id\":\"https:\\\/\\\/megablok.com\\\/fr\\\/produit\\\/vestiaires-electroniques-monoblok-e-spe-30-2-e\\\/\",\"url\":\"https:\\\/\\\/megablok.com\\\/fr\\\/produit\\\/vestiaires-electroniques-monoblok-e-spe-30-2-e\\\/\",\"name\":\"Vestiaire Monoblok-E SP-30\\\/2-E - Megablok\",\"isPartOf\":{\"@id\":\"https:\\\/\\\/megablok.com\\\/fr\\\/#website\"},\"primaryImageOfPage\":{\"@id\":\"https:\\\/\\\/megablok.com\\\/fr\\\/produit\\\/vestiaires-electroniques-monoblok-e-spe-30-2-e\\\/#primaryimage\"},\"image\":{\"@id\":\"https:\\\/\\\/megablok.com\\\/fr\\\/produit\\\/vestiaires-electroniques-monoblok-e-spe-30-2-e\\\/#primaryimage\"},\"thumbnailUrl\":\"https:\\\/\\\/megablok.com\\\/wp-content\\\/uploads\\\/2025\\\/06\\\/SP-30-2-E.jpg\",\"datePublished\":\"2025-06-19T14:18:38+00:00\",\"dateModified\":\"2026-05-08T10:04:31+00:00\",\"breadcrumb\":{\"@id\":\"https:\\\/\\\/megablok.com\\\/fr\\\/produit\\\/vestiaires-electroniques-monoblok-e-spe-30-2-e\\\/#breadcrumb\"},\"inLanguage\":\"fr-FR\",\"potentialAction\":[{\"@type\":\"ReadAction\",\"target\":[\"https:\\\/\\\/megablok.com\\\/fr\\\/produit\\\/vestiaires-electroniques-monoblok-e-spe-30-2-e\\\/\"]}]},{\"@type\":\"ImageObject\",\"inLanguage\":\"fr-FR\",\"@id\":\"https:\\\/\\\/megablok.com\\\/fr\\\/produit\\\/vestiaires-electroniques-monoblok-e-spe-30-2-e\\\/#primaryimage\",\"url\":\"https:\\\/\\\/megablok.com\\\/wp-content\\\/uploads\\\/2025\\\/06\\\/SP-30-2-E.jpg\",\"contentUrl\":\"https:\\\/\\\/megablok.com\\\/wp-content\\\/uploads\\\/2025\\\/06\\\/SP-30-2-E.jpg\",\"width\":1000,\"height\":1000,\"caption\":\"taquilla el\u00e9ctrica\"},{\"@type\":\"BreadcrumbList\",\"@id\":\"https:\\\/\\\/megablok.com\\\/fr\\\/produit\\\/vestiaires-electroniques-monoblok-e-spe-30-2-e\\\/#breadcrumb\",\"itemListElement\":[{\"@type\":\"ListItem\",\"position\":1,\"name\":\"Portada\",\"item\":\"https:\\\/\\\/megablok.com\\\/fr\\\/\"},{\"@type\":\"ListItem\",\"position\":2,\"name\":\"Boutique\",\"item\":\"https:\\\/\\\/megablok.com\\\/fr\\\/boutique\\\/\"},{\"@type\":\"ListItem\",\"position\":3,\"name\":\"Vestiaire Monoblok-E SP-30\\\/2-E\"}]},{\"@type\":\"WebSite\",\"@id\":\"https:\\\/\\\/megablok.com\\\/fr\\\/#website\",\"url\":\"https:\\\/\\\/megablok.com\\\/fr\\\/\",\"name\":\"Megablok\",\"description\":\"Taquillas para vestuarios de empresas y organizaciones\",\"publisher\":{\"@id\":\"https:\\\/\\\/megablok.com\\\/fr\\\/#organization\"},\"potentialAction\":[{\"@type\":\"SearchAction\",\"target\":{\"@type\":\"EntryPoint\",\"urlTemplate\":\"https:\\\/\\\/megablok.com\\\/fr\\\/?s={search_term_string}\"},\"query-input\":{\"@type\":\"PropertyValueSpecification\",\"valueRequired\":true,\"valueName\":\"search_term_string\"}}],\"inLanguage\":\"fr-FR\"},{\"@type\":\"Organization\",\"@id\":\"https:\\\/\\\/megablok.com\\\/fr\\\/#organization\",\"name\":\"Megablok\",\"url\":\"https:\\\/\\\/megablok.com\\\/fr\\\/\",\"logo\":{\"@type\":\"ImageObject\",\"inLanguage\":\"fr-FR\",\"@id\":\"https:\\\/\\\/megablok.com\\\/fr\\\/#\\\/schema\\\/logo\\\/image\\\/\",\"url\":\"https:\\\/\\\/megablok.com\\\/wp-content\\\/uploads\\\/2024\\\/08\\\/270.png\",\"contentUrl\":\"https:\\\/\\\/megablok.com\\\/wp-content\\\/uploads\\\/2024\\\/08\\\/270.png\",\"width\":270,\"height\":270,\"caption\":\"Megablok\"},\"image\":{\"@id\":\"https:\\\/\\\/megablok.com\\\/fr\\\/#\\\/schema\\\/logo\\\/image\\\/\"},\"sameAs\":[\"https:\\\/\\\/www.linkedin.com\\\/company\\\/megablok-s.a.\\\/\",\"https:\\\/\\\/www.instagram.com\\\/megabloksa\\\/\"]}]}<\/script>\n<!-- \/ Yoast SEO plugin. -->","yoast_head_json":{"title":"Vestiaire Monoblok-E SP-30\/2-E - Megablok","robots":{"index":"index","follow":"follow","max-snippet":"max-snippet:-1","max-image-preview":"max-image-preview:large","max-video-preview":"max-video-preview:-1"},"canonical":"https:\/\/megablok.com\/fr\/produit\/vestiaires-electroniques-monoblok-e-spe-30-2-e\/","og_locale":"fr_FR","og_type":"article","og_title":"Vestiaire Monoblok-E SP-30\/2-E - Megablok","og_description":"Vestiaire Monoblok-E avec serrure \u00e9lectronique et cadre soud\u00e9. Il offre s\u00e9curit\u00e9, contr\u00f4le et technologie dans une solution compacte pour les bureaux, les h\u00f4pitaux ou les \u00e9tablissements publics.","og_url":"https:\/\/megablok.com\/fr\/produit\/vestiaires-electroniques-monoblok-e-spe-30-2-e\/","og_site_name":"Megablok","article_modified_time":"2026-05-08T10:04:31+00:00","og_image":[{"width":1000,"height":1000,"url":"https:\/\/megablok.com\/wp-content\/uploads\/2025\/06\/SP-30-2-E.jpg","type":"image\/jpeg"}],"twitter_card":"summary_large_image","twitter_misc":{"Dur\u00e9e de lecture estim\u00e9e":"1 minute"},"schema":{"@context":"https:\/\/schema.org","@graph":[{"@type":"WebPage","@id":"https:\/\/megablok.com\/fr\/produit\/vestiaires-electroniques-monoblok-e-spe-30-2-e\/","url":"https:\/\/megablok.com\/fr\/produit\/vestiaires-electroniques-monoblok-e-spe-30-2-e\/","name":"Vestiaire Monoblok-E SP-30\/2-E - Megablok","isPartOf":{"@id":"https:\/\/megablok.com\/fr\/#website"},"primaryImageOfPage":{"@id":"https:\/\/megablok.com\/fr\/produit\/vestiaires-electroniques-monoblok-e-spe-30-2-e\/#primaryimage"},"image":{"@id":"https:\/\/megablok.com\/fr\/produit\/vestiaires-electroniques-monoblok-e-spe-30-2-e\/#primaryimage"},"thumbnailUrl":"https:\/\/megablok.com\/wp-content\/uploads\/2025\/06\/SP-30-2-E.jpg","datePublished":"2025-06-19T14:18:38+00:00","dateModified":"2026-05-08T10:04:31+00:00","breadcrumb":{"@id":"https:\/\/megablok.com\/fr\/produit\/vestiaires-electroniques-monoblok-e-spe-30-2-e\/#breadcrumb"},"inLanguage":"fr-FR","potentialAction":[{"@type":"ReadAction","target":["https:\/\/megablok.com\/fr\/produit\/vestiaires-electroniques-monoblok-e-spe-30-2-e\/"]}]},{"@type":"ImageObject","inLanguage":"fr-FR","@id":"https:\/\/megablok.com\/fr\/produit\/vestiaires-electroniques-monoblok-e-spe-30-2-e\/#primaryimage","url":"https:\/\/megablok.com\/wp-content\/uploads\/2025\/06\/SP-30-2-E.jpg","contentUrl":"https:\/\/megablok.com\/wp-content\/uploads\/2025\/06\/SP-30-2-E.jpg","width":1000,"height":1000,"caption":"taquilla el\u00e9ctrica"},{"@type":"BreadcrumbList","@id":"https:\/\/megablok.com\/fr\/produit\/vestiaires-electroniques-monoblok-e-spe-30-2-e\/#breadcrumb","itemListElement":[{"@type":"ListItem","position":1,"name":"Portada","item":"https:\/\/megablok.com\/fr\/"},{"@type":"ListItem","position":2,"name":"Boutique","item":"https:\/\/megablok.com\/fr\/boutique\/"},{"@type":"ListItem","position":3,"name":"Vestiaire Monoblok-E SP-30\/2-E"}]},{"@type":"WebSite","@id":"https:\/\/megablok.com\/fr\/#website","url":"https:\/\/megablok.com\/fr\/","name":"Megablok","description":"Taquillas para vestuarios de empresas y organizaciones","publisher":{"@id":"https:\/\/megablok.com\/fr\/#organization"},"potentialAction":[{"@type":"SearchAction","target":{"@type":"EntryPoint","urlTemplate":"https:\/\/megablok.com\/fr\/?s={search_term_string}"},"query-input":{"@type":"PropertyValueSpecification","valueRequired":true,"valueName":"search_term_string"}}],"inLanguage":"fr-FR"},{"@type":"Organization","@id":"https:\/\/megablok.com\/fr\/#organization","name":"Megablok","url":"https:\/\/megablok.com\/fr\/","logo":{"@type":"ImageObject","inLanguage":"fr-FR","@id":"https:\/\/megablok.com\/fr\/#\/schema\/logo\/image\/","url":"https:\/\/megablok.com\/wp-content\/uploads\/2024\/08\/270.png","contentUrl":"https:\/\/megablok.com\/wp-content\/uploads\/2024\/08\/270.png","width":270,"height":270,"caption":"Megablok"},"image":{"@id":"https:\/\/megablok.com\/fr\/#\/schema\/logo\/image\/"},"sameAs":["https:\/\/www.linkedin.com\/company\/megablok-s.a.\/","https:\/\/www.instagram.com\/megabloksa\/"]}]}},"jetpack_sharing_enabled":true,"_links":{"self":[{"href":"https:\/\/megablok.com\/fr\/wp-json\/wp\/v2\/product\/34776","targetHints":{"allow":["GET"]}}],"collection":[{"href":"https:\/\/megablok.com\/fr\/wp-json\/wp\/v2\/product"}],"about":[{"href":"https:\/\/megablok.com\/fr\/wp-json\/wp\/v2\/types\/product"}],"wp:featuredmedia":[{"embeddable":true,"href":"https:\/\/megablok.com\/fr\/wp-json\/wp\/v2\/media\/27481"}],"wp:attachment":[{"href":"https:\/\/megablok.com\/fr\/wp-json\/wp\/v2\/media?parent=34776"}],"wp:term":[{"taxonomy":"product_brand","embeddable":true,"href":"https:\/\/megablok.com\/fr\/wp-json\/wp\/v2\/product_brand?post=34776"},{"taxonomy":"product_cat","embeddable":true,"href":"https:\/\/megablok.com\/fr\/wp-json\/wp\/v2\/product_cat?post=34776"},{"taxonomy":"product_tag","embeddable":true,"href":"https:\/\/megablok.com\/fr\/wp-json\/wp\/v2\/product_tag?post=34776"}],"curies":[{"name":"wp","href":"https:\/\/api.w.org\/{rel}","templated":true}]}}