{"id":34988,"date":"2025-06-20T12:22:50","date_gmt":"2025-06-20T12:22:50","guid":{"rendered":"https:\/\/megdev01.com\/producto\/taquilla-melamina-mhv-40-3\/"},"modified":"2026-04-24T07:17:04","modified_gmt":"2026-04-24T07:17:04","slug":"vestiaires-melamine-mhv-40-3","status":"publish","type":"product","link":"https:\/\/megablok.com\/fr\/produit\/vestiaires-melamine-mhv-40-3\/","title":{"rendered":"Vestiaire m\u00e9lamine MHV-40\/3"},"content":{"rendered":"<p>Corps et int\u00e9rieur fabriqu\u00e9s en panneau de particules hydrofuge de 19 mm d\u2019\u00e9paisseur, rev\u00eatu de m\u00e9lamine.<br \/>\nCorps en m\u00e9lamine blanche et porte selon options : m\u00e9lamine (19 mm), m\u00e9lamine hydrofuge (19 mm) ou ph\u00e9nolique (12 mm).<br \/>\nPartie arri\u00e9r\u00e9 en tablex perfore de 3mm.<br \/>\nSerrures standard : serrure \u00e0 glissemen avec cylindre amovible et cl\u00e9 passe-partout.<br \/>\nPieds en PVC r\u00e9glables en hauteur.<br \/>\nDispose d\u2019une tringle porte cintres en aluminium avec deux crochets et une \u00e9tag\u00e8re int\u00e9rieure.<br \/>\nPlaques de num\u00e9ration inclus.<br \/>\nLes dimensions sont 1 950 mm hauteur (1 800 + 150 pieds) x 1 192 mm largeur x 500 mm profondeur.<br \/>\nLivr\u00e9 mont\u00e9, sauf les pieds qui doivent \u00eatre install\u00e9s par le client.<br \/>\nLes socles, toit inclin\u00e9s, \u00e9tag\u00e8res suppl\u00e9mentaires et panneaux lat\u00e9raux doivent \u00eatre install\u00e9s par le client.<\/p>\n","protected":false},"excerpt":{"rendered":"<p>Vestiaire en m\u00e9lamine qui offre une esth\u00e9tique chaleureuse et professionnelle sans renoncer \u00e0 la r\u00e9sistance. Id\u00e9al pour des environnements alliant fonctionnalit\u00e9 et design.<\/p>\n","protected":false},"featured_media":24834,"template":"","meta":{"_joinchat":[]},"product_brand":[],"product_cat":[1002,1004,1003],"product_tag":[667,653,669],"class_list":{"0":"post-34988","1":"product","2":"type-product","3":"status-publish","4":"has-post-thumbnail","6":"product_cat-mhv","7":"product_cat-taquillas-melamina","8":"product_cat-taquillas-nometalicas","9":"product_tag-3-columnas","10":"product_tag-3-puertas","11":"product_tag-400-mm","13":"first","14":"instock","15":"sold-individually","16":"shipping-taxable","17":"purchasable","18":"product-type-simple"},"yoast_head":"<!-- This site is optimized with the Yoast SEO plugin v27.6 - https:\/\/yoast.com\/product\/yoast-seo-wordpress\/ -->\n<title>Vestiaire m\u00e9lamine MHV-40\/3 - Megablok<\/title>\n<meta name=\"robots\" content=\"index, follow, max-snippet:-1, max-image-preview:large, max-video-preview:-1\" \/>\n<link rel=\"canonical\" href=\"https:\/\/megablok.com\/fr\/produit\/vestiaires-melamine-mhv-40-3\/\" \/>\n<meta property=\"og:locale\" content=\"fr_FR\" \/>\n<meta property=\"og:type\" content=\"article\" \/>\n<meta property=\"og:title\" content=\"Vestiaire m\u00e9lamine MHV-40\/3 - Megablok\" \/>\n<meta property=\"og:description\" content=\"Vestiaire en m\u00e9lamine qui offre une esth\u00e9tique chaleureuse et professionnelle sans renoncer \u00e0 la r\u00e9sistance. Id\u00e9al pour des environnements alliant fonctionnalit\u00e9 et design.\" \/>\n<meta property=\"og:url\" content=\"https:\/\/megablok.com\/fr\/produit\/vestiaires-melamine-mhv-40-3\/\" \/>\n<meta property=\"og:site_name\" content=\"Megablok\" \/>\n<meta property=\"article:modified_time\" content=\"2026-04-24T07:17:04+00:00\" \/>\n<meta property=\"og:image\" content=\"https:\/\/megablok.com\/wp-content\/uploads\/2025\/07\/MV-40-3-M-060.jpg\" \/>\n\t<meta property=\"og:image:width\" content=\"1000\" \/>\n\t<meta property=\"og:image:height\" content=\"1000\" \/>\n\t<meta property=\"og:image:type\" content=\"image\/jpeg\" \/>\n<meta name=\"twitter:card\" content=\"summary_large_image\" \/>\n<meta name=\"twitter:label1\" content=\"Dur\u00e9e de lecture estim\u00e9e\" \/>\n\t<meta name=\"twitter:data1\" content=\"1 minute\" \/>\n<script type=\"application\/ld+json\" class=\"yoast-schema-graph\">{\"@context\":\"https:\\\/\\\/schema.org\",\"@graph\":[{\"@type\":\"WebPage\",\"@id\":\"https:\\\/\\\/megablok.com\\\/fr\\\/produit\\\/vestiaires-melamine-mhv-40-3\\\/\",\"url\":\"https:\\\/\\\/megablok.com\\\/fr\\\/produit\\\/vestiaires-melamine-mhv-40-3\\\/\",\"name\":\"Vestiaire m\u00e9lamine MHV-40\\\/3 - Megablok\",\"isPartOf\":{\"@id\":\"https:\\\/\\\/megablok.com\\\/fr\\\/#website\"},\"primaryImageOfPage\":{\"@id\":\"https:\\\/\\\/megablok.com\\\/fr\\\/produit\\\/vestiaires-melamine-mhv-40-3\\\/#primaryimage\"},\"image\":{\"@id\":\"https:\\\/\\\/megablok.com\\\/fr\\\/produit\\\/vestiaires-melamine-mhv-40-3\\\/#primaryimage\"},\"thumbnailUrl\":\"https:\\\/\\\/megablok.com\\\/wp-content\\\/uploads\\\/2025\\\/07\\\/MV-40-3-M-060.jpg\",\"datePublished\":\"2025-06-20T12:22:50+00:00\",\"dateModified\":\"2026-04-24T07:17:04+00:00\",\"breadcrumb\":{\"@id\":\"https:\\\/\\\/megablok.com\\\/fr\\\/produit\\\/vestiaires-melamine-mhv-40-3\\\/#breadcrumb\"},\"inLanguage\":\"fr-FR\",\"potentialAction\":[{\"@type\":\"ReadAction\",\"target\":[\"https:\\\/\\\/megablok.com\\\/fr\\\/produit\\\/vestiaires-melamine-mhv-40-3\\\/\"]}]},{\"@type\":\"ImageObject\",\"inLanguage\":\"fr-FR\",\"@id\":\"https:\\\/\\\/megablok.com\\\/fr\\\/produit\\\/vestiaires-melamine-mhv-40-3\\\/#primaryimage\",\"url\":\"https:\\\/\\\/megablok.com\\\/wp-content\\\/uploads\\\/2025\\\/07\\\/MV-40-3-M-060.jpg\",\"contentUrl\":\"https:\\\/\\\/megablok.com\\\/wp-content\\\/uploads\\\/2025\\\/07\\\/MV-40-3-M-060.jpg\",\"width\":1000,\"height\":1000,\"caption\":\"Taquilla melamina\"},{\"@type\":\"BreadcrumbList\",\"@id\":\"https:\\\/\\\/megablok.com\\\/fr\\\/produit\\\/vestiaires-melamine-mhv-40-3\\\/#breadcrumb\",\"itemListElement\":[{\"@type\":\"ListItem\",\"position\":1,\"name\":\"Portada\",\"item\":\"https:\\\/\\\/megablok.com\\\/fr\\\/\"},{\"@type\":\"ListItem\",\"position\":2,\"name\":\"Boutique\",\"item\":\"https:\\\/\\\/megablok.com\\\/fr\\\/boutique\\\/\"},{\"@type\":\"ListItem\",\"position\":3,\"name\":\"Vestiaire m\u00e9lamine MHV-40\\\/3\"}]},{\"@type\":\"WebSite\",\"@id\":\"https:\\\/\\\/megablok.com\\\/fr\\\/#website\",\"url\":\"https:\\\/\\\/megablok.com\\\/fr\\\/\",\"name\":\"Megablok\",\"description\":\"Taquillas para vestuarios de empresas y organizaciones\",\"publisher\":{\"@id\":\"https:\\\/\\\/megablok.com\\\/fr\\\/#organization\"},\"potentialAction\":[{\"@type\":\"SearchAction\",\"target\":{\"@type\":\"EntryPoint\",\"urlTemplate\":\"https:\\\/\\\/megablok.com\\\/fr\\\/?s={search_term_string}\"},\"query-input\":{\"@type\":\"PropertyValueSpecification\",\"valueRequired\":true,\"valueName\":\"search_term_string\"}}],\"inLanguage\":\"fr-FR\"},{\"@type\":\"Organization\",\"@id\":\"https:\\\/\\\/megablok.com\\\/fr\\\/#organization\",\"name\":\"Megablok\",\"url\":\"https:\\\/\\\/megablok.com\\\/fr\\\/\",\"logo\":{\"@type\":\"ImageObject\",\"inLanguage\":\"fr-FR\",\"@id\":\"https:\\\/\\\/megablok.com\\\/fr\\\/#\\\/schema\\\/logo\\\/image\\\/\",\"url\":\"https:\\\/\\\/megablok.com\\\/wp-content\\\/uploads\\\/2024\\\/08\\\/270.png\",\"contentUrl\":\"https:\\\/\\\/megablok.com\\\/wp-content\\\/uploads\\\/2024\\\/08\\\/270.png\",\"width\":270,\"height\":270,\"caption\":\"Megablok\"},\"image\":{\"@id\":\"https:\\\/\\\/megablok.com\\\/fr\\\/#\\\/schema\\\/logo\\\/image\\\/\"},\"sameAs\":[\"https:\\\/\\\/www.linkedin.com\\\/company\\\/megablok-s.a.\\\/\",\"https:\\\/\\\/www.instagram.com\\\/megabloksa\\\/\"]}]}<\/script>\n<!-- \/ Yoast SEO plugin. -->","yoast_head_json":{"title":"Vestiaire m\u00e9lamine MHV-40\/3 - Megablok","robots":{"index":"index","follow":"follow","max-snippet":"max-snippet:-1","max-image-preview":"max-image-preview:large","max-video-preview":"max-video-preview:-1"},"canonical":"https:\/\/megablok.com\/fr\/produit\/vestiaires-melamine-mhv-40-3\/","og_locale":"fr_FR","og_type":"article","og_title":"Vestiaire m\u00e9lamine MHV-40\/3 - Megablok","og_description":"Vestiaire en m\u00e9lamine qui offre une esth\u00e9tique chaleureuse et professionnelle sans renoncer \u00e0 la r\u00e9sistance. Id\u00e9al pour des environnements alliant fonctionnalit\u00e9 et design.","og_url":"https:\/\/megablok.com\/fr\/produit\/vestiaires-melamine-mhv-40-3\/","og_site_name":"Megablok","article_modified_time":"2026-04-24T07:17:04+00:00","og_image":[{"width":1000,"height":1000,"url":"https:\/\/megablok.com\/wp-content\/uploads\/2025\/07\/MV-40-3-M-060.jpg","type":"image\/jpeg"}],"twitter_card":"summary_large_image","twitter_misc":{"Dur\u00e9e de lecture estim\u00e9e":"1 minute"},"schema":{"@context":"https:\/\/schema.org","@graph":[{"@type":"WebPage","@id":"https:\/\/megablok.com\/fr\/produit\/vestiaires-melamine-mhv-40-3\/","url":"https:\/\/megablok.com\/fr\/produit\/vestiaires-melamine-mhv-40-3\/","name":"Vestiaire m\u00e9lamine MHV-40\/3 - Megablok","isPartOf":{"@id":"https:\/\/megablok.com\/fr\/#website"},"primaryImageOfPage":{"@id":"https:\/\/megablok.com\/fr\/produit\/vestiaires-melamine-mhv-40-3\/#primaryimage"},"image":{"@id":"https:\/\/megablok.com\/fr\/produit\/vestiaires-melamine-mhv-40-3\/#primaryimage"},"thumbnailUrl":"https:\/\/megablok.com\/wp-content\/uploads\/2025\/07\/MV-40-3-M-060.jpg","datePublished":"2025-06-20T12:22:50+00:00","dateModified":"2026-04-24T07:17:04+00:00","breadcrumb":{"@id":"https:\/\/megablok.com\/fr\/produit\/vestiaires-melamine-mhv-40-3\/#breadcrumb"},"inLanguage":"fr-FR","potentialAction":[{"@type":"ReadAction","target":["https:\/\/megablok.com\/fr\/produit\/vestiaires-melamine-mhv-40-3\/"]}]},{"@type":"ImageObject","inLanguage":"fr-FR","@id":"https:\/\/megablok.com\/fr\/produit\/vestiaires-melamine-mhv-40-3\/#primaryimage","url":"https:\/\/megablok.com\/wp-content\/uploads\/2025\/07\/MV-40-3-M-060.jpg","contentUrl":"https:\/\/megablok.com\/wp-content\/uploads\/2025\/07\/MV-40-3-M-060.jpg","width":1000,"height":1000,"caption":"Taquilla melamina"},{"@type":"BreadcrumbList","@id":"https:\/\/megablok.com\/fr\/produit\/vestiaires-melamine-mhv-40-3\/#breadcrumb","itemListElement":[{"@type":"ListItem","position":1,"name":"Portada","item":"https:\/\/megablok.com\/fr\/"},{"@type":"ListItem","position":2,"name":"Boutique","item":"https:\/\/megablok.com\/fr\/boutique\/"},{"@type":"ListItem","position":3,"name":"Vestiaire m\u00e9lamine MHV-40\/3"}]},{"@type":"WebSite","@id":"https:\/\/megablok.com\/fr\/#website","url":"https:\/\/megablok.com\/fr\/","name":"Megablok","description":"Taquillas para vestuarios de empresas y organizaciones","publisher":{"@id":"https:\/\/megablok.com\/fr\/#organization"},"potentialAction":[{"@type":"SearchAction","target":{"@type":"EntryPoint","urlTemplate":"https:\/\/megablok.com\/fr\/?s={search_term_string}"},"query-input":{"@type":"PropertyValueSpecification","valueRequired":true,"valueName":"search_term_string"}}],"inLanguage":"fr-FR"},{"@type":"Organization","@id":"https:\/\/megablok.com\/fr\/#organization","name":"Megablok","url":"https:\/\/megablok.com\/fr\/","logo":{"@type":"ImageObject","inLanguage":"fr-FR","@id":"https:\/\/megablok.com\/fr\/#\/schema\/logo\/image\/","url":"https:\/\/megablok.com\/wp-content\/uploads\/2024\/08\/270.png","contentUrl":"https:\/\/megablok.com\/wp-content\/uploads\/2024\/08\/270.png","width":270,"height":270,"caption":"Megablok"},"image":{"@id":"https:\/\/megablok.com\/fr\/#\/schema\/logo\/image\/"},"sameAs":["https:\/\/www.linkedin.com\/company\/megablok-s.a.\/","https:\/\/www.instagram.com\/megabloksa\/"]}]}},"jetpack_sharing_enabled":true,"_links":{"self":[{"href":"https:\/\/megablok.com\/fr\/wp-json\/wp\/v2\/product\/34988","targetHints":{"allow":["GET"]}}],"collection":[{"href":"https:\/\/megablok.com\/fr\/wp-json\/wp\/v2\/product"}],"about":[{"href":"https:\/\/megablok.com\/fr\/wp-json\/wp\/v2\/types\/product"}],"wp:featuredmedia":[{"embeddable":true,"href":"https:\/\/megablok.com\/fr\/wp-json\/wp\/v2\/media\/24834"}],"wp:attachment":[{"href":"https:\/\/megablok.com\/fr\/wp-json\/wp\/v2\/media?parent=34988"}],"wp:term":[{"taxonomy":"product_brand","embeddable":true,"href":"https:\/\/megablok.com\/fr\/wp-json\/wp\/v2\/product_brand?post=34988"},{"taxonomy":"product_cat","embeddable":true,"href":"https:\/\/megablok.com\/fr\/wp-json\/wp\/v2\/product_cat?post=34988"},{"taxonomy":"product_tag","embeddable":true,"href":"https:\/\/megablok.com\/fr\/wp-json\/wp\/v2\/product_tag?post=34988"}],"curies":[{"name":"wp","href":"https:\/\/api.w.org\/{rel}","templated":true}]}}