{"id":26392,"date":"2024-09-12T14:38:42","date_gmt":"2024-09-12T14:38:42","guid":{"rendered":"https:\/\/megdev01.com\/cacifos-ski\/"},"modified":"2026-04-17T10:39:38","modified_gmt":"2026-04-17T10:39:38","slug":"cacifos-ski","status":"publish","type":"page","link":"https:\/\/megablok.com\/pt-pt\/cacifos-ski\/","title":{"rendered":"Cacifos SKI"},"content":{"rendered":"<div class=\"fusion-fullwidth fullwidth-box fusion-builder-row-1 fusion-flex-container has-pattern-background has-mask-background nonhundred-percent-fullwidth non-hundred-percent-height-scrolling\" style=\"--awb-border-radius-top-left:0px;--awb-border-radius-top-right:0px;--awb-border-radius-bottom-right:0px;--awb-border-radius-bottom-left:0px;--awb-flex-wrap:wrap;\" ><div class=\"fusion-builder-row fusion-row fusion-flex-align-items-flex-start fusion-flex-content-wrap\" style=\"max-width:1372.8px;margin-left: calc(-4% \/ 2 );margin-right: calc(-4% \/ 2 );\"><div class=\"fusion-layout-column fusion_builder_column fusion-builder-column-0 fusion_builder_column_1_1 1_1 fusion-flex-column\" style=\"--awb-bg-size:cover;--awb-width-large:100%;--awb-margin-top-large:0px;--awb-spacing-right-large:1.92%;--awb-margin-bottom-large:20px;--awb-spacing-left-large:1.92%;--awb-width-medium:100%;--awb-order-medium:0;--awb-spacing-right-medium:1.92%;--awb-spacing-left-medium:1.92%;--awb-width-small:100%;--awb-order-small:0;--awb-spacing-right-small:1.92%;--awb-spacing-left-small:1.92%;\"><div class=\"fusion-column-wrapper fusion-column-has-shadow fusion-flex-justify-content-flex-start fusion-content-layout-column\"><div class=\"fusion-woo-product-grid fusion-product-archive fusion-woo-product-grid-1 hide-rating hide-buttons\"><ul class=\"products products-2\"><li class=\"product type-product post-34537 status-publish first instock product_cat-taquillas-metalicas product_cat-taquillas-ski product_tag-1-porta has-post-thumbnail sold-individually shipping-taxable purchasable product-type-simple product-grid-view\">\n\t<div class=\"fusion-product-wrapper\">\n<a href=\"https:\/\/megablok.com\/pt-pt\/produto\/cacifo-ski-1\/\" class=\"product-images\" aria-label=\"Cacifo ski SKI-1\">\n\n<div class=\"featured-image\">\n\t\t<img decoding=\"async\" width=\"500\" height=\"500\" src=\"https:\/\/megablok.com\/wp-content\/uploads\/2024\/09\/42500_01-500x500.jpg\" class=\"attachment-woocommerce_thumbnail size-woocommerce_thumbnail lazyload wp-post-image\" alt=\"taquillas ski\" srcset=\"data:image\/svg+xml,%3Csvg%20xmlns%3D%27http%3A%2F%2Fwww.w3.org%2F2000%2Fsvg%27%20width%3D%27600%27%20height%3D%27600%27%20viewBox%3D%270%200%20600%20600%27%3E%3Crect%20width%3D%27600%27%20height%3D%27600%27%20fill-opacity%3D%220%22%2F%3E%3C%2Fsvg%3E\" data-orig-src=\"https:\/\/megablok.com\/wp-content\/uploads\/2024\/09\/42500_01-500x500.jpg\" data-srcset=\"https:\/\/megablok.com\/wp-content\/uploads\/2024\/09\/42500_01-50x50.jpg 50w, https:\/\/megablok.com\/wp-content\/uploads\/2024\/09\/42500_01-66x66.jpg 66w, https:\/\/megablok.com\/wp-content\/uploads\/2024\/09\/42500_01-100x100.jpg 100w, https:\/\/megablok.com\/wp-content\/uploads\/2024\/09\/42500_01-150x150.jpg 150w, https:\/\/megablok.com\/wp-content\/uploads\/2024\/09\/42500_01-200x200.jpg 200w, https:\/\/megablok.com\/wp-content\/uploads\/2024\/09\/42500_01-300x300.jpg 300w, https:\/\/megablok.com\/wp-content\/uploads\/2024\/09\/42500_01-400x400.jpg 400w, https:\/\/megablok.com\/wp-content\/uploads\/2024\/09\/42500_01-500x500.jpg 500w, https:\/\/megablok.com\/wp-content\/uploads\/2024\/09\/42500_01.jpg 600w\" data-sizes=\"auto\" \/>\n\t\t\t\t\t\t<div class=\"cart-loading\"><i class=\"awb-icon-spinner\" aria-hidden=\"true\"><\/i><\/div>\n\t\t\t<\/div>\n<\/a>\n<div class=\"fusion-product-content\">\n\t<div class=\"product-details\">\n\t\t<div class=\"product-details-container\">\n<h3 class=\"product-title\">\n\t<a href=\"https:\/\/megablok.com\/pt-pt\/produto\/cacifo-ski-1\/\">\n\t\tCacifo ski SKI-1\t<\/a>\n<\/h3>\n<div class=\"fusion-price-rating\">\n\n\t\t<\/div>\n\t<\/div>\n<\/div>\n\n\n\t<div class=\"product-buttons\">\n\t\t<div class=\"fusion-content-sep sep-double sep-solid\"><\/div>\n\t\t<div class=\"product-buttons-container clearfix\">\n<a href=\"\/pt-pt\/wp-json\/wp\/v2\/pages\/26392?add-to-cart=34537\" aria-describedby=\"woocommerce_loop_add_to_cart_link_describedby_34537\" data-quantity=\"1\" class=\"button product_type_simple add_to_cart_button ajax_add_to_cart\" data-product_id=\"34537\" data-product_sku=\"SKI-1\" aria-label=\"Adiciona ao carrinho: &ldquo;Cacifo ski SKI-1&rdquo;\" rel=\"nofollow\">Adicionar<\/a>\t<span id=\"woocommerce_loop_add_to_cart_link_describedby_34537\" class=\"screen-reader-text\">\n\t\t\t<\/span>\n\n<a href=\"https:\/\/megablok.com\/pt-pt\/produto\/cacifo-ski-1\/\" class=\"show_details_button\">\n\tDetails<\/a>\n\n\n\t<\/div>\n\t<\/div>\n\n\t<\/div> <\/div>\n<\/li>\n<li class=\"product type-product post-34543 status-publish last instock product_cat-taquillas-metalicas product_cat-taquillas-ski product_tag-1-porta has-post-thumbnail sold-individually shipping-taxable purchasable product-type-simple product-grid-view\">\n\t<div class=\"fusion-product-wrapper\">\n<a href=\"https:\/\/megablok.com\/pt-pt\/produto\/cacifo-ski-2\/\" class=\"product-images\" aria-label=\"Cacifo ski SKI-2\">\n\n<div class=\"featured-image\">\n\t\t<img decoding=\"async\" width=\"500\" height=\"500\" src=\"https:\/\/megablok.com\/wp-content\/uploads\/2024\/09\/42530_01-500x500.jpg\" class=\"attachment-woocommerce_thumbnail size-woocommerce_thumbnail lazyload wp-post-image\" alt=\"taquillas ski\" srcset=\"data:image\/svg+xml,%3Csvg%20xmlns%3D%27http%3A%2F%2Fwww.w3.org%2F2000%2Fsvg%27%20width%3D%27600%27%20height%3D%27600%27%20viewBox%3D%270%200%20600%20600%27%3E%3Crect%20width%3D%27600%27%20height%3D%27600%27%20fill-opacity%3D%220%22%2F%3E%3C%2Fsvg%3E\" data-orig-src=\"https:\/\/megablok.com\/wp-content\/uploads\/2024\/09\/42530_01-500x500.jpg\" data-srcset=\"https:\/\/megablok.com\/wp-content\/uploads\/2024\/09\/42530_01-50x50.jpg 50w, https:\/\/megablok.com\/wp-content\/uploads\/2024\/09\/42530_01-66x66.jpg 66w, https:\/\/megablok.com\/wp-content\/uploads\/2024\/09\/42530_01-100x100.jpg 100w, https:\/\/megablok.com\/wp-content\/uploads\/2024\/09\/42530_01-150x150.jpg 150w, https:\/\/megablok.com\/wp-content\/uploads\/2024\/09\/42530_01-200x200.jpg 200w, https:\/\/megablok.com\/wp-content\/uploads\/2024\/09\/42530_01-300x300.jpg 300w, https:\/\/megablok.com\/wp-content\/uploads\/2024\/09\/42530_01-400x400.jpg 400w, https:\/\/megablok.com\/wp-content\/uploads\/2024\/09\/42530_01-500x500.jpg 500w, https:\/\/megablok.com\/wp-content\/uploads\/2024\/09\/42530_01.jpg 600w\" data-sizes=\"auto\" \/>\n\t\t\t\t\t\t<div class=\"cart-loading\"><i class=\"awb-icon-spinner\" aria-hidden=\"true\"><\/i><\/div>\n\t\t\t<\/div>\n<\/a>\n<div class=\"fusion-product-content\">\n\t<div class=\"product-details\">\n\t\t<div class=\"product-details-container\">\n<h3 class=\"product-title\">\n\t<a href=\"https:\/\/megablok.com\/pt-pt\/produto\/cacifo-ski-2\/\">\n\t\tCacifo ski SKI-2\t<\/a>\n<\/h3>\n<div class=\"fusion-price-rating\">\n\n\t\t<\/div>\n\t<\/div>\n<\/div>\n\n\n\t<div class=\"product-buttons\">\n\t\t<div class=\"fusion-content-sep sep-double sep-solid\"><\/div>\n\t\t<div class=\"product-buttons-container clearfix\">\n<a href=\"\/pt-pt\/wp-json\/wp\/v2\/pages\/26392?add-to-cart=34543\" aria-describedby=\"woocommerce_loop_add_to_cart_link_describedby_34543\" data-quantity=\"1\" class=\"button product_type_simple add_to_cart_button ajax_add_to_cart\" data-product_id=\"34543\" data-product_sku=\"SKI-2\" aria-label=\"Adiciona ao carrinho: &ldquo;Cacifo ski SKI-2&rdquo;\" rel=\"nofollow\">Adicionar<\/a>\t<span id=\"woocommerce_loop_add_to_cart_link_describedby_34543\" class=\"screen-reader-text\">\n\t\t\t<\/span>\n\n<a href=\"https:\/\/megablok.com\/pt-pt\/produto\/cacifo-ski-2\/\" class=\"show_details_button\">\n\tDetails<\/a>\n\n\n\t<\/div>\n\t<\/div>\n\n\t<\/div> <\/div>\n<\/li>\n<\/ul><div class=\"fusion-woo-product-grid-pagination fusion-clearfix\"><\/div><\/div><\/div><\/div><div class=\"fusion-layout-column fusion_builder_column fusion-builder-column-1 fusion_builder_column_1_1 1_1 fusion-flex-column\" style=\"--awb-bg-size:cover;--awb-width-large:100%;--awb-margin-top-large:0px;--awb-spacing-right-large:1.92%;--awb-margin-bottom-large:20px;--awb-spacing-left-large:1.92%;--awb-width-medium:100%;--awb-order-medium:0;--awb-spacing-right-medium:1.92%;--awb-spacing-left-medium:1.92%;--awb-width-small:100%;--awb-order-small:0;--awb-spacing-right-small:1.92%;--awb-spacing-left-small:1.92%;\"><div class=\"fusion-column-wrapper fusion-column-has-shadow fusion-flex-justify-content-flex-start fusion-content-layout-column\"><div class=\"fusion-text fusion-text-1\"><p>Os <b>cacifos SKI<\/b> da <b>Megablok<\/b> foram especificamente concebidos para oferecer uma solu\u00e7\u00e3o segura, pr\u00e1tica e duradoura para o <b>armazenamento de equipamento de esqui. <\/b>Fabricados em a\u00e7o galvanizado, estes cacifos met\u00e1licos s\u00e3o <b>altamente resistentes \u00e0 corros\u00e3o e \u00e0s baixas temperaturas,<\/b> o que os torna ideais para utiliza\u00e7\u00e3o no interior e no exterior. Al\u00e9m disso, t\u00eam a op\u00e7\u00e3o de aquecimento interno para manter as botas de esqui quentes e secas, melhorando a experi\u00eancia do utilizador.<\/p>\n<p>Perfeitos para <b>est\u00e2ncias de esqui, hot\u00e9is de montanha, apartamentos tur\u00edsticos, ref\u00fagios e alojamentos perto de pistas de esqui,<\/b> os cacifos SKI permitem guardar esquis, bast\u00f5es, capacetes e botas de forma organizada e segura num \u00fanico espa\u00e7o. O seu design robusto e funcional garante a m\u00e1xima durabilidade, enquanto a sua versatilidade traz um valor acrescentado \u00e0s instala\u00e7\u00f5es, oferecendo aos clientes conforto, seguran\u00e7a e um servi\u00e7o de excel\u00eancia. Uma solu\u00e7\u00e3o completa para uma gest\u00e3o eficaz e profissional do material desportivo.<\/p>\n<\/div><\/div><\/div><\/div><\/div>\n","protected":false},"excerpt":{"rendered":"","protected":false},"author":1,"featured_media":13155,"parent":0,"menu_order":0,"comment_status":"closed","ping_status":"closed","template":"100-width.php","meta":{"_joinchat":[],"footnotes":""},"class_list":["post-26392","page","type-page","status-publish","has-post-thumbnail","hentry"],"yoast_head":"<!-- This site is optimized with the Yoast SEO plugin v27.6 - https:\/\/yoast.com\/product\/yoast-seo-wordpress\/ -->\n<title>Cacifos SKI - Megablok<\/title>\n<meta name=\"description\" content=\"Cacifos de limpeza e lavandaria para vesti\u00e1rios. Inclui tabuleiros e cabides. Pede um or\u00e7amento sem compromisso.\" \/>\n<meta name=\"robots\" content=\"index, follow, max-snippet:-1, max-image-preview:large, max-video-preview:-1\" \/>\n<link rel=\"canonical\" href=\"https:\/\/megablok.com\/pt-pt\/cacifos-ski\/\" \/>\n<meta property=\"og:locale\" content=\"pt_PT\" \/>\n<meta property=\"og:type\" content=\"article\" \/>\n<meta property=\"og:title\" content=\"Cacifos SKI - Megablok\" \/>\n<meta property=\"og:description\" content=\"Cacifos de limpeza e lavandaria para vesti\u00e1rios. Inclui tabuleiros e cabides. Pede um or\u00e7amento sem compromisso.\" \/>\n<meta property=\"og:url\" content=\"https:\/\/megablok.com\/pt-pt\/cacifos-ski\/\" \/>\n<meta property=\"og:site_name\" content=\"Megablok\" \/>\n<meta property=\"article:modified_time\" content=\"2026-04-17T10:39:38+00:00\" \/>\n<meta property=\"og:image\" content=\"https:\/\/megablok.com\/wp-content\/uploads\/2024\/09\/42000_01.jpg\" \/>\n\t<meta property=\"og:image:width\" content=\"600\" \/>\n\t<meta property=\"og:image:height\" content=\"600\" \/>\n\t<meta property=\"og:image:type\" content=\"image\/jpeg\" \/>\n<meta name=\"twitter:card\" content=\"summary_large_image\" \/>\n<meta name=\"twitter:label1\" content=\"Tempo estimado de leitura\" \/>\n\t<meta name=\"twitter:data1\" content=\"2 minutos\" \/>\n<script type=\"application\/ld+json\" class=\"yoast-schema-graph\">{\"@context\":\"https:\\\/\\\/schema.org\",\"@graph\":[{\"@type\":\"WebPage\",\"@id\":\"https:\\\/\\\/megablok.com\\\/pt-pt\\\/cacifos-ski\\\/\",\"url\":\"https:\\\/\\\/megablok.com\\\/pt-pt\\\/cacifos-ski\\\/\",\"name\":\"Cacifos SKI - Megablok\",\"isPartOf\":{\"@id\":\"https:\\\/\\\/megablok.com\\\/pt-pt\\\/#website\"},\"primaryImageOfPage\":{\"@id\":\"https:\\\/\\\/megablok.com\\\/pt-pt\\\/cacifos-ski\\\/#primaryimage\"},\"image\":{\"@id\":\"https:\\\/\\\/megablok.com\\\/pt-pt\\\/cacifos-ski\\\/#primaryimage\"},\"thumbnailUrl\":\"https:\\\/\\\/megablok.com\\\/wp-content\\\/uploads\\\/2024\\\/09\\\/42000_01.jpg\",\"datePublished\":\"2024-09-12T14:38:42+00:00\",\"dateModified\":\"2026-04-17T10:39:38+00:00\",\"description\":\"Cacifos de limpeza e lavandaria para vesti\u00e1rios. Inclui tabuleiros e cabides. Pede um or\u00e7amento sem compromisso.\",\"breadcrumb\":{\"@id\":\"https:\\\/\\\/megablok.com\\\/pt-pt\\\/cacifos-ski\\\/#breadcrumb\"},\"inLanguage\":\"pt-PT\",\"potentialAction\":[{\"@type\":\"ReadAction\",\"target\":[\"https:\\\/\\\/megablok.com\\\/pt-pt\\\/cacifos-ski\\\/\"]}]},{\"@type\":\"ImageObject\",\"inLanguage\":\"pt-PT\",\"@id\":\"https:\\\/\\\/megablok.com\\\/pt-pt\\\/cacifos-ski\\\/#primaryimage\",\"url\":\"https:\\\/\\\/megablok.com\\\/wp-content\\\/uploads\\\/2024\\\/09\\\/42000_01.jpg\",\"contentUrl\":\"https:\\\/\\\/megablok.com\\\/wp-content\\\/uploads\\\/2024\\\/09\\\/42000_01.jpg\",\"width\":600,\"height\":600,\"caption\":\"taquillas de limpieza\"},{\"@type\":\"BreadcrumbList\",\"@id\":\"https:\\\/\\\/megablok.com\\\/pt-pt\\\/cacifos-ski\\\/#breadcrumb\",\"itemListElement\":[{\"@type\":\"ListItem\",\"position\":1,\"name\":\"Portada\",\"item\":\"https:\\\/\\\/megablok.com\\\/pt-pt\\\/\"},{\"@type\":\"ListItem\",\"position\":2,\"name\":\"Cacifos SKI\"}]},{\"@type\":\"WebSite\",\"@id\":\"https:\\\/\\\/megablok.com\\\/pt-pt\\\/#website\",\"url\":\"https:\\\/\\\/megablok.com\\\/pt-pt\\\/\",\"name\":\"Megablok\",\"description\":\"Taquillas para vestuarios de empresas y organizaciones\",\"publisher\":{\"@id\":\"https:\\\/\\\/megablok.com\\\/pt-pt\\\/#organization\"},\"potentialAction\":[{\"@type\":\"SearchAction\",\"target\":{\"@type\":\"EntryPoint\",\"urlTemplate\":\"https:\\\/\\\/megablok.com\\\/pt-pt\\\/?s={search_term_string}\"},\"query-input\":{\"@type\":\"PropertyValueSpecification\",\"valueRequired\":true,\"valueName\":\"search_term_string\"}}],\"inLanguage\":\"pt-PT\"},{\"@type\":\"Organization\",\"@id\":\"https:\\\/\\\/megablok.com\\\/pt-pt\\\/#organization\",\"name\":\"Megablok\",\"url\":\"https:\\\/\\\/megablok.com\\\/pt-pt\\\/\",\"logo\":{\"@type\":\"ImageObject\",\"inLanguage\":\"pt-PT\",\"@id\":\"https:\\\/\\\/megablok.com\\\/pt-pt\\\/#\\\/schema\\\/logo\\\/image\\\/\",\"url\":\"https:\\\/\\\/megablok.com\\\/wp-content\\\/uploads\\\/2024\\\/08\\\/270.png\",\"contentUrl\":\"https:\\\/\\\/megablok.com\\\/wp-content\\\/uploads\\\/2024\\\/08\\\/270.png\",\"width\":270,\"height\":270,\"caption\":\"Megablok\"},\"image\":{\"@id\":\"https:\\\/\\\/megablok.com\\\/pt-pt\\\/#\\\/schema\\\/logo\\\/image\\\/\"},\"sameAs\":[\"https:\\\/\\\/www.linkedin.com\\\/company\\\/megablok-s.a.\\\/\",\"https:\\\/\\\/www.instagram.com\\\/megabloksa\\\/\"]}]}<\/script>\n<!-- \/ Yoast SEO plugin. -->","yoast_head_json":{"title":"Cacifos SKI - Megablok","description":"Cacifos de limpeza e lavandaria para vesti\u00e1rios. Inclui tabuleiros e cabides. Pede um or\u00e7amento sem compromisso.","robots":{"index":"index","follow":"follow","max-snippet":"max-snippet:-1","max-image-preview":"max-image-preview:large","max-video-preview":"max-video-preview:-1"},"canonical":"https:\/\/megablok.com\/pt-pt\/cacifos-ski\/","og_locale":"pt_PT","og_type":"article","og_title":"Cacifos SKI - Megablok","og_description":"Cacifos de limpeza e lavandaria para vesti\u00e1rios. Inclui tabuleiros e cabides. Pede um or\u00e7amento sem compromisso.","og_url":"https:\/\/megablok.com\/pt-pt\/cacifos-ski\/","og_site_name":"Megablok","article_modified_time":"2026-04-17T10:39:38+00:00","og_image":[{"width":600,"height":600,"url":"https:\/\/megablok.com\/wp-content\/uploads\/2024\/09\/42000_01.jpg","type":"image\/jpeg"}],"twitter_card":"summary_large_image","twitter_misc":{"Tempo estimado de leitura":"2 minutos"},"schema":{"@context":"https:\/\/schema.org","@graph":[{"@type":"WebPage","@id":"https:\/\/megablok.com\/pt-pt\/cacifos-ski\/","url":"https:\/\/megablok.com\/pt-pt\/cacifos-ski\/","name":"Cacifos SKI - Megablok","isPartOf":{"@id":"https:\/\/megablok.com\/pt-pt\/#website"},"primaryImageOfPage":{"@id":"https:\/\/megablok.com\/pt-pt\/cacifos-ski\/#primaryimage"},"image":{"@id":"https:\/\/megablok.com\/pt-pt\/cacifos-ski\/#primaryimage"},"thumbnailUrl":"https:\/\/megablok.com\/wp-content\/uploads\/2024\/09\/42000_01.jpg","datePublished":"2024-09-12T14:38:42+00:00","dateModified":"2026-04-17T10:39:38+00:00","description":"Cacifos de limpeza e lavandaria para vesti\u00e1rios. Inclui tabuleiros e cabides. Pede um or\u00e7amento sem compromisso.","breadcrumb":{"@id":"https:\/\/megablok.com\/pt-pt\/cacifos-ski\/#breadcrumb"},"inLanguage":"pt-PT","potentialAction":[{"@type":"ReadAction","target":["https:\/\/megablok.com\/pt-pt\/cacifos-ski\/"]}]},{"@type":"ImageObject","inLanguage":"pt-PT","@id":"https:\/\/megablok.com\/pt-pt\/cacifos-ski\/#primaryimage","url":"https:\/\/megablok.com\/wp-content\/uploads\/2024\/09\/42000_01.jpg","contentUrl":"https:\/\/megablok.com\/wp-content\/uploads\/2024\/09\/42000_01.jpg","width":600,"height":600,"caption":"taquillas de limpieza"},{"@type":"BreadcrumbList","@id":"https:\/\/megablok.com\/pt-pt\/cacifos-ski\/#breadcrumb","itemListElement":[{"@type":"ListItem","position":1,"name":"Portada","item":"https:\/\/megablok.com\/pt-pt\/"},{"@type":"ListItem","position":2,"name":"Cacifos SKI"}]},{"@type":"WebSite","@id":"https:\/\/megablok.com\/pt-pt\/#website","url":"https:\/\/megablok.com\/pt-pt\/","name":"Megablok","description":"Taquillas para vestuarios de empresas y organizaciones","publisher":{"@id":"https:\/\/megablok.com\/pt-pt\/#organization"},"potentialAction":[{"@type":"SearchAction","target":{"@type":"EntryPoint","urlTemplate":"https:\/\/megablok.com\/pt-pt\/?s={search_term_string}"},"query-input":{"@type":"PropertyValueSpecification","valueRequired":true,"valueName":"search_term_string"}}],"inLanguage":"pt-PT"},{"@type":"Organization","@id":"https:\/\/megablok.com\/pt-pt\/#organization","name":"Megablok","url":"https:\/\/megablok.com\/pt-pt\/","logo":{"@type":"ImageObject","inLanguage":"pt-PT","@id":"https:\/\/megablok.com\/pt-pt\/#\/schema\/logo\/image\/","url":"https:\/\/megablok.com\/wp-content\/uploads\/2024\/08\/270.png","contentUrl":"https:\/\/megablok.com\/wp-content\/uploads\/2024\/08\/270.png","width":270,"height":270,"caption":"Megablok"},"image":{"@id":"https:\/\/megablok.com\/pt-pt\/#\/schema\/logo\/image\/"},"sameAs":["https:\/\/www.linkedin.com\/company\/megablok-s.a.\/","https:\/\/www.instagram.com\/megabloksa\/"]}]}},"jetpack_sharing_enabled":true,"_links":{"self":[{"href":"https:\/\/megablok.com\/pt-pt\/wp-json\/wp\/v2\/pages\/26392","targetHints":{"allow":["GET"]}}],"collection":[{"href":"https:\/\/megablok.com\/pt-pt\/wp-json\/wp\/v2\/pages"}],"about":[{"href":"https:\/\/megablok.com\/pt-pt\/wp-json\/wp\/v2\/types\/page"}],"author":[{"embeddable":true,"href":"https:\/\/megablok.com\/pt-pt\/wp-json\/wp\/v2\/users\/1"}],"replies":[{"embeddable":true,"href":"https:\/\/megablok.com\/pt-pt\/wp-json\/wp\/v2\/comments?post=26392"}],"version-history":[{"count":5,"href":"https:\/\/megablok.com\/pt-pt\/wp-json\/wp\/v2\/pages\/26392\/revisions"}],"predecessor-version":[{"id":36869,"href":"https:\/\/megablok.com\/pt-pt\/wp-json\/wp\/v2\/pages\/26392\/revisions\/36869"}],"wp:featuredmedia":[{"embeddable":true,"href":"https:\/\/megablok.com\/pt-pt\/wp-json\/wp\/v2\/media\/13155"}],"wp:attachment":[{"href":"https:\/\/megablok.com\/pt-pt\/wp-json\/wp\/v2\/media?parent=26392"}],"curies":[{"name":"wp","href":"https:\/\/api.w.org\/{rel}","templated":true}]}}