{"id":26496,"date":"2024-09-17T06:56:17","date_gmt":"2024-09-17T06:56:17","guid":{"rendered":"https:\/\/megdev01.com\/consignacoes-da-serie-de-golfe\/"},"modified":"2026-04-21T13:07:49","modified_gmt":"2026-04-21T13:07:49","slug":"cacifos-golf","status":"publish","type":"page","link":"https:\/\/megablok.com\/pt-pt\/cacifos-golf\/","title":{"rendered":"Cacifos Golf"},"content":{"rendered":"<div class=\"fusion-fullwidth fullwidth-box fusion-builder-row-1 fusion-flex-container has-pattern-background has-mask-background nonhundred-percent-fullwidth non-hundred-percent-height-scrolling\" style=\"--awb-border-radius-top-left:0px;--awb-border-radius-top-right:0px;--awb-border-radius-bottom-right:0px;--awb-border-radius-bottom-left:0px;--awb-flex-wrap:wrap;\" ><div class=\"fusion-builder-row fusion-row fusion-flex-align-items-flex-start fusion-flex-content-wrap\" style=\"max-width:1372.8px;margin-left: calc(-4% \/ 2 );margin-right: calc(-4% \/ 2 );\"><div class=\"fusion-layout-column fusion_builder_column fusion-builder-column-0 fusion_builder_column_1_1 1_1 fusion-flex-column\" style=\"--awb-bg-size:cover;--awb-width-large:100%;--awb-margin-top-large:0px;--awb-spacing-right-large:1.92%;--awb-margin-bottom-large:20px;--awb-spacing-left-large:1.92%;--awb-width-medium:100%;--awb-order-medium:0;--awb-spacing-right-medium:1.92%;--awb-spacing-left-medium:1.92%;--awb-width-small:100%;--awb-order-small:0;--awb-spacing-right-small:1.92%;--awb-spacing-left-small:1.92%;\"><div class=\"fusion-column-wrapper fusion-column-has-shadow fusion-flex-justify-content-flex-start fusion-content-layout-column\"><div class=\"fusion-woo-product-grid fusion-product-archive fusion-woo-product-grid-1 hide-rating hide-buttons\" style=\"--awb-grid-border-color:var(--awb-color1);\"><ul class=\"products products-1\"><li class=\"product type-product post-31172 status-publish first instock product_cat-consignacoes-metal product_cat-series-golfe product_tag-1-porta has-post-thumbnail sold-individually shipping-taxable purchasable product-type-simple product-grid-view\">\n\t<div class=\"fusion-product-wrapper\">\n<a href=\"https:\/\/megablok.com\/pt-pt\/produto\/cacifo-golf-tgolf1p\/\" class=\"product-images\" aria-label=\"Cacifo GOLF TGOLF1P\">\n\n<div class=\"featured-image\">\n\t\t<img decoding=\"async\" width=\"500\" height=\"500\" src=\"https:\/\/megablok.com\/wp-content\/uploads\/2024\/09\/99500_01-500x500.jpg\" class=\"attachment-woocommerce_thumbnail size-woocommerce_thumbnail lazyload wp-post-image\" alt=\"consignas golf\" srcset=\"data:image\/svg+xml,%3Csvg%20xmlns%3D%27http%3A%2F%2Fwww.w3.org%2F2000%2Fsvg%27%20width%3D%27600%27%20height%3D%27600%27%20viewBox%3D%270%200%20600%20600%27%3E%3Crect%20width%3D%27600%27%20height%3D%27600%27%20fill-opacity%3D%220%22%2F%3E%3C%2Fsvg%3E\" data-orig-src=\"https:\/\/megablok.com\/wp-content\/uploads\/2024\/09\/99500_01-500x500.jpg\" data-srcset=\"https:\/\/megablok.com\/wp-content\/uploads\/2024\/09\/99500_01-50x50.jpg 50w, https:\/\/megablok.com\/wp-content\/uploads\/2024\/09\/99500_01-66x66.jpg 66w, https:\/\/megablok.com\/wp-content\/uploads\/2024\/09\/99500_01-100x100.jpg 100w, https:\/\/megablok.com\/wp-content\/uploads\/2024\/09\/99500_01-150x150.jpg 150w, https:\/\/megablok.com\/wp-content\/uploads\/2024\/09\/99500_01-200x200.jpg 200w, https:\/\/megablok.com\/wp-content\/uploads\/2024\/09\/99500_01-300x300.jpg 300w, https:\/\/megablok.com\/wp-content\/uploads\/2024\/09\/99500_01-400x400.jpg 400w, https:\/\/megablok.com\/wp-content\/uploads\/2024\/09\/99500_01-500x500.jpg 500w, https:\/\/megablok.com\/wp-content\/uploads\/2024\/09\/99500_01.jpg 600w\" data-sizes=\"auto\" \/>\n\t\t\t\t\t\t<div class=\"cart-loading\"><i class=\"awb-icon-spinner\" aria-hidden=\"true\"><\/i><\/div>\n\t\t\t<\/div>\n<\/a>\n<div class=\"fusion-product-content\">\n\t<div class=\"product-details\">\n\t\t<div class=\"product-details-container\">\n<h3 class=\"product-title\">\n\t<a href=\"https:\/\/megablok.com\/pt-pt\/produto\/cacifo-golf-tgolf1p\/\">\n\t\tCacifo GOLF TGOLF1P\t<\/a>\n<\/h3>\n<div class=\"fusion-price-rating\">\n\n\t\t<\/div>\n\t<\/div>\n<\/div>\n\n\n\t<div class=\"product-buttons\">\n\t\t<div class=\"fusion-content-sep sep-double sep-solid\"><\/div>\n\t\t<div class=\"product-buttons-container clearfix\">\n<a href=\"\/pt-pt\/wp-json\/wp\/v2\/pages\/26496?add-to-cart=31172\" aria-describedby=\"woocommerce_loop_add_to_cart_link_describedby_31172\" data-quantity=\"1\" class=\"button product_type_simple add_to_cart_button ajax_add_to_cart\" data-product_id=\"31172\" data-product_sku=\"TGOLF1P\" aria-label=\"Adiciona ao carrinho: &ldquo;Cacifo GOLF TGOLF1P&rdquo;\" rel=\"nofollow\">Adicionar<\/a>\t<span id=\"woocommerce_loop_add_to_cart_link_describedby_31172\" class=\"screen-reader-text\">\n\t\t\t<\/span>\n\n<a href=\"https:\/\/megablok.com\/pt-pt\/produto\/cacifo-golf-tgolf1p\/\" class=\"show_details_button\">\n\tDetails<\/a>\n\n\n\t<\/div>\n\t<\/div>\n\n\t<\/div> <\/div>\n<\/li>\n<\/ul><div class=\"fusion-woo-product-grid-pagination fusion-clearfix\"><\/div><\/div><\/div><\/div><div class=\"fusion-layout-column fusion_builder_column fusion-builder-column-1 fusion_builder_column_1_1 1_1 fusion-flex-column\" style=\"--awb-bg-size:cover;--awb-width-large:100%;--awb-margin-top-large:0px;--awb-spacing-right-large:1.92%;--awb-margin-bottom-large:20px;--awb-spacing-left-large:1.92%;--awb-width-medium:100%;--awb-order-medium:0;--awb-spacing-right-medium:1.92%;--awb-spacing-left-medium:1.92%;--awb-width-small:100%;--awb-order-small:0;--awb-spacing-right-small:1.92%;--awb-spacing-left-small:1.92%;\"><div class=\"fusion-column-wrapper fusion-column-has-shadow fusion-flex-justify-content-flex-start fusion-content-layout-column\"><div class=\"fusion-separator fusion-full-width-sep\" style=\"align-self: center;margin-left: auto;margin-right: auto;margin-bottom:20px;width:100%;\"><\/div><div class=\"fusion-text fusion-text-1\"><header id=\"pageHeaderFull\" class=\"page-header page-header--full\">\n<div class=\"page-header__container\">\n<div class=\"page-lead\">\n<p>Os <b>cacifos Megablok Golf Series<\/b> foram especialmente concebidos para oferecer uma solu\u00e7\u00e3o segura, resistente e funcional para o armazenamento de <b>equipamento desportivo em clubes e campos de golfe.<\/b> Fabricados em a\u00e7o de alta qualidade, estes cacifos met\u00e1licos destacam-se pela sua robustez, pelo seu design adaptado \u00e0s dimens\u00f5es dos tacos e sacos de golfe e pela sua facilidade de manuten\u00e7\u00e3o, garantindo uma longa vida \u00fatil em ambientes de uso intensivo.<\/p>\n<p>S\u00e3o a escolha perfeita para <b>clubes de golfe, resorts, hot\u00e9is de golfe e recintos desportivos, <\/b>permitindo aos jogadores guardar o seu equipamento de forma segura, c\u00f3moda e organizada. A sua estrutura s\u00f3lida e personaliz\u00e1vel, juntamente com op\u00e7\u00f5es de fecho seguras, garante uma experi\u00eancia de utiliza\u00e7\u00e3o pr\u00e1tica e fi\u00e1vel. Os cacifos Megablok Golf Series combinam<b> funcionalidade, resist\u00eancia e design<\/b> numa solu\u00e7\u00e3o concebida para satisfazer as necessidades espec\u00edficas dos entusiastas do golfe.<\/p>\n<\/div>\n<\/div>\n<\/header>\n<\/div><\/div><\/div><\/div><\/div>\n","protected":false},"excerpt":{"rendered":"","protected":false},"author":1,"featured_media":13944,"parent":0,"menu_order":0,"comment_status":"closed","ping_status":"closed","template":"100-width.php","meta":{"_joinchat":[],"footnotes":""},"class_list":["post-26496","page","type-page","status-publish","has-post-thumbnail","hentry"],"yoast_head":"<!-- This site is optimized with the Yoast SEO plugin v27.6 - https:\/\/yoast.com\/product\/yoast-seo-wordpress\/ -->\n<title>Cacifos Golf - Megablok<\/title>\n<meta name=\"description\" content=\"Os cacifos da s\u00e9rie Golf s\u00e3o cacifos altamente resistentes para guardar o equipamento de golfe. Pede um or\u00e7amento sem compromisso.\" \/>\n<meta name=\"robots\" content=\"index, follow, max-snippet:-1, max-image-preview:large, max-video-preview:-1\" \/>\n<link rel=\"canonical\" href=\"https:\/\/megablok.com\/pt-pt\/cacifos-golf\/\" \/>\n<meta property=\"og:locale\" content=\"pt_PT\" \/>\n<meta property=\"og:type\" content=\"article\" \/>\n<meta property=\"og:title\" content=\"Cacifos Golf - Megablok\" \/>\n<meta property=\"og:description\" content=\"Os cacifos da s\u00e9rie Golf s\u00e3o cacifos altamente resistentes para guardar o equipamento de golfe. Pede um or\u00e7amento sem compromisso.\" \/>\n<meta property=\"og:url\" content=\"https:\/\/megablok.com\/pt-pt\/cacifos-golf\/\" \/>\n<meta property=\"og:site_name\" content=\"Megablok\" \/>\n<meta property=\"article:modified_time\" content=\"2026-04-21T13:07:49+00:00\" \/>\n<meta property=\"og:image\" content=\"https:\/\/megablok.com\/wp-content\/uploads\/2024\/09\/99500_01.jpg\" \/>\n\t<meta property=\"og:image:width\" content=\"600\" \/>\n\t<meta property=\"og:image:height\" content=\"600\" \/>\n\t<meta property=\"og:image:type\" content=\"image\/jpeg\" \/>\n<meta name=\"twitter:card\" content=\"summary_large_image\" \/>\n<meta name=\"twitter:label1\" content=\"Tempo estimado de leitura\" \/>\n\t<meta name=\"twitter:data1\" content=\"2 minutos\" \/>\n<script type=\"application\/ld+json\" class=\"yoast-schema-graph\">{\"@context\":\"https:\\\/\\\/schema.org\",\"@graph\":[{\"@type\":\"WebPage\",\"@id\":\"https:\\\/\\\/megablok.com\\\/pt-pt\\\/cacifos-golf\\\/\",\"url\":\"https:\\\/\\\/megablok.com\\\/pt-pt\\\/cacifos-golf\\\/\",\"name\":\"Cacifos Golf - Megablok\",\"isPartOf\":{\"@id\":\"https:\\\/\\\/megablok.com\\\/pt-pt\\\/#website\"},\"primaryImageOfPage\":{\"@id\":\"https:\\\/\\\/megablok.com\\\/pt-pt\\\/cacifos-golf\\\/#primaryimage\"},\"image\":{\"@id\":\"https:\\\/\\\/megablok.com\\\/pt-pt\\\/cacifos-golf\\\/#primaryimage\"},\"thumbnailUrl\":\"https:\\\/\\\/megablok.com\\\/wp-content\\\/uploads\\\/2024\\\/09\\\/99500_01.jpg\",\"datePublished\":\"2024-09-17T06:56:17+00:00\",\"dateModified\":\"2026-04-21T13:07:49+00:00\",\"description\":\"Os cacifos da s\u00e9rie Golf s\u00e3o cacifos altamente resistentes para guardar o equipamento de golfe. Pede um or\u00e7amento sem compromisso.\",\"breadcrumb\":{\"@id\":\"https:\\\/\\\/megablok.com\\\/pt-pt\\\/cacifos-golf\\\/#breadcrumb\"},\"inLanguage\":\"pt-PT\",\"potentialAction\":[{\"@type\":\"ReadAction\",\"target\":[\"https:\\\/\\\/megablok.com\\\/pt-pt\\\/cacifos-golf\\\/\"]}]},{\"@type\":\"ImageObject\",\"inLanguage\":\"pt-PT\",\"@id\":\"https:\\\/\\\/megablok.com\\\/pt-pt\\\/cacifos-golf\\\/#primaryimage\",\"url\":\"https:\\\/\\\/megablok.com\\\/wp-content\\\/uploads\\\/2024\\\/09\\\/99500_01.jpg\",\"contentUrl\":\"https:\\\/\\\/megablok.com\\\/wp-content\\\/uploads\\\/2024\\\/09\\\/99500_01.jpg\",\"width\":600,\"height\":600,\"caption\":\"consigna golf\"},{\"@type\":\"BreadcrumbList\",\"@id\":\"https:\\\/\\\/megablok.com\\\/pt-pt\\\/cacifos-golf\\\/#breadcrumb\",\"itemListElement\":[{\"@type\":\"ListItem\",\"position\":1,\"name\":\"Portada\",\"item\":\"https:\\\/\\\/megablok.com\\\/pt-pt\\\/\"},{\"@type\":\"ListItem\",\"position\":2,\"name\":\"Cacifos Golf\"}]},{\"@type\":\"WebSite\",\"@id\":\"https:\\\/\\\/megablok.com\\\/pt-pt\\\/#website\",\"url\":\"https:\\\/\\\/megablok.com\\\/pt-pt\\\/\",\"name\":\"Megablok\",\"description\":\"Taquillas para vestuarios de empresas y organizaciones\",\"publisher\":{\"@id\":\"https:\\\/\\\/megablok.com\\\/pt-pt\\\/#organization\"},\"potentialAction\":[{\"@type\":\"SearchAction\",\"target\":{\"@type\":\"EntryPoint\",\"urlTemplate\":\"https:\\\/\\\/megablok.com\\\/pt-pt\\\/?s={search_term_string}\"},\"query-input\":{\"@type\":\"PropertyValueSpecification\",\"valueRequired\":true,\"valueName\":\"search_term_string\"}}],\"inLanguage\":\"pt-PT\"},{\"@type\":\"Organization\",\"@id\":\"https:\\\/\\\/megablok.com\\\/pt-pt\\\/#organization\",\"name\":\"Megablok\",\"url\":\"https:\\\/\\\/megablok.com\\\/pt-pt\\\/\",\"logo\":{\"@type\":\"ImageObject\",\"inLanguage\":\"pt-PT\",\"@id\":\"https:\\\/\\\/megablok.com\\\/pt-pt\\\/#\\\/schema\\\/logo\\\/image\\\/\",\"url\":\"https:\\\/\\\/megablok.com\\\/wp-content\\\/uploads\\\/2024\\\/08\\\/270.png\",\"contentUrl\":\"https:\\\/\\\/megablok.com\\\/wp-content\\\/uploads\\\/2024\\\/08\\\/270.png\",\"width\":270,\"height\":270,\"caption\":\"Megablok\"},\"image\":{\"@id\":\"https:\\\/\\\/megablok.com\\\/pt-pt\\\/#\\\/schema\\\/logo\\\/image\\\/\"},\"sameAs\":[\"https:\\\/\\\/www.linkedin.com\\\/company\\\/megablok-s.a.\\\/\",\"https:\\\/\\\/www.instagram.com\\\/megabloksa\\\/\"]}]}<\/script>\n<!-- \/ Yoast SEO plugin. -->","yoast_head_json":{"title":"Cacifos Golf - Megablok","description":"Os cacifos da s\u00e9rie Golf s\u00e3o cacifos altamente resistentes para guardar o equipamento de golfe. Pede um or\u00e7amento sem compromisso.","robots":{"index":"index","follow":"follow","max-snippet":"max-snippet:-1","max-image-preview":"max-image-preview:large","max-video-preview":"max-video-preview:-1"},"canonical":"https:\/\/megablok.com\/pt-pt\/cacifos-golf\/","og_locale":"pt_PT","og_type":"article","og_title":"Cacifos Golf - Megablok","og_description":"Os cacifos da s\u00e9rie Golf s\u00e3o cacifos altamente resistentes para guardar o equipamento de golfe. Pede um or\u00e7amento sem compromisso.","og_url":"https:\/\/megablok.com\/pt-pt\/cacifos-golf\/","og_site_name":"Megablok","article_modified_time":"2026-04-21T13:07:49+00:00","og_image":[{"width":600,"height":600,"url":"https:\/\/megablok.com\/wp-content\/uploads\/2024\/09\/99500_01.jpg","type":"image\/jpeg"}],"twitter_card":"summary_large_image","twitter_misc":{"Tempo estimado de leitura":"2 minutos"},"schema":{"@context":"https:\/\/schema.org","@graph":[{"@type":"WebPage","@id":"https:\/\/megablok.com\/pt-pt\/cacifos-golf\/","url":"https:\/\/megablok.com\/pt-pt\/cacifos-golf\/","name":"Cacifos Golf - Megablok","isPartOf":{"@id":"https:\/\/megablok.com\/pt-pt\/#website"},"primaryImageOfPage":{"@id":"https:\/\/megablok.com\/pt-pt\/cacifos-golf\/#primaryimage"},"image":{"@id":"https:\/\/megablok.com\/pt-pt\/cacifos-golf\/#primaryimage"},"thumbnailUrl":"https:\/\/megablok.com\/wp-content\/uploads\/2024\/09\/99500_01.jpg","datePublished":"2024-09-17T06:56:17+00:00","dateModified":"2026-04-21T13:07:49+00:00","description":"Os cacifos da s\u00e9rie Golf s\u00e3o cacifos altamente resistentes para guardar o equipamento de golfe. Pede um or\u00e7amento sem compromisso.","breadcrumb":{"@id":"https:\/\/megablok.com\/pt-pt\/cacifos-golf\/#breadcrumb"},"inLanguage":"pt-PT","potentialAction":[{"@type":"ReadAction","target":["https:\/\/megablok.com\/pt-pt\/cacifos-golf\/"]}]},{"@type":"ImageObject","inLanguage":"pt-PT","@id":"https:\/\/megablok.com\/pt-pt\/cacifos-golf\/#primaryimage","url":"https:\/\/megablok.com\/wp-content\/uploads\/2024\/09\/99500_01.jpg","contentUrl":"https:\/\/megablok.com\/wp-content\/uploads\/2024\/09\/99500_01.jpg","width":600,"height":600,"caption":"consigna golf"},{"@type":"BreadcrumbList","@id":"https:\/\/megablok.com\/pt-pt\/cacifos-golf\/#breadcrumb","itemListElement":[{"@type":"ListItem","position":1,"name":"Portada","item":"https:\/\/megablok.com\/pt-pt\/"},{"@type":"ListItem","position":2,"name":"Cacifos Golf"}]},{"@type":"WebSite","@id":"https:\/\/megablok.com\/pt-pt\/#website","url":"https:\/\/megablok.com\/pt-pt\/","name":"Megablok","description":"Taquillas para vestuarios de empresas y organizaciones","publisher":{"@id":"https:\/\/megablok.com\/pt-pt\/#organization"},"potentialAction":[{"@type":"SearchAction","target":{"@type":"EntryPoint","urlTemplate":"https:\/\/megablok.com\/pt-pt\/?s={search_term_string}"},"query-input":{"@type":"PropertyValueSpecification","valueRequired":true,"valueName":"search_term_string"}}],"inLanguage":"pt-PT"},{"@type":"Organization","@id":"https:\/\/megablok.com\/pt-pt\/#organization","name":"Megablok","url":"https:\/\/megablok.com\/pt-pt\/","logo":{"@type":"ImageObject","inLanguage":"pt-PT","@id":"https:\/\/megablok.com\/pt-pt\/#\/schema\/logo\/image\/","url":"https:\/\/megablok.com\/wp-content\/uploads\/2024\/08\/270.png","contentUrl":"https:\/\/megablok.com\/wp-content\/uploads\/2024\/08\/270.png","width":270,"height":270,"caption":"Megablok"},"image":{"@id":"https:\/\/megablok.com\/pt-pt\/#\/schema\/logo\/image\/"},"sameAs":["https:\/\/www.linkedin.com\/company\/megablok-s.a.\/","https:\/\/www.instagram.com\/megabloksa\/"]}]}},"jetpack_sharing_enabled":true,"_links":{"self":[{"href":"https:\/\/megablok.com\/pt-pt\/wp-json\/wp\/v2\/pages\/26496","targetHints":{"allow":["GET"]}}],"collection":[{"href":"https:\/\/megablok.com\/pt-pt\/wp-json\/wp\/v2\/pages"}],"about":[{"href":"https:\/\/megablok.com\/pt-pt\/wp-json\/wp\/v2\/types\/page"}],"author":[{"embeddable":true,"href":"https:\/\/megablok.com\/pt-pt\/wp-json\/wp\/v2\/users\/1"}],"replies":[{"embeddable":true,"href":"https:\/\/megablok.com\/pt-pt\/wp-json\/wp\/v2\/comments?post=26496"}],"version-history":[{"count":3,"href":"https:\/\/megablok.com\/pt-pt\/wp-json\/wp\/v2\/pages\/26496\/revisions"}],"predecessor-version":[{"id":26499,"href":"https:\/\/megablok.com\/pt-pt\/wp-json\/wp\/v2\/pages\/26496\/revisions\/26499"}],"wp:featuredmedia":[{"embeddable":true,"href":"https:\/\/megablok.com\/pt-pt\/wp-json\/wp\/v2\/media\/13944"}],"wp:attachment":[{"href":"https:\/\/megablok.com\/pt-pt\/wp-json\/wp\/v2\/media?parent=26496"}],"curies":[{"name":"wp","href":"https:\/\/api.w.org\/{rel}","templated":true}]}}