{"id":30795,"date":"2025-05-12T09:18:18","date_gmt":"2025-05-12T09:18:18","guid":{"rendered":"https:\/\/megdev01.com\/charging-boxes\/"},"modified":"2026-04-16T13:39:02","modified_gmt":"2026-04-16T13:39:02","slug":"charging-boxes","status":"publish","type":"page","link":"https:\/\/megablok.com\/pt-pt\/charging-boxes\/","title":{"rendered":"Charging Boxes"},"content":{"rendered":"<div class=\"fusion-fullwidth fullwidth-box fusion-builder-row-1 fusion-flex-container has-pattern-background has-mask-background nonhundred-percent-fullwidth non-hundred-percent-height-scrolling\" style=\"--awb-border-radius-top-left:0px;--awb-border-radius-top-right:0px;--awb-border-radius-bottom-right:0px;--awb-border-radius-bottom-left:0px;--awb-flex-wrap:wrap;\" ><div class=\"fusion-builder-row fusion-row fusion-flex-align-items-flex-start fusion-flex-content-wrap\" style=\"max-width:1372.8px;margin-left: calc(-4% \/ 2 );margin-right: calc(-4% \/ 2 );\"><div class=\"fusion-layout-column fusion_builder_column fusion-builder-column-0 fusion_builder_column_1_1 1_1 fusion-flex-column\" style=\"--awb-bg-size:cover;--awb-width-large:100%;--awb-margin-top-large:0px;--awb-spacing-right-large:1.92%;--awb-margin-bottom-large:20px;--awb-spacing-left-large:1.92%;--awb-width-medium:100%;--awb-order-medium:0;--awb-spacing-right-medium:1.92%;--awb-spacing-left-medium:1.92%;--awb-width-small:100%;--awb-order-small:0;--awb-spacing-right-small:1.92%;--awb-spacing-left-small:1.92%;\"><div class=\"fusion-column-wrapper fusion-column-has-shadow fusion-flex-justify-content-flex-start fusion-content-layout-column\"><div class=\"fusion-woo-product-grid fusion-product-archive fusion-woo-product-grid-1 hide-rating hide-buttons\"><ul class=\"products products-2\"><li class=\"product type-product post-34627 status-publish first instock product_cat-charging-boxes product_cat-taquillas_electronicas product_tag-12-puertas has-post-thumbnail sold-individually shipping-taxable purchasable product-type-simple product-grid-view\">\n\t<div class=\"fusion-product-wrapper\">\n<a href=\"https:\/\/megablok.com\/pt-pt\/produto\/charging-box-12p\/\" class=\"product-images\" aria-label=\"Charging Box 12P\">\n\n<div class=\"featured-image\">\n\t\t<img decoding=\"async\" width=\"500\" height=\"500\" src=\"https:\/\/megablok.com\/wp-content\/uploads\/2025\/05\/Charging-Box-12P-500x500.jpg\" class=\"attachment-woocommerce_thumbnail size-woocommerce_thumbnail lazyload wp-post-image\" alt=\"Charging Box 12P\" srcset=\"data:image\/svg+xml,%3Csvg%20xmlns%3D%27http%3A%2F%2Fwww.w3.org%2F2000%2Fsvg%27%20width%3D%271000%27%20height%3D%271000%27%20viewBox%3D%270%200%201000%201000%27%3E%3Crect%20width%3D%271000%27%20height%3D%271000%27%20fill-opacity%3D%220%22%2F%3E%3C%2Fsvg%3E\" data-orig-src=\"https:\/\/megablok.com\/wp-content\/uploads\/2025\/05\/Charging-Box-12P-500x500.jpg\" data-srcset=\"https:\/\/megablok.com\/wp-content\/uploads\/2025\/05\/Charging-Box-12P-66x66.jpg 66w, https:\/\/megablok.com\/wp-content\/uploads\/2025\/05\/Charging-Box-12P-150x150.jpg 150w, https:\/\/megablok.com\/wp-content\/uploads\/2025\/05\/Charging-Box-12P-200x200.jpg 200w, https:\/\/megablok.com\/wp-content\/uploads\/2025\/05\/Charging-Box-12P-300x300.jpg 300w, https:\/\/megablok.com\/wp-content\/uploads\/2025\/05\/Charging-Box-12P-400x400.jpg 400w, https:\/\/megablok.com\/wp-content\/uploads\/2025\/05\/Charging-Box-12P-500x500.jpg 500w, https:\/\/megablok.com\/wp-content\/uploads\/2025\/05\/Charging-Box-12P-600x600.jpg 600w, https:\/\/megablok.com\/wp-content\/uploads\/2025\/05\/Charging-Box-12P-700x700.jpg 700w, https:\/\/megablok.com\/wp-content\/uploads\/2025\/05\/Charging-Box-12P-768x768.jpg 768w, https:\/\/megablok.com\/wp-content\/uploads\/2025\/05\/Charging-Box-12P-800x800.jpg 800w, https:\/\/megablok.com\/wp-content\/uploads\/2025\/05\/Charging-Box-12P.jpg 1000w\" data-sizes=\"auto\" \/>\n\t\t\t\t\t\t<div class=\"cart-loading\"><i class=\"awb-icon-spinner\" aria-hidden=\"true\"><\/i><\/div>\n\t\t\t<\/div>\n<\/a>\n<div class=\"fusion-product-content\">\n\t<div class=\"product-details\">\n\t\t<div class=\"product-details-container\">\n<h3 class=\"product-title\">\n\t<a href=\"https:\/\/megablok.com\/pt-pt\/produto\/charging-box-12p\/\">\n\t\tCharging Box 12P\t<\/a>\n<\/h3>\n<div class=\"fusion-price-rating\">\n\n\t\t<\/div>\n\t<\/div>\n<\/div>\n\n\n\t<div class=\"product-buttons\">\n\t\t<div class=\"fusion-content-sep sep-double sep-solid\"><\/div>\n\t\t<div class=\"product-buttons-container clearfix\">\n<a href=\"\/pt-pt\/wp-json\/wp\/v2\/pages\/30795?add-to-cart=34627\" aria-describedby=\"woocommerce_loop_add_to_cart_link_describedby_34627\" data-quantity=\"1\" class=\"button product_type_simple add_to_cart_button ajax_add_to_cart\" data-product_id=\"34627\" data-product_sku=\"Charging Box 12P\" aria-label=\"Adiciona ao carrinho: &ldquo;Charging Box 12P&rdquo;\" rel=\"nofollow\">Adicionar<\/a>\t<span id=\"woocommerce_loop_add_to_cart_link_describedby_34627\" class=\"screen-reader-text\">\n\t\t\t<\/span>\n\n<a href=\"https:\/\/megablok.com\/pt-pt\/produto\/charging-box-12p\/\" class=\"show_details_button\">\n\tDetails<\/a>\n\n\n\t<\/div>\n\t<\/div>\n\n\t<\/div> <\/div>\n<\/li>\n<li class=\"product type-product post-34621 status-publish last instock product_cat-charging-boxes product_cat-taquillas_electronicas product_tag-6-puertas has-post-thumbnail sold-individually shipping-taxable purchasable product-type-simple product-grid-view\">\n\t<div class=\"fusion-product-wrapper\">\n<a href=\"https:\/\/megablok.com\/pt-pt\/produto\/charging-box-6p\/\" class=\"product-images\" aria-label=\"Charging Box 6P\">\n\n<div class=\"featured-image\">\n\t\t<img decoding=\"async\" width=\"500\" height=\"500\" src=\"https:\/\/megablok.com\/wp-content\/uploads\/2025\/05\/Charging-box-6P-7035-7035-500x500.jpg\" class=\"attachment-woocommerce_thumbnail size-woocommerce_thumbnail lazyload wp-post-image\" alt=\"Charging box 6P\" srcset=\"data:image\/svg+xml,%3Csvg%20xmlns%3D%27http%3A%2F%2Fwww.w3.org%2F2000%2Fsvg%27%20width%3D%271000%27%20height%3D%271000%27%20viewBox%3D%270%200%201000%201000%27%3E%3Crect%20width%3D%271000%27%20height%3D%271000%27%20fill-opacity%3D%220%22%2F%3E%3C%2Fsvg%3E\" data-orig-src=\"https:\/\/megablok.com\/wp-content\/uploads\/2025\/05\/Charging-box-6P-7035-7035-500x500.jpg\" data-srcset=\"https:\/\/megablok.com\/wp-content\/uploads\/2025\/05\/Charging-box-6P-7035-7035-66x66.jpg 66w, https:\/\/megablok.com\/wp-content\/uploads\/2025\/05\/Charging-box-6P-7035-7035-150x150.jpg 150w, https:\/\/megablok.com\/wp-content\/uploads\/2025\/05\/Charging-box-6P-7035-7035-200x200.jpg 200w, https:\/\/megablok.com\/wp-content\/uploads\/2025\/05\/Charging-box-6P-7035-7035-300x300.jpg 300w, https:\/\/megablok.com\/wp-content\/uploads\/2025\/05\/Charging-box-6P-7035-7035-400x400.jpg 400w, https:\/\/megablok.com\/wp-content\/uploads\/2025\/05\/Charging-box-6P-7035-7035-500x500.jpg 500w, https:\/\/megablok.com\/wp-content\/uploads\/2025\/05\/Charging-box-6P-7035-7035-600x600.jpg 600w, https:\/\/megablok.com\/wp-content\/uploads\/2025\/05\/Charging-box-6P-7035-7035-700x700.jpg 700w, https:\/\/megablok.com\/wp-content\/uploads\/2025\/05\/Charging-box-6P-7035-7035-768x768.jpg 768w, https:\/\/megablok.com\/wp-content\/uploads\/2025\/05\/Charging-box-6P-7035-7035-800x800.jpg 800w, https:\/\/megablok.com\/wp-content\/uploads\/2025\/05\/Charging-box-6P-7035-7035.jpg 1000w\" data-sizes=\"auto\" \/>\n\t\t\t\t\t\t<div class=\"cart-loading\"><i class=\"awb-icon-spinner\" aria-hidden=\"true\"><\/i><\/div>\n\t\t\t<\/div>\n<\/a>\n<div class=\"fusion-product-content\">\n\t<div class=\"product-details\">\n\t\t<div class=\"product-details-container\">\n<h3 class=\"product-title\">\n\t<a href=\"https:\/\/megablok.com\/pt-pt\/produto\/charging-box-6p\/\">\n\t\tCharging Box 6P\t<\/a>\n<\/h3>\n<div class=\"fusion-price-rating\">\n\n\t\t<\/div>\n\t<\/div>\n<\/div>\n\n\n\t<div class=\"product-buttons\">\n\t\t<div class=\"fusion-content-sep sep-double sep-solid\"><\/div>\n\t\t<div class=\"product-buttons-container clearfix\">\n<a href=\"\/pt-pt\/wp-json\/wp\/v2\/pages\/30795?add-to-cart=34621\" aria-describedby=\"woocommerce_loop_add_to_cart_link_describedby_34621\" data-quantity=\"1\" class=\"button product_type_simple add_to_cart_button ajax_add_to_cart\" data-product_id=\"34621\" data-product_sku=\"Charging Box 6P\" aria-label=\"Adiciona ao carrinho: &ldquo;Charging Box 6P&rdquo;\" rel=\"nofollow\">Adicionar<\/a>\t<span id=\"woocommerce_loop_add_to_cart_link_describedby_34621\" class=\"screen-reader-text\">\n\t\t\t<\/span>\n\n<a href=\"https:\/\/megablok.com\/pt-pt\/produto\/charging-box-6p\/\" class=\"show_details_button\">\n\tDetails<\/a>\n\n\n\t<\/div>\n\t<\/div>\n\n\t<\/div> <\/div>\n<\/li>\n<\/ul><div class=\"fusion-woo-product-grid-pagination fusion-clearfix\"><\/div><\/div><\/div><\/div><div class=\"fusion-layout-column fusion_builder_column fusion-builder-column-1 fusion_builder_column_1_1 1_1 fusion-flex-column\" style=\"--awb-bg-size:cover;--awb-width-large:100%;--awb-margin-top-large:0px;--awb-spacing-right-large:1.92%;--awb-margin-bottom-large:20px;--awb-spacing-left-large:1.92%;--awb-width-medium:100%;--awb-order-medium:0;--awb-spacing-right-medium:1.92%;--awb-spacing-left-medium:1.92%;--awb-width-small:100%;--awb-order-small:0;--awb-spacing-right-small:1.92%;--awb-spacing-left-small:1.92%;\"><div class=\"fusion-column-wrapper fusion-column-has-shadow fusion-flex-justify-content-flex-start fusion-content-layout-column\"><div class=\"fusion-text fusion-text-1\"><header id=\"pageHeaderFull\" class=\"page-header page-header--full\">\n<div class=\"page-header__container\">\n<div class=\"page-lead\">Las <b>Charging Boxes Megablok<\/b> s\u00e3o a solu\u00e7\u00e3o perfeita para oferecer um <b>servi\u00e7o seguro de carregamento de dispositivos m\u00f3veis em espa\u00e7os compartilhados. <\/b>Fabricadas em a\u00e7o de alta qualidade e equipadas com sistemas de carga seguros, estas inscritas permitem que usu\u00e1rios <b>guardar e carregar seus telefones, tablets ou outros dispositivos com total tranquilidade.<\/b> Ideals para<b> escolas, universidades, escrit\u00f3rios, gin\u00e1sios, centros comerciais, aeroportos e espa\u00e7os de trabalho,<\/b> As Charging Boxes melhoram a experi\u00eancia do usu\u00e1rio e incentivam a conex\u00e3o com o ambiente, aumentando a satisfa\u00e7\u00e3o e o tempo de perman\u00eancia no local. Uma solu\u00e7\u00e3o segura, funcional e lista para usar desde o primeiro dia.<\/div>\n<\/div>\n<\/header>\n<\/div><\/div><\/div><\/div><\/div>\n","protected":false},"excerpt":{"rendered":"","protected":false},"author":1,"featured_media":17068,"parent":0,"menu_order":0,"comment_status":"closed","ping_status":"closed","template":"100-width.php","meta":{"_joinchat":[],"footnotes":""},"class_list":["post-30795","page","type-page","status-publish","has-post-thumbnail","hentry"],"yoast_head":"<!-- This site is optimized with the Yoast SEO plugin v27.6 - https:\/\/yoast.com\/product\/yoast-seo-wordpress\/ -->\n<title>Charging Boxes - Megablok<\/title>\n<meta name=\"description\" content=\"Charging boxes. Taquillas para guardar m\u00f3veis enquanto carregam. Para escolas, bares e outros neg\u00f3cios. Solicita or\u00e7amento sem compromisso.\" \/>\n<meta name=\"robots\" content=\"index, follow, max-snippet:-1, max-image-preview:large, max-video-preview:-1\" \/>\n<link rel=\"canonical\" href=\"https:\/\/megablok.com\/pt-pt\/charging-boxes\/\" \/>\n<meta property=\"og:locale\" content=\"pt_PT\" \/>\n<meta property=\"og:type\" content=\"article\" \/>\n<meta property=\"og:title\" content=\"Charging Boxes - Megablok\" \/>\n<meta property=\"og:description\" content=\"Charging boxes. Taquillas para guardar m\u00f3veis enquanto carregam. Para escolas, bares e outros neg\u00f3cios. Solicita or\u00e7amento sem compromisso.\" \/>\n<meta property=\"og:url\" content=\"https:\/\/megablok.com\/pt-pt\/charging-boxes\/\" \/>\n<meta property=\"og:site_name\" content=\"Megablok\" \/>\n<meta property=\"article:modified_time\" content=\"2026-04-16T13:39:02+00:00\" \/>\n<meta property=\"og:image\" content=\"https:\/\/megablok.com\/wp-content\/uploads\/2024\/09\/34008_01-1.jpg\" \/>\n\t<meta property=\"og:image:width\" content=\"600\" \/>\n\t<meta property=\"og:image:height\" content=\"600\" \/>\n\t<meta property=\"og:image:type\" content=\"image\/jpeg\" \/>\n<meta name=\"twitter:card\" content=\"summary_large_image\" \/>\n<meta name=\"twitter:label1\" content=\"Tempo estimado de leitura\" \/>\n\t<meta name=\"twitter:data1\" content=\"2 minutos\" \/>\n<script type=\"application\/ld+json\" class=\"yoast-schema-graph\">{\"@context\":\"https:\\\/\\\/schema.org\",\"@graph\":[{\"@type\":\"WebPage\",\"@id\":\"https:\\\/\\\/megablok.com\\\/pt-pt\\\/charging-boxes\\\/\",\"url\":\"https:\\\/\\\/megablok.com\\\/pt-pt\\\/charging-boxes\\\/\",\"name\":\"Charging Boxes - Megablok\",\"isPartOf\":{\"@id\":\"https:\\\/\\\/megablok.com\\\/pt-pt\\\/#website\"},\"primaryImageOfPage\":{\"@id\":\"https:\\\/\\\/megablok.com\\\/pt-pt\\\/charging-boxes\\\/#primaryimage\"},\"image\":{\"@id\":\"https:\\\/\\\/megablok.com\\\/pt-pt\\\/charging-boxes\\\/#primaryimage\"},\"thumbnailUrl\":\"https:\\\/\\\/megablok.com\\\/wp-content\\\/uploads\\\/2024\\\/09\\\/34008_01-1.jpg\",\"datePublished\":\"2025-05-12T09:18:18+00:00\",\"dateModified\":\"2026-04-16T13:39:02+00:00\",\"description\":\"Charging boxes. Taquillas para guardar m\u00f3veis enquanto carregam. Para escolas, bares e outros neg\u00f3cios. Solicita or\u00e7amento sem compromisso.\",\"breadcrumb\":{\"@id\":\"https:\\\/\\\/megablok.com\\\/pt-pt\\\/charging-boxes\\\/#breadcrumb\"},\"inLanguage\":\"pt-PT\",\"potentialAction\":[{\"@type\":\"ReadAction\",\"target\":[\"https:\\\/\\\/megablok.com\\\/pt-pt\\\/charging-boxes\\\/\"]}]},{\"@type\":\"ImageObject\",\"inLanguage\":\"pt-PT\",\"@id\":\"https:\\\/\\\/megablok.com\\\/pt-pt\\\/charging-boxes\\\/#primaryimage\",\"url\":\"https:\\\/\\\/megablok.com\\\/wp-content\\\/uploads\\\/2024\\\/09\\\/34008_01-1.jpg\",\"contentUrl\":\"https:\\\/\\\/megablok.com\\\/wp-content\\\/uploads\\\/2024\\\/09\\\/34008_01-1.jpg\",\"width\":600,\"height\":600},{\"@type\":\"BreadcrumbList\",\"@id\":\"https:\\\/\\\/megablok.com\\\/pt-pt\\\/charging-boxes\\\/#breadcrumb\",\"itemListElement\":[{\"@type\":\"ListItem\",\"position\":1,\"name\":\"Portada\",\"item\":\"https:\\\/\\\/megablok.com\\\/pt-pt\\\/\"},{\"@type\":\"ListItem\",\"position\":2,\"name\":\"Charging Boxes\"}]},{\"@type\":\"WebSite\",\"@id\":\"https:\\\/\\\/megablok.com\\\/pt-pt\\\/#website\",\"url\":\"https:\\\/\\\/megablok.com\\\/pt-pt\\\/\",\"name\":\"Megablok\",\"description\":\"Taquillas para vestuarios de empresas y organizaciones\",\"publisher\":{\"@id\":\"https:\\\/\\\/megablok.com\\\/pt-pt\\\/#organization\"},\"potentialAction\":[{\"@type\":\"SearchAction\",\"target\":{\"@type\":\"EntryPoint\",\"urlTemplate\":\"https:\\\/\\\/megablok.com\\\/pt-pt\\\/?s={search_term_string}\"},\"query-input\":{\"@type\":\"PropertyValueSpecification\",\"valueRequired\":true,\"valueName\":\"search_term_string\"}}],\"inLanguage\":\"pt-PT\"},{\"@type\":\"Organization\",\"@id\":\"https:\\\/\\\/megablok.com\\\/pt-pt\\\/#organization\",\"name\":\"Megablok\",\"url\":\"https:\\\/\\\/megablok.com\\\/pt-pt\\\/\",\"logo\":{\"@type\":\"ImageObject\",\"inLanguage\":\"pt-PT\",\"@id\":\"https:\\\/\\\/megablok.com\\\/pt-pt\\\/#\\\/schema\\\/logo\\\/image\\\/\",\"url\":\"https:\\\/\\\/megablok.com\\\/wp-content\\\/uploads\\\/2024\\\/08\\\/270.png\",\"contentUrl\":\"https:\\\/\\\/megablok.com\\\/wp-content\\\/uploads\\\/2024\\\/08\\\/270.png\",\"width\":270,\"height\":270,\"caption\":\"Megablok\"},\"image\":{\"@id\":\"https:\\\/\\\/megablok.com\\\/pt-pt\\\/#\\\/schema\\\/logo\\\/image\\\/\"},\"sameAs\":[\"https:\\\/\\\/www.linkedin.com\\\/company\\\/megablok-s.a.\\\/\",\"https:\\\/\\\/www.instagram.com\\\/megabloksa\\\/\"]}]}<\/script>\n<!-- \/ Yoast SEO plugin. -->","yoast_head_json":{"title":"Charging Boxes - Megablok","description":"Charging boxes. Taquillas para guardar m\u00f3veis enquanto carregam. Para escolas, bares e outros neg\u00f3cios. Solicita or\u00e7amento sem compromisso.","robots":{"index":"index","follow":"follow","max-snippet":"max-snippet:-1","max-image-preview":"max-image-preview:large","max-video-preview":"max-video-preview:-1"},"canonical":"https:\/\/megablok.com\/pt-pt\/charging-boxes\/","og_locale":"pt_PT","og_type":"article","og_title":"Charging Boxes - Megablok","og_description":"Charging boxes. Taquillas para guardar m\u00f3veis enquanto carregam. Para escolas, bares e outros neg\u00f3cios. Solicita or\u00e7amento sem compromisso.","og_url":"https:\/\/megablok.com\/pt-pt\/charging-boxes\/","og_site_name":"Megablok","article_modified_time":"2026-04-16T13:39:02+00:00","og_image":[{"width":600,"height":600,"url":"https:\/\/megablok.com\/wp-content\/uploads\/2024\/09\/34008_01-1.jpg","type":"image\/jpeg"}],"twitter_card":"summary_large_image","twitter_misc":{"Tempo estimado de leitura":"2 minutos"},"schema":{"@context":"https:\/\/schema.org","@graph":[{"@type":"WebPage","@id":"https:\/\/megablok.com\/pt-pt\/charging-boxes\/","url":"https:\/\/megablok.com\/pt-pt\/charging-boxes\/","name":"Charging Boxes - Megablok","isPartOf":{"@id":"https:\/\/megablok.com\/pt-pt\/#website"},"primaryImageOfPage":{"@id":"https:\/\/megablok.com\/pt-pt\/charging-boxes\/#primaryimage"},"image":{"@id":"https:\/\/megablok.com\/pt-pt\/charging-boxes\/#primaryimage"},"thumbnailUrl":"https:\/\/megablok.com\/wp-content\/uploads\/2024\/09\/34008_01-1.jpg","datePublished":"2025-05-12T09:18:18+00:00","dateModified":"2026-04-16T13:39:02+00:00","description":"Charging boxes. Taquillas para guardar m\u00f3veis enquanto carregam. Para escolas, bares e outros neg\u00f3cios. Solicita or\u00e7amento sem compromisso.","breadcrumb":{"@id":"https:\/\/megablok.com\/pt-pt\/charging-boxes\/#breadcrumb"},"inLanguage":"pt-PT","potentialAction":[{"@type":"ReadAction","target":["https:\/\/megablok.com\/pt-pt\/charging-boxes\/"]}]},{"@type":"ImageObject","inLanguage":"pt-PT","@id":"https:\/\/megablok.com\/pt-pt\/charging-boxes\/#primaryimage","url":"https:\/\/megablok.com\/wp-content\/uploads\/2024\/09\/34008_01-1.jpg","contentUrl":"https:\/\/megablok.com\/wp-content\/uploads\/2024\/09\/34008_01-1.jpg","width":600,"height":600},{"@type":"BreadcrumbList","@id":"https:\/\/megablok.com\/pt-pt\/charging-boxes\/#breadcrumb","itemListElement":[{"@type":"ListItem","position":1,"name":"Portada","item":"https:\/\/megablok.com\/pt-pt\/"},{"@type":"ListItem","position":2,"name":"Charging Boxes"}]},{"@type":"WebSite","@id":"https:\/\/megablok.com\/pt-pt\/#website","url":"https:\/\/megablok.com\/pt-pt\/","name":"Megablok","description":"Taquillas para vestuarios de empresas y organizaciones","publisher":{"@id":"https:\/\/megablok.com\/pt-pt\/#organization"},"potentialAction":[{"@type":"SearchAction","target":{"@type":"EntryPoint","urlTemplate":"https:\/\/megablok.com\/pt-pt\/?s={search_term_string}"},"query-input":{"@type":"PropertyValueSpecification","valueRequired":true,"valueName":"search_term_string"}}],"inLanguage":"pt-PT"},{"@type":"Organization","@id":"https:\/\/megablok.com\/pt-pt\/#organization","name":"Megablok","url":"https:\/\/megablok.com\/pt-pt\/","logo":{"@type":"ImageObject","inLanguage":"pt-PT","@id":"https:\/\/megablok.com\/pt-pt\/#\/schema\/logo\/image\/","url":"https:\/\/megablok.com\/wp-content\/uploads\/2024\/08\/270.png","contentUrl":"https:\/\/megablok.com\/wp-content\/uploads\/2024\/08\/270.png","width":270,"height":270,"caption":"Megablok"},"image":{"@id":"https:\/\/megablok.com\/pt-pt\/#\/schema\/logo\/image\/"},"sameAs":["https:\/\/www.linkedin.com\/company\/megablok-s.a.\/","https:\/\/www.instagram.com\/megabloksa\/"]}]}},"jetpack_sharing_enabled":true,"_links":{"self":[{"href":"https:\/\/megablok.com\/pt-pt\/wp-json\/wp\/v2\/pages\/30795","targetHints":{"allow":["GET"]}}],"collection":[{"href":"https:\/\/megablok.com\/pt-pt\/wp-json\/wp\/v2\/pages"}],"about":[{"href":"https:\/\/megablok.com\/pt-pt\/wp-json\/wp\/v2\/types\/page"}],"author":[{"embeddable":true,"href":"https:\/\/megablok.com\/pt-pt\/wp-json\/wp\/v2\/users\/1"}],"replies":[{"embeddable":true,"href":"https:\/\/megablok.com\/pt-pt\/wp-json\/wp\/v2\/comments?post=30795"}],"version-history":[{"count":2,"href":"https:\/\/megablok.com\/pt-pt\/wp-json\/wp\/v2\/pages\/30795\/revisions"}],"predecessor-version":[{"id":36456,"href":"https:\/\/megablok.com\/pt-pt\/wp-json\/wp\/v2\/pages\/30795\/revisions\/36456"}],"wp:featuredmedia":[{"embeddable":true,"href":"https:\/\/megablok.com\/pt-pt\/wp-json\/wp\/v2\/media\/17068"}],"wp:attachment":[{"href":"https:\/\/megablok.com\/pt-pt\/wp-json\/wp\/v2\/media?parent=30795"}],"curies":[{"name":"wp","href":"https:\/\/api.w.org\/{rel}","templated":true}]}}