{"id":30856,"date":"2024-09-25T11:11:36","date_gmt":"2024-09-25T11:11:36","guid":{"rendered":"https:\/\/megdev01.com\/bancos-em-melamina\/"},"modified":"2026-04-17T07:58:32","modified_gmt":"2026-04-17T07:58:32","slug":"bancos-em-melamina","status":"publish","type":"page","link":"https:\/\/megablok.com\/pt-pt\/bancos-em-melamina\/","title":{"rendered":"Bancos em melamina"},"content":{"rendered":"<div class=\"fusion-fullwidth fullwidth-box fusion-builder-row-1 fusion-flex-container has-pattern-background has-mask-background nonhundred-percent-fullwidth non-hundred-percent-height-scrolling\" style=\"--awb-border-radius-top-left:0px;--awb-border-radius-top-right:0px;--awb-border-radius-bottom-right:0px;--awb-border-radius-bottom-left:0px;--awb-flex-wrap:wrap;\" ><div class=\"fusion-builder-row fusion-row fusion-flex-align-items-flex-start fusion-flex-content-wrap\" style=\"max-width:1372.8px;margin-left: calc(-4% \/ 2 );margin-right: calc(-4% \/ 2 );\"><div class=\"fusion-layout-column fusion_builder_column fusion-builder-column-0 fusion_builder_column_1_1 1_1 fusion-flex-column\" style=\"--awb-bg-size:cover;--awb-width-large:100%;--awb-margin-top-large:0px;--awb-spacing-right-large:1.92%;--awb-margin-bottom-large:20px;--awb-spacing-left-large:1.92%;--awb-width-medium:100%;--awb-order-medium:0;--awb-spacing-right-medium:1.92%;--awb-spacing-left-medium:1.92%;--awb-width-small:100%;--awb-order-small:0;--awb-spacing-right-small:1.92%;--awb-spacing-left-small:1.92%;\"><div class=\"fusion-column-wrapper fusion-column-has-shadow fusion-flex-justify-content-flex-start fusion-content-layout-column\"><div class=\"fusion-woo-product-grid fusion-product-archive fusion-woo-product-grid-1 hide-rating hide-buttons\"><ul class=\"products products-3\"><li class=\"product type-product post-36520 status-publish first instock product_cat-bancos-para-vestuario product_cat-bancos-en-melamina product_tag-1-cara product_tag-1000-mm product_tag-banc-1 has-post-thumbnail sold-individually shipping-taxable purchasable product-type-simple product-grid-view\">\n\t<div class=\"fusion-product-wrapper\">\n<a href=\"https:\/\/megablok.com\/pt-pt\/produto\/bancos-a-madeira-de-tola-banc-me-1-1000\/\" class=\"product-images\" aria-label=\"Banco a madeira de tola BANC-1-ME-1000\">\n\n<div class=\"featured-image\">\n\t\t<img decoding=\"async\" width=\"500\" height=\"500\" src=\"https:\/\/megablok.com\/wp-content\/uploads\/2024\/09\/79008_01-500x500.jpg\" class=\"attachment-woocommerce_thumbnail size-woocommerce_thumbnail lazyload wp-post-image\" alt=\"bancos en melamina\" srcset=\"data:image\/svg+xml,%3Csvg%20xmlns%3D%27http%3A%2F%2Fwww.w3.org%2F2000%2Fsvg%27%20width%3D%27600%27%20height%3D%27600%27%20viewBox%3D%270%200%20600%20600%27%3E%3Crect%20width%3D%27600%27%20height%3D%27600%27%20fill-opacity%3D%220%22%2F%3E%3C%2Fsvg%3E\" data-orig-src=\"https:\/\/megablok.com\/wp-content\/uploads\/2024\/09\/79008_01-500x500.jpg\" data-srcset=\"https:\/\/megablok.com\/wp-content\/uploads\/2024\/09\/79008_01-50x50.jpg 50w, https:\/\/megablok.com\/wp-content\/uploads\/2024\/09\/79008_01-66x66.jpg 66w, https:\/\/megablok.com\/wp-content\/uploads\/2024\/09\/79008_01-100x100.jpg 100w, https:\/\/megablok.com\/wp-content\/uploads\/2024\/09\/79008_01-150x150.jpg 150w, https:\/\/megablok.com\/wp-content\/uploads\/2024\/09\/79008_01-200x200.jpg 200w, https:\/\/megablok.com\/wp-content\/uploads\/2024\/09\/79008_01-300x300.jpg 300w, https:\/\/megablok.com\/wp-content\/uploads\/2024\/09\/79008_01-400x400.jpg 400w, https:\/\/megablok.com\/wp-content\/uploads\/2024\/09\/79008_01-500x500.jpg 500w, https:\/\/megablok.com\/wp-content\/uploads\/2024\/09\/79008_01.jpg 600w\" data-sizes=\"auto\" \/>\n\t\t\t\t\t\t<div class=\"cart-loading\"><i class=\"awb-icon-spinner\" aria-hidden=\"true\"><\/i><\/div>\n\t\t\t<\/div>\n<\/a>\n<div class=\"fusion-product-content\">\n\t<div class=\"product-details\">\n\t\t<div class=\"product-details-container\">\n<h3 class=\"product-title\">\n\t<a href=\"https:\/\/megablok.com\/pt-pt\/produto\/bancos-a-madeira-de-tola-banc-me-1-1000\/\">\n\t\tBanco a madeira de tola BANC-1-ME-1000\t<\/a>\n<\/h3>\n<div class=\"fusion-price-rating\">\n\n\t\t<\/div>\n\t<\/div>\n<\/div>\n\n\n\t<div class=\"product-buttons\">\n\t\t<div class=\"fusion-content-sep sep-double sep-solid\"><\/div>\n\t\t<div class=\"product-buttons-container clearfix\">\n<a href=\"\/pt-pt\/wp-json\/wp\/v2\/pages\/30856?add-to-cart=36520\" aria-describedby=\"woocommerce_loop_add_to_cart_link_describedby_36520\" data-quantity=\"1\" class=\"button product_type_simple add_to_cart_button ajax_add_to_cart\" data-product_id=\"36520\" data-product_sku=\"BANC-1-ME-1000\" aria-label=\"Adiciona ao carrinho: &ldquo;Banco a madeira de tola BANC-1-ME-1000&rdquo;\" rel=\"nofollow\">Adicionar<\/a>\t<span id=\"woocommerce_loop_add_to_cart_link_describedby_36520\" class=\"screen-reader-text\">\n\t\t\t<\/span>\n\n<a href=\"https:\/\/megablok.com\/pt-pt\/produto\/bancos-a-madeira-de-tola-banc-me-1-1000\/\" class=\"show_details_button\">\n\tDetails<\/a>\n\n\n\t<\/div>\n\t<\/div>\n\n\t<\/div> <\/div>\n<\/li>\n<li class=\"product type-product post-36532 status-publish instock product_cat-bancos-para-vestuario product_cat-bancos-en-melamina product_tag-1-cara product_tag-1500-mm product_tag-banc-1 has-post-thumbnail sold-individually shipping-taxable purchasable product-type-simple product-grid-view\">\n\t<div class=\"fusion-product-wrapper\">\n<a href=\"https:\/\/megablok.com\/pt-pt\/produto\/bancos-a-madeira-de-tola-banc-me-1-1500\/\" class=\"product-images\" aria-label=\"Banco a madeira de tola BANC-1-ME-1500\">\n\n<div class=\"featured-image\">\n\t\t<img decoding=\"async\" width=\"500\" height=\"500\" src=\"https:\/\/megablok.com\/wp-content\/uploads\/2024\/09\/79009_01-500x500.jpg\" class=\"attachment-woocommerce_thumbnail size-woocommerce_thumbnail lazyload wp-post-image\" alt=\"bancos en melamina\" srcset=\"data:image\/svg+xml,%3Csvg%20xmlns%3D%27http%3A%2F%2Fwww.w3.org%2F2000%2Fsvg%27%20width%3D%27600%27%20height%3D%27600%27%20viewBox%3D%270%200%20600%20600%27%3E%3Crect%20width%3D%27600%27%20height%3D%27600%27%20fill-opacity%3D%220%22%2F%3E%3C%2Fsvg%3E\" data-orig-src=\"https:\/\/megablok.com\/wp-content\/uploads\/2024\/09\/79009_01-500x500.jpg\" data-srcset=\"https:\/\/megablok.com\/wp-content\/uploads\/2024\/09\/79009_01-50x50.jpg 50w, https:\/\/megablok.com\/wp-content\/uploads\/2024\/09\/79009_01-66x66.jpg 66w, https:\/\/megablok.com\/wp-content\/uploads\/2024\/09\/79009_01-100x100.jpg 100w, https:\/\/megablok.com\/wp-content\/uploads\/2024\/09\/79009_01-150x150.jpg 150w, https:\/\/megablok.com\/wp-content\/uploads\/2024\/09\/79009_01-200x200.jpg 200w, https:\/\/megablok.com\/wp-content\/uploads\/2024\/09\/79009_01-300x300.jpg 300w, https:\/\/megablok.com\/wp-content\/uploads\/2024\/09\/79009_01-400x400.jpg 400w, https:\/\/megablok.com\/wp-content\/uploads\/2024\/09\/79009_01-500x500.jpg 500w, https:\/\/megablok.com\/wp-content\/uploads\/2024\/09\/79009_01.jpg 600w\" data-sizes=\"auto\" \/>\n\t\t\t\t\t\t<div class=\"cart-loading\"><i class=\"awb-icon-spinner\" aria-hidden=\"true\"><\/i><\/div>\n\t\t\t<\/div>\n<\/a>\n<div class=\"fusion-product-content\">\n\t<div class=\"product-details\">\n\t\t<div class=\"product-details-container\">\n<h3 class=\"product-title\">\n\t<a href=\"https:\/\/megablok.com\/pt-pt\/produto\/bancos-a-madeira-de-tola-banc-me-1-1500\/\">\n\t\tBanco a madeira de tola BANC-1-ME-1500\t<\/a>\n<\/h3>\n<div class=\"fusion-price-rating\">\n\n\t\t<\/div>\n\t<\/div>\n<\/div>\n\n\n\t<div class=\"product-buttons\">\n\t\t<div class=\"fusion-content-sep sep-double sep-solid\"><\/div>\n\t\t<div class=\"product-buttons-container clearfix\">\n<a href=\"\/pt-pt\/wp-json\/wp\/v2\/pages\/30856?add-to-cart=36532\" aria-describedby=\"woocommerce_loop_add_to_cart_link_describedby_36532\" data-quantity=\"1\" class=\"button product_type_simple add_to_cart_button ajax_add_to_cart\" data-product_id=\"36532\" data-product_sku=\"BANC-1-ME-1500\" aria-label=\"Adiciona ao carrinho: &ldquo;Banco a madeira de tola BANC-1-ME-1500&rdquo;\" rel=\"nofollow\">Adicionar<\/a>\t<span id=\"woocommerce_loop_add_to_cart_link_describedby_36532\" class=\"screen-reader-text\">\n\t\t\t<\/span>\n\n<a href=\"https:\/\/megablok.com\/pt-pt\/produto\/bancos-a-madeira-de-tola-banc-me-1-1500\/\" class=\"show_details_button\">\n\tDetails<\/a>\n\n\n\t<\/div>\n\t<\/div>\n\n\t<\/div> <\/div>\n<\/li>\n<li class=\"product type-product post-36539 status-publish last instock product_cat-bancos-para-vestuario product_cat-bancos-en-melamina product_tag-1-cara product_tag-2000-mm product_tag-banc-1 has-post-thumbnail sold-individually shipping-taxable purchasable product-type-simple product-grid-view\">\n\t<div class=\"fusion-product-wrapper\">\n<a href=\"https:\/\/megablok.com\/pt-pt\/produto\/bancos-a-madeira-de-tola-banc-me-1-2000\/\" class=\"product-images\" aria-label=\"Banco a madeira de tola BANC-1-ME-2000\">\n\n<div class=\"featured-image\">\n\t\t<img decoding=\"async\" width=\"500\" height=\"500\" src=\"https:\/\/megablok.com\/wp-content\/uploads\/2024\/09\/79011_01-500x500.jpg\" class=\"attachment-woocommerce_thumbnail size-woocommerce_thumbnail lazyload wp-post-image\" alt=\"bancos en melamina\" srcset=\"data:image\/svg+xml,%3Csvg%20xmlns%3D%27http%3A%2F%2Fwww.w3.org%2F2000%2Fsvg%27%20width%3D%27600%27%20height%3D%27600%27%20viewBox%3D%270%200%20600%20600%27%3E%3Crect%20width%3D%27600%27%20height%3D%27600%27%20fill-opacity%3D%220%22%2F%3E%3C%2Fsvg%3E\" data-orig-src=\"https:\/\/megablok.com\/wp-content\/uploads\/2024\/09\/79011_01-500x500.jpg\" data-srcset=\"https:\/\/megablok.com\/wp-content\/uploads\/2024\/09\/79011_01-50x50.jpg 50w, https:\/\/megablok.com\/wp-content\/uploads\/2024\/09\/79011_01-66x66.jpg 66w, https:\/\/megablok.com\/wp-content\/uploads\/2024\/09\/79011_01-100x100.jpg 100w, https:\/\/megablok.com\/wp-content\/uploads\/2024\/09\/79011_01-150x150.jpg 150w, https:\/\/megablok.com\/wp-content\/uploads\/2024\/09\/79011_01-200x200.jpg 200w, https:\/\/megablok.com\/wp-content\/uploads\/2024\/09\/79011_01-300x300.jpg 300w, https:\/\/megablok.com\/wp-content\/uploads\/2024\/09\/79011_01-400x400.jpg 400w, https:\/\/megablok.com\/wp-content\/uploads\/2024\/09\/79011_01-500x500.jpg 500w, https:\/\/megablok.com\/wp-content\/uploads\/2024\/09\/79011_01.jpg 600w\" data-sizes=\"auto\" \/>\n\t\t\t\t\t\t<div class=\"cart-loading\"><i class=\"awb-icon-spinner\" aria-hidden=\"true\"><\/i><\/div>\n\t\t\t<\/div>\n<\/a>\n<div class=\"fusion-product-content\">\n\t<div class=\"product-details\">\n\t\t<div class=\"product-details-container\">\n<h3 class=\"product-title\">\n\t<a href=\"https:\/\/megablok.com\/pt-pt\/produto\/bancos-a-madeira-de-tola-banc-me-1-2000\/\">\n\t\tBanco a madeira de tola BANC-1-ME-2000\t<\/a>\n<\/h3>\n<div class=\"fusion-price-rating\">\n\n\t\t<\/div>\n\t<\/div>\n<\/div>\n\n\n\t<div class=\"product-buttons\">\n\t\t<div class=\"fusion-content-sep sep-double sep-solid\"><\/div>\n\t\t<div class=\"product-buttons-container clearfix\">\n<a href=\"\/pt-pt\/wp-json\/wp\/v2\/pages\/30856?add-to-cart=36539\" aria-describedby=\"woocommerce_loop_add_to_cart_link_describedby_36539\" data-quantity=\"1\" class=\"button product_type_simple add_to_cart_button ajax_add_to_cart\" data-product_id=\"36539\" data-product_sku=\"BANC-1-ME-2000\" aria-label=\"Adiciona ao carrinho: &ldquo;Banco a madeira de tola BANC-1-ME-2000&rdquo;\" rel=\"nofollow\">Adicionar<\/a>\t<span id=\"woocommerce_loop_add_to_cart_link_describedby_36539\" class=\"screen-reader-text\">\n\t\t\t<\/span>\n\n<a href=\"https:\/\/megablok.com\/pt-pt\/produto\/bancos-a-madeira-de-tola-banc-me-1-2000\/\" class=\"show_details_button\">\n\tDetails<\/a>\n\n\n\t<\/div>\n\t<\/div>\n\n\t<\/div> <\/div>\n<\/li>\n<\/ul><div class=\"fusion-woo-product-grid-pagination fusion-clearfix\"><\/div><\/div><\/div><\/div><div class=\"fusion-layout-column fusion_builder_column fusion-builder-column-1 fusion_builder_column_1_1 1_1 fusion-flex-column\" style=\"--awb-bg-size:cover;--awb-width-large:100%;--awb-margin-top-large:0px;--awb-spacing-right-large:1.92%;--awb-margin-bottom-large:20px;--awb-spacing-left-large:1.92%;--awb-width-medium:100%;--awb-order-medium:0;--awb-spacing-right-medium:1.92%;--awb-spacing-left-medium:1.92%;--awb-width-small:100%;--awb-order-small:0;--awb-spacing-right-small:1.92%;--awb-spacing-left-small:1.92%;\"><div class=\"fusion-column-wrapper fusion-column-has-shadow fusion-flex-justify-content-flex-start fusion-content-layout-column\"><div class=\"fusion-text fusion-text-1\"><header id=\"pageHeaderFull\" class=\"page-header page-header--full\">\n<div class=\"page-header__container\">\n<div class=\"page-lead\">Os <b>bancos em melamina de Megablok<\/b> S\u00e3o a solu\u00e7\u00e3o funcional e est\u00e9tica para vestu\u00e1rio de interior seco. Fabricados com estrutura resistente e superf\u00edcies melam\u00ednicas, oferecem conforto, design e f\u00e1cil manuten\u00e7\u00e3o. Perfeitos para<b> escrit\u00f3rios, escolas, centros educativos, hot\u00e9is e vestu\u00e1rio corporativos, <\/b>onde se prioriza<b> a est\u00e9tica e a funcionalidade em ambientes n\u00e3o \u00famidos. <\/b>Uma op\u00e7\u00e3o vers\u00e1til, moderna e econ\u00f4mica para completar qualquer espa\u00e7o.<\/div>\n<\/div>\n<\/header>\n<\/div><\/div><\/div><\/div><\/div>\n","protected":false},"excerpt":{"rendered":"","protected":false},"author":1,"featured_media":16328,"parent":0,"menu_order":0,"comment_status":"closed","ping_status":"closed","template":"100-width.php","meta":{"_joinchat":[],"footnotes":""},"class_list":["post-30856","page","type-page","status-publish","has-post-thumbnail","hentry"],"yoast_head":"<!-- This site is optimized with the Yoast SEO plugin v27.6 - https:\/\/yoast.com\/product\/yoast-seo-wordpress\/ -->\n<title>Bancos em melamina - Megablok<\/title>\n<meta name=\"description\" content=\"Bancos em melamina de MEGABLOK. Grande resist\u00eancia. Chase de tubo de a\u00e7o. Solicita or\u00e7amento sem compromisso.\" \/>\n<meta name=\"robots\" content=\"index, follow, max-snippet:-1, max-image-preview:large, max-video-preview:-1\" \/>\n<link rel=\"canonical\" href=\"https:\/\/megablok.com\/pt-pt\/bancos-em-melamina\/\" \/>\n<meta property=\"og:locale\" content=\"pt_PT\" \/>\n<meta property=\"og:type\" content=\"article\" \/>\n<meta property=\"og:title\" content=\"Bancos em melamina - Megablok\" \/>\n<meta property=\"og:description\" content=\"Bancos em melamina de MEGABLOK. Grande resist\u00eancia. Chase de tubo de a\u00e7o. Solicita or\u00e7amento sem compromisso.\" \/>\n<meta property=\"og:url\" content=\"https:\/\/megablok.com\/pt-pt\/bancos-em-melamina\/\" \/>\n<meta property=\"og:site_name\" content=\"Megablok\" \/>\n<meta property=\"article:modified_time\" content=\"2026-04-17T07:58:32+00:00\" \/>\n<meta property=\"og:image\" content=\"https:\/\/megablok.com\/wp-content\/uploads\/2024\/09\/79008_01.jpg\" \/>\n\t<meta property=\"og:image:width\" content=\"600\" \/>\n\t<meta property=\"og:image:height\" content=\"600\" \/>\n\t<meta property=\"og:image:type\" content=\"image\/jpeg\" \/>\n<meta name=\"twitter:card\" content=\"summary_large_image\" \/>\n<meta name=\"twitter:label1\" content=\"Tempo estimado de leitura\" \/>\n\t<meta name=\"twitter:data1\" content=\"1 minuto\" \/>\n<script type=\"application\/ld+json\" class=\"yoast-schema-graph\">{\"@context\":\"https:\\\/\\\/schema.org\",\"@graph\":[{\"@type\":\"WebPage\",\"@id\":\"https:\\\/\\\/megablok.com\\\/pt-pt\\\/bancos-em-melamina\\\/\",\"url\":\"https:\\\/\\\/megablok.com\\\/pt-pt\\\/bancos-em-melamina\\\/\",\"name\":\"Bancos em melamina - Megablok\",\"isPartOf\":{\"@id\":\"https:\\\/\\\/megablok.com\\\/pt-pt\\\/#website\"},\"primaryImageOfPage\":{\"@id\":\"https:\\\/\\\/megablok.com\\\/pt-pt\\\/bancos-em-melamina\\\/#primaryimage\"},\"image\":{\"@id\":\"https:\\\/\\\/megablok.com\\\/pt-pt\\\/bancos-em-melamina\\\/#primaryimage\"},\"thumbnailUrl\":\"https:\\\/\\\/megablok.com\\\/wp-content\\\/uploads\\\/2024\\\/09\\\/79008_01.jpg\",\"datePublished\":\"2024-09-25T11:11:36+00:00\",\"dateModified\":\"2026-04-17T07:58:32+00:00\",\"description\":\"Bancos em melamina de MEGABLOK. Grande resist\u00eancia. Chase de tubo de a\u00e7o. Solicita or\u00e7amento sem compromisso.\",\"breadcrumb\":{\"@id\":\"https:\\\/\\\/megablok.com\\\/pt-pt\\\/bancos-em-melamina\\\/#breadcrumb\"},\"inLanguage\":\"pt-PT\",\"potentialAction\":[{\"@type\":\"ReadAction\",\"target\":[\"https:\\\/\\\/megablok.com\\\/pt-pt\\\/bancos-em-melamina\\\/\"]}]},{\"@type\":\"ImageObject\",\"inLanguage\":\"pt-PT\",\"@id\":\"https:\\\/\\\/megablok.com\\\/pt-pt\\\/bancos-em-melamina\\\/#primaryimage\",\"url\":\"https:\\\/\\\/megablok.com\\\/wp-content\\\/uploads\\\/2024\\\/09\\\/79008_01.jpg\",\"contentUrl\":\"https:\\\/\\\/megablok.com\\\/wp-content\\\/uploads\\\/2024\\\/09\\\/79008_01.jpg\",\"width\":600,\"height\":600,\"caption\":\"bancos en melamina\"},{\"@type\":\"BreadcrumbList\",\"@id\":\"https:\\\/\\\/megablok.com\\\/pt-pt\\\/bancos-em-melamina\\\/#breadcrumb\",\"itemListElement\":[{\"@type\":\"ListItem\",\"position\":1,\"name\":\"Portada\",\"item\":\"https:\\\/\\\/megablok.com\\\/pt-pt\\\/\"},{\"@type\":\"ListItem\",\"position\":2,\"name\":\"Bancos em melamina\"}]},{\"@type\":\"WebSite\",\"@id\":\"https:\\\/\\\/megablok.com\\\/pt-pt\\\/#website\",\"url\":\"https:\\\/\\\/megablok.com\\\/pt-pt\\\/\",\"name\":\"Megablok\",\"description\":\"Taquillas para vestuarios de empresas y organizaciones\",\"publisher\":{\"@id\":\"https:\\\/\\\/megablok.com\\\/pt-pt\\\/#organization\"},\"potentialAction\":[{\"@type\":\"SearchAction\",\"target\":{\"@type\":\"EntryPoint\",\"urlTemplate\":\"https:\\\/\\\/megablok.com\\\/pt-pt\\\/?s={search_term_string}\"},\"query-input\":{\"@type\":\"PropertyValueSpecification\",\"valueRequired\":true,\"valueName\":\"search_term_string\"}}],\"inLanguage\":\"pt-PT\"},{\"@type\":\"Organization\",\"@id\":\"https:\\\/\\\/megablok.com\\\/pt-pt\\\/#organization\",\"name\":\"Megablok\",\"url\":\"https:\\\/\\\/megablok.com\\\/pt-pt\\\/\",\"logo\":{\"@type\":\"ImageObject\",\"inLanguage\":\"pt-PT\",\"@id\":\"https:\\\/\\\/megablok.com\\\/pt-pt\\\/#\\\/schema\\\/logo\\\/image\\\/\",\"url\":\"https:\\\/\\\/megablok.com\\\/wp-content\\\/uploads\\\/2024\\\/08\\\/270.png\",\"contentUrl\":\"https:\\\/\\\/megablok.com\\\/wp-content\\\/uploads\\\/2024\\\/08\\\/270.png\",\"width\":270,\"height\":270,\"caption\":\"Megablok\"},\"image\":{\"@id\":\"https:\\\/\\\/megablok.com\\\/pt-pt\\\/#\\\/schema\\\/logo\\\/image\\\/\"},\"sameAs\":[\"https:\\\/\\\/www.linkedin.com\\\/company\\\/megablok-s.a.\\\/\",\"https:\\\/\\\/www.instagram.com\\\/megabloksa\\\/\"]}]}<\/script>\n<!-- \/ Yoast SEO plugin. -->","yoast_head_json":{"title":"Bancos em melamina - Megablok","description":"Bancos em melamina de MEGABLOK. Grande resist\u00eancia. Chase de tubo de a\u00e7o. Solicita or\u00e7amento sem compromisso.","robots":{"index":"index","follow":"follow","max-snippet":"max-snippet:-1","max-image-preview":"max-image-preview:large","max-video-preview":"max-video-preview:-1"},"canonical":"https:\/\/megablok.com\/pt-pt\/bancos-em-melamina\/","og_locale":"pt_PT","og_type":"article","og_title":"Bancos em melamina - Megablok","og_description":"Bancos em melamina de MEGABLOK. Grande resist\u00eancia. Chase de tubo de a\u00e7o. Solicita or\u00e7amento sem compromisso.","og_url":"https:\/\/megablok.com\/pt-pt\/bancos-em-melamina\/","og_site_name":"Megablok","article_modified_time":"2026-04-17T07:58:32+00:00","og_image":[{"width":600,"height":600,"url":"https:\/\/megablok.com\/wp-content\/uploads\/2024\/09\/79008_01.jpg","type":"image\/jpeg"}],"twitter_card":"summary_large_image","twitter_misc":{"Tempo estimado de leitura":"1 minuto"},"schema":{"@context":"https:\/\/schema.org","@graph":[{"@type":"WebPage","@id":"https:\/\/megablok.com\/pt-pt\/bancos-em-melamina\/","url":"https:\/\/megablok.com\/pt-pt\/bancos-em-melamina\/","name":"Bancos em melamina - Megablok","isPartOf":{"@id":"https:\/\/megablok.com\/pt-pt\/#website"},"primaryImageOfPage":{"@id":"https:\/\/megablok.com\/pt-pt\/bancos-em-melamina\/#primaryimage"},"image":{"@id":"https:\/\/megablok.com\/pt-pt\/bancos-em-melamina\/#primaryimage"},"thumbnailUrl":"https:\/\/megablok.com\/wp-content\/uploads\/2024\/09\/79008_01.jpg","datePublished":"2024-09-25T11:11:36+00:00","dateModified":"2026-04-17T07:58:32+00:00","description":"Bancos em melamina de MEGABLOK. Grande resist\u00eancia. Chase de tubo de a\u00e7o. Solicita or\u00e7amento sem compromisso.","breadcrumb":{"@id":"https:\/\/megablok.com\/pt-pt\/bancos-em-melamina\/#breadcrumb"},"inLanguage":"pt-PT","potentialAction":[{"@type":"ReadAction","target":["https:\/\/megablok.com\/pt-pt\/bancos-em-melamina\/"]}]},{"@type":"ImageObject","inLanguage":"pt-PT","@id":"https:\/\/megablok.com\/pt-pt\/bancos-em-melamina\/#primaryimage","url":"https:\/\/megablok.com\/wp-content\/uploads\/2024\/09\/79008_01.jpg","contentUrl":"https:\/\/megablok.com\/wp-content\/uploads\/2024\/09\/79008_01.jpg","width":600,"height":600,"caption":"bancos en melamina"},{"@type":"BreadcrumbList","@id":"https:\/\/megablok.com\/pt-pt\/bancos-em-melamina\/#breadcrumb","itemListElement":[{"@type":"ListItem","position":1,"name":"Portada","item":"https:\/\/megablok.com\/pt-pt\/"},{"@type":"ListItem","position":2,"name":"Bancos em melamina"}]},{"@type":"WebSite","@id":"https:\/\/megablok.com\/pt-pt\/#website","url":"https:\/\/megablok.com\/pt-pt\/","name":"Megablok","description":"Taquillas para vestuarios de empresas y organizaciones","publisher":{"@id":"https:\/\/megablok.com\/pt-pt\/#organization"},"potentialAction":[{"@type":"SearchAction","target":{"@type":"EntryPoint","urlTemplate":"https:\/\/megablok.com\/pt-pt\/?s={search_term_string}"},"query-input":{"@type":"PropertyValueSpecification","valueRequired":true,"valueName":"search_term_string"}}],"inLanguage":"pt-PT"},{"@type":"Organization","@id":"https:\/\/megablok.com\/pt-pt\/#organization","name":"Megablok","url":"https:\/\/megablok.com\/pt-pt\/","logo":{"@type":"ImageObject","inLanguage":"pt-PT","@id":"https:\/\/megablok.com\/pt-pt\/#\/schema\/logo\/image\/","url":"https:\/\/megablok.com\/wp-content\/uploads\/2024\/08\/270.png","contentUrl":"https:\/\/megablok.com\/wp-content\/uploads\/2024\/08\/270.png","width":270,"height":270,"caption":"Megablok"},"image":{"@id":"https:\/\/megablok.com\/pt-pt\/#\/schema\/logo\/image\/"},"sameAs":["https:\/\/www.linkedin.com\/company\/megablok-s.a.\/","https:\/\/www.instagram.com\/megabloksa\/"]}]}},"jetpack_sharing_enabled":true,"_links":{"self":[{"href":"https:\/\/megablok.com\/pt-pt\/wp-json\/wp\/v2\/pages\/30856","targetHints":{"allow":["GET"]}}],"collection":[{"href":"https:\/\/megablok.com\/pt-pt\/wp-json\/wp\/v2\/pages"}],"about":[{"href":"https:\/\/megablok.com\/pt-pt\/wp-json\/wp\/v2\/types\/page"}],"author":[{"embeddable":true,"href":"https:\/\/megablok.com\/pt-pt\/wp-json\/wp\/v2\/users\/1"}],"replies":[{"embeddable":true,"href":"https:\/\/megablok.com\/pt-pt\/wp-json\/wp\/v2\/comments?post=30856"}],"version-history":[{"count":2,"href":"https:\/\/megablok.com\/pt-pt\/wp-json\/wp\/v2\/pages\/30856\/revisions"}],"predecessor-version":[{"id":36748,"href":"https:\/\/megablok.com\/pt-pt\/wp-json\/wp\/v2\/pages\/30856\/revisions\/36748"}],"wp:featuredmedia":[{"embeddable":true,"href":"https:\/\/megablok.com\/pt-pt\/wp-json\/wp\/v2\/media\/16328"}],"wp:attachment":[{"href":"https:\/\/megablok.com\/pt-pt\/wp-json\/wp\/v2\/media?parent=30856"}],"curies":[{"name":"wp","href":"https:\/\/api.w.org\/{rel}","templated":true}]}}