{"id":31787,"date":"2026-01-28T09:13:14","date_gmt":"2026-01-28T09:13:14","guid":{"rendered":"https:\/\/megdev01.com\/producto\/taquilla-electrica-monoblok-e-ste-40-3-e\/"},"modified":"2026-05-08T10:15:45","modified_gmt":"2026-05-08T10:15:45","slug":"cacifos-electronicos-monoblok-e-ste-40-3-e","status":"publish","type":"product","link":"https:\/\/megablok.com\/pt-pt\/produto\/cacifos-electronicos-monoblok-e-ste-40-3-e\/","title":{"rendered":"Cacifo Monoblok-E ST-40\/3-E"},"content":{"rendered":"<p>Cacifo monobloco-soldado, fabrico em chapa de a\u00e7o laminado em fr\u00edo.<br \/>\nPintado com Epoxi-poli\u00e9ster em p\u00f3, acabamento microtexturado.<br \/>\nCores padr\u00e3o: Corpo cinza RAL 7035 e portas azuis RAL 5010.<br \/>\nDuas dobras no per\u00edmetro, com refor\u00e7o longitudinal, etiqueteiro e ventila\u00e7\u00e3o.<br \/>\nCantos sem arestas cortantes e dobradi\u00e7as escondidas.<br \/>\nFechaduras padr\u00e3o: fechadura de cilindro cromada com duas chaves.<br \/>\nSuporte para cabides.<br \/>\nCada cacifo tem uma tomada Schuko com uma porta USB Tipo C e uma porta USB Tipo A.<br \/>\nCabo de alimenta\u00e7\u00e3o inclu\u00eddo.<br \/>\nDimens\u00f5es: 1.900 mm de altura (1.800 + 100 patas) x 1.200 mm largura x 556 mm fundo.<br \/>\nOs rodap\u00e9s, sobretetos e prateleiras adicionais devem ser instalados pelo cliente.<\/p>\n","protected":false},"excerpt":{"rendered":"<p>Cacifo Monoblok-E com fechadura eletr\u00f3nica e estrutura soldada. Oferece seguran\u00e7a, controlo e tecnologia numa solu\u00e7\u00e3o compacta para escrit\u00f3rios, hospitais ou instala\u00e7\u00f5es p\u00fablicas.<\/p>\n","protected":false},"featured_media":27416,"template":"","meta":{"_joinchat":[]},"product_brand":[],"product_cat":[749,672,673],"product_tag":[674,676,750,677],"class_list":{"0":"post-31787","1":"product","2":"type-product","3":"status-publish","4":"has-post-thumbnail","6":"product_cat-st-e","7":"product_cat-taquillas_electronicas","8":"product_cat-monobloke","9":"product_tag-3-columnas","10":"product_tag-400-mm","11":"product_tag-6-puertas","12":"product_tag-electrica","14":"first","15":"instock","16":"sold-individually","17":"shipping-taxable","18":"purchasable","19":"product-type-simple"},"yoast_head":"<!-- This site is optimized with the Yoast SEO plugin v27.6 - https:\/\/yoast.com\/product\/yoast-seo-wordpress\/ -->\n<title>Cacifo Monoblok-E ST-40\/3-E - Megablok<\/title>\n<meta name=\"robots\" content=\"index, follow, max-snippet:-1, max-image-preview:large, max-video-preview:-1\" \/>\n<link rel=\"canonical\" href=\"https:\/\/megablok.com\/pt-pt\/produto\/cacifos-electronicos-monoblok-e-ste-40-3-e\/\" \/>\n<meta property=\"og:locale\" content=\"pt_PT\" \/>\n<meta property=\"og:type\" content=\"article\" \/>\n<meta property=\"og:title\" content=\"Cacifo Monoblok-E ST-40\/3-E - Megablok\" \/>\n<meta property=\"og:description\" content=\"Cacifo Monoblok-E com fechadura eletr\u00f3nica e estrutura soldada. Oferece seguran\u00e7a, controlo e tecnologia numa solu\u00e7\u00e3o compacta para escrit\u00f3rios, hospitais ou instala\u00e7\u00f5es p\u00fablicas.\" \/>\n<meta property=\"og:url\" content=\"https:\/\/megablok.com\/pt-pt\/produto\/cacifos-electronicos-monoblok-e-ste-40-3-e\/\" \/>\n<meta property=\"og:site_name\" content=\"Megablok\" \/>\n<meta property=\"article:modified_time\" content=\"2026-05-08T10:15:45+00:00\" \/>\n<meta property=\"og:image\" content=\"https:\/\/megablok.com\/wp-content\/uploads\/2026\/01\/ST-40-3-E.jpg\" \/>\n\t<meta property=\"og:image:width\" content=\"1000\" \/>\n\t<meta property=\"og:image:height\" content=\"1000\" \/>\n\t<meta property=\"og:image:type\" content=\"image\/jpeg\" \/>\n<meta name=\"twitter:card\" content=\"summary_large_image\" \/>\n<meta name=\"twitter:label1\" content=\"Tempo estimado de leitura\" \/>\n\t<meta name=\"twitter:data1\" content=\"1 minuto\" \/>\n<script type=\"application\/ld+json\" class=\"yoast-schema-graph\">{\"@context\":\"https:\\\/\\\/schema.org\",\"@graph\":[{\"@type\":\"WebPage\",\"@id\":\"https:\\\/\\\/megablok.com\\\/pt-pt\\\/produto\\\/cacifos-electronicos-monoblok-e-ste-40-3-e\\\/\",\"url\":\"https:\\\/\\\/megablok.com\\\/pt-pt\\\/produto\\\/cacifos-electronicos-monoblok-e-ste-40-3-e\\\/\",\"name\":\"Cacifo Monoblok-E ST-40\\\/3-E - Megablok\",\"isPartOf\":{\"@id\":\"https:\\\/\\\/megablok.com\\\/pt-pt\\\/#website\"},\"primaryImageOfPage\":{\"@id\":\"https:\\\/\\\/megablok.com\\\/pt-pt\\\/produto\\\/cacifos-electronicos-monoblok-e-ste-40-3-e\\\/#primaryimage\"},\"image\":{\"@id\":\"https:\\\/\\\/megablok.com\\\/pt-pt\\\/produto\\\/cacifos-electronicos-monoblok-e-ste-40-3-e\\\/#primaryimage\"},\"thumbnailUrl\":\"https:\\\/\\\/megablok.com\\\/wp-content\\\/uploads\\\/2026\\\/01\\\/ST-40-3-E.jpg\",\"datePublished\":\"2026-01-28T09:13:14+00:00\",\"dateModified\":\"2026-05-08T10:15:45+00:00\",\"breadcrumb\":{\"@id\":\"https:\\\/\\\/megablok.com\\\/pt-pt\\\/produto\\\/cacifos-electronicos-monoblok-e-ste-40-3-e\\\/#breadcrumb\"},\"inLanguage\":\"pt-PT\",\"potentialAction\":[{\"@type\":\"ReadAction\",\"target\":[\"https:\\\/\\\/megablok.com\\\/pt-pt\\\/produto\\\/cacifos-electronicos-monoblok-e-ste-40-3-e\\\/\"]}]},{\"@type\":\"ImageObject\",\"inLanguage\":\"pt-PT\",\"@id\":\"https:\\\/\\\/megablok.com\\\/pt-pt\\\/produto\\\/cacifos-electronicos-monoblok-e-ste-40-3-e\\\/#primaryimage\",\"url\":\"https:\\\/\\\/megablok.com\\\/wp-content\\\/uploads\\\/2026\\\/01\\\/ST-40-3-E.jpg\",\"contentUrl\":\"https:\\\/\\\/megablok.com\\\/wp-content\\\/uploads\\\/2026\\\/01\\\/ST-40-3-E.jpg\",\"width\":1000,\"height\":1000,\"caption\":\"taquilla el\u00e9ctrica\"},{\"@type\":\"BreadcrumbList\",\"@id\":\"https:\\\/\\\/megablok.com\\\/pt-pt\\\/produto\\\/cacifos-electronicos-monoblok-e-ste-40-3-e\\\/#breadcrumb\",\"itemListElement\":[{\"@type\":\"ListItem\",\"position\":1,\"name\":\"Portada\",\"item\":\"https:\\\/\\\/megablok.com\\\/pt-pt\\\/\"},{\"@type\":\"ListItem\",\"position\":2,\"name\":\"Loja\",\"item\":\"https:\\\/\\\/megablok.com\\\/pt-pt\\\/loja\\\/\"},{\"@type\":\"ListItem\",\"position\":3,\"name\":\"Cacifo Monoblok-E ST-40\\\/3-E\"}]},{\"@type\":\"WebSite\",\"@id\":\"https:\\\/\\\/megablok.com\\\/pt-pt\\\/#website\",\"url\":\"https:\\\/\\\/megablok.com\\\/pt-pt\\\/\",\"name\":\"Megablok\",\"description\":\"Taquillas para vestuarios de empresas y organizaciones\",\"publisher\":{\"@id\":\"https:\\\/\\\/megablok.com\\\/pt-pt\\\/#organization\"},\"potentialAction\":[{\"@type\":\"SearchAction\",\"target\":{\"@type\":\"EntryPoint\",\"urlTemplate\":\"https:\\\/\\\/megablok.com\\\/pt-pt\\\/?s={search_term_string}\"},\"query-input\":{\"@type\":\"PropertyValueSpecification\",\"valueRequired\":true,\"valueName\":\"search_term_string\"}}],\"inLanguage\":\"pt-PT\"},{\"@type\":\"Organization\",\"@id\":\"https:\\\/\\\/megablok.com\\\/pt-pt\\\/#organization\",\"name\":\"Megablok\",\"url\":\"https:\\\/\\\/megablok.com\\\/pt-pt\\\/\",\"logo\":{\"@type\":\"ImageObject\",\"inLanguage\":\"pt-PT\",\"@id\":\"https:\\\/\\\/megablok.com\\\/pt-pt\\\/#\\\/schema\\\/logo\\\/image\\\/\",\"url\":\"https:\\\/\\\/megablok.com\\\/wp-content\\\/uploads\\\/2024\\\/08\\\/270.png\",\"contentUrl\":\"https:\\\/\\\/megablok.com\\\/wp-content\\\/uploads\\\/2024\\\/08\\\/270.png\",\"width\":270,\"height\":270,\"caption\":\"Megablok\"},\"image\":{\"@id\":\"https:\\\/\\\/megablok.com\\\/pt-pt\\\/#\\\/schema\\\/logo\\\/image\\\/\"},\"sameAs\":[\"https:\\\/\\\/www.linkedin.com\\\/company\\\/megablok-s.a.\\\/\",\"https:\\\/\\\/www.instagram.com\\\/megabloksa\\\/\"]}]}<\/script>\n<!-- \/ Yoast SEO plugin. -->","yoast_head_json":{"title":"Cacifo Monoblok-E ST-40\/3-E - Megablok","robots":{"index":"index","follow":"follow","max-snippet":"max-snippet:-1","max-image-preview":"max-image-preview:large","max-video-preview":"max-video-preview:-1"},"canonical":"https:\/\/megablok.com\/pt-pt\/produto\/cacifos-electronicos-monoblok-e-ste-40-3-e\/","og_locale":"pt_PT","og_type":"article","og_title":"Cacifo Monoblok-E ST-40\/3-E - Megablok","og_description":"Cacifo Monoblok-E com fechadura eletr\u00f3nica e estrutura soldada. Oferece seguran\u00e7a, controlo e tecnologia numa solu\u00e7\u00e3o compacta para escrit\u00f3rios, hospitais ou instala\u00e7\u00f5es p\u00fablicas.","og_url":"https:\/\/megablok.com\/pt-pt\/produto\/cacifos-electronicos-monoblok-e-ste-40-3-e\/","og_site_name":"Megablok","article_modified_time":"2026-05-08T10:15:45+00:00","og_image":[{"width":1000,"height":1000,"url":"https:\/\/megablok.com\/wp-content\/uploads\/2026\/01\/ST-40-3-E.jpg","type":"image\/jpeg"}],"twitter_card":"summary_large_image","twitter_misc":{"Tempo estimado de leitura":"1 minuto"},"schema":{"@context":"https:\/\/schema.org","@graph":[{"@type":"WebPage","@id":"https:\/\/megablok.com\/pt-pt\/produto\/cacifos-electronicos-monoblok-e-ste-40-3-e\/","url":"https:\/\/megablok.com\/pt-pt\/produto\/cacifos-electronicos-monoblok-e-ste-40-3-e\/","name":"Cacifo Monoblok-E ST-40\/3-E - Megablok","isPartOf":{"@id":"https:\/\/megablok.com\/pt-pt\/#website"},"primaryImageOfPage":{"@id":"https:\/\/megablok.com\/pt-pt\/produto\/cacifos-electronicos-monoblok-e-ste-40-3-e\/#primaryimage"},"image":{"@id":"https:\/\/megablok.com\/pt-pt\/produto\/cacifos-electronicos-monoblok-e-ste-40-3-e\/#primaryimage"},"thumbnailUrl":"https:\/\/megablok.com\/wp-content\/uploads\/2026\/01\/ST-40-3-E.jpg","datePublished":"2026-01-28T09:13:14+00:00","dateModified":"2026-05-08T10:15:45+00:00","breadcrumb":{"@id":"https:\/\/megablok.com\/pt-pt\/produto\/cacifos-electronicos-monoblok-e-ste-40-3-e\/#breadcrumb"},"inLanguage":"pt-PT","potentialAction":[{"@type":"ReadAction","target":["https:\/\/megablok.com\/pt-pt\/produto\/cacifos-electronicos-monoblok-e-ste-40-3-e\/"]}]},{"@type":"ImageObject","inLanguage":"pt-PT","@id":"https:\/\/megablok.com\/pt-pt\/produto\/cacifos-electronicos-monoblok-e-ste-40-3-e\/#primaryimage","url":"https:\/\/megablok.com\/wp-content\/uploads\/2026\/01\/ST-40-3-E.jpg","contentUrl":"https:\/\/megablok.com\/wp-content\/uploads\/2026\/01\/ST-40-3-E.jpg","width":1000,"height":1000,"caption":"taquilla el\u00e9ctrica"},{"@type":"BreadcrumbList","@id":"https:\/\/megablok.com\/pt-pt\/produto\/cacifos-electronicos-monoblok-e-ste-40-3-e\/#breadcrumb","itemListElement":[{"@type":"ListItem","position":1,"name":"Portada","item":"https:\/\/megablok.com\/pt-pt\/"},{"@type":"ListItem","position":2,"name":"Loja","item":"https:\/\/megablok.com\/pt-pt\/loja\/"},{"@type":"ListItem","position":3,"name":"Cacifo Monoblok-E ST-40\/3-E"}]},{"@type":"WebSite","@id":"https:\/\/megablok.com\/pt-pt\/#website","url":"https:\/\/megablok.com\/pt-pt\/","name":"Megablok","description":"Taquillas para vestuarios de empresas y organizaciones","publisher":{"@id":"https:\/\/megablok.com\/pt-pt\/#organization"},"potentialAction":[{"@type":"SearchAction","target":{"@type":"EntryPoint","urlTemplate":"https:\/\/megablok.com\/pt-pt\/?s={search_term_string}"},"query-input":{"@type":"PropertyValueSpecification","valueRequired":true,"valueName":"search_term_string"}}],"inLanguage":"pt-PT"},{"@type":"Organization","@id":"https:\/\/megablok.com\/pt-pt\/#organization","name":"Megablok","url":"https:\/\/megablok.com\/pt-pt\/","logo":{"@type":"ImageObject","inLanguage":"pt-PT","@id":"https:\/\/megablok.com\/pt-pt\/#\/schema\/logo\/image\/","url":"https:\/\/megablok.com\/wp-content\/uploads\/2024\/08\/270.png","contentUrl":"https:\/\/megablok.com\/wp-content\/uploads\/2024\/08\/270.png","width":270,"height":270,"caption":"Megablok"},"image":{"@id":"https:\/\/megablok.com\/pt-pt\/#\/schema\/logo\/image\/"},"sameAs":["https:\/\/www.linkedin.com\/company\/megablok-s.a.\/","https:\/\/www.instagram.com\/megabloksa\/"]}]}},"jetpack_sharing_enabled":true,"_links":{"self":[{"href":"https:\/\/megablok.com\/pt-pt\/wp-json\/wp\/v2\/product\/31787","targetHints":{"allow":["GET"]}}],"collection":[{"href":"https:\/\/megablok.com\/pt-pt\/wp-json\/wp\/v2\/product"}],"about":[{"href":"https:\/\/megablok.com\/pt-pt\/wp-json\/wp\/v2\/types\/product"}],"wp:featuredmedia":[{"embeddable":true,"href":"https:\/\/megablok.com\/pt-pt\/wp-json\/wp\/v2\/media\/27416"}],"wp:attachment":[{"href":"https:\/\/megablok.com\/pt-pt\/wp-json\/wp\/v2\/media?parent=31787"}],"wp:term":[{"taxonomy":"product_brand","embeddable":true,"href":"https:\/\/megablok.com\/pt-pt\/wp-json\/wp\/v2\/product_brand?post=31787"},{"taxonomy":"product_cat","embeddable":true,"href":"https:\/\/megablok.com\/pt-pt\/wp-json\/wp\/v2\/product_cat?post=31787"},{"taxonomy":"product_tag","embeddable":true,"href":"https:\/\/megablok.com\/pt-pt\/wp-json\/wp\/v2\/product_tag?post=31787"}],"curies":[{"name":"wp","href":"https:\/\/api.w.org\/{rel}","templated":true}]}}