{"id":33178,"date":"2025-06-12T06:11:35","date_gmt":"2025-06-12T06:11:35","guid":{"rendered":"https:\/\/megdev01.com\/producto\/taquilla-metalica-ecoz-30-4-pro\/"},"modified":"2026-04-20T11:16:28","modified_gmt":"2026-04-20T11:16:28","slug":"cacifo-ecoz-30-4-pro","status":"publish","type":"product","link":"https:\/\/megablok.com\/pt-pt\/produto\/cacifo-ecoz-30-4-pro\/","title":{"rendered":"Cacifo met\u00e1lico ECOZ-30\/4 PRO"},"content":{"rendered":"<p>Montagem com parafusos.<br \/>\nSistema de cacifo inicial e adicional. Ampli\u00e1vel a vontade.<br \/>\nLaterais, prateleiras e portas fabrico em chapa de a\u00e7o laminado em fr\u00edo.<br \/>\nPintado com Epoxi-poli\u00e9ster em p\u00f3, acabamento microtexturado.<br \/>\nCores padr\u00e3o: Corpo cinza RAL 7035 e portas azuis RAL 5010.<br \/>\nFundo e prateleira interior do cacifo fabrico em chapa galvanizada, sem pintar.<br \/>\nDuas dobras no per\u00edmetro.<br \/>\nCantos sem arestas cortantes e dobradi\u00e7as escondidas.<br \/>\nPorta com refor\u00e7o longitudinal, porta-etiquetas e rosetas de ventila\u00e7\u00e3o.<br \/>\nFechaduras padr\u00e3o: fechadura de cilindro cromada com duas chaves.<br \/>\nDimens\u00f5es uma vez montado 1.800 mm altura x 1.200 mm largura x 500 mm fundo.<br \/>\nOs rodap\u00e9s, sobretetos, prateleiras adicionais e pain\u00e9is laterais devem ser instalados pelo cliente.<\/p>\n","protected":false},"excerpt":{"rendered":"<p>Portugu\u00e9s<\/p>\n<p>Cacifo met\u00e1lico fabricado em a\u00e7o recicl\u00e1vel, combinando resist\u00eancia, funcionalidade e sustentabilidade para uso intensivo.<\/p>\n","protected":false},"featured_media":11343,"template":"","meta":{"_joinchat":[]},"product_brand":[],"product_cat":[888,837,795],"product_tag":[684,695,685],"class_list":{"0":"post-33178","1":"product","2":"type-product","3":"status-publish","4":"has-post-thumbnail","6":"product_cat-ecoz-pro","7":"product_cat-taquillas-eco-pro","8":"product_cat-taquillas-metalicas","9":"product_tag-300-mm","10":"product_tag-32-puertas","11":"product_tag-4-columnas","13":"first","14":"instock","15":"sold-individually","16":"shipping-taxable","17":"purchasable","18":"product-type-simple"},"yoast_head":"<!-- This site is optimized with the Yoast SEO plugin v27.6 - https:\/\/yoast.com\/product\/yoast-seo-wordpress\/ -->\n<title>Cacifo met\u00e1lico ECOZ-30\/4 PRO - Megablok<\/title>\n<meta name=\"robots\" content=\"index, follow, max-snippet:-1, max-image-preview:large, max-video-preview:-1\" \/>\n<link rel=\"canonical\" href=\"https:\/\/megablok.com\/pt-pt\/produto\/cacifo-ecoz-30-4-pro\/\" \/>\n<meta property=\"og:locale\" content=\"pt_PT\" \/>\n<meta property=\"og:type\" content=\"article\" \/>\n<meta property=\"og:title\" content=\"Cacifo met\u00e1lico ECOZ-30\/4 PRO - Megablok\" \/>\n<meta property=\"og:description\" content=\"Portugu\u00e9s  Cacifo met\u00e1lico fabricado em a\u00e7o recicl\u00e1vel, combinando resist\u00eancia, funcionalidade e sustentabilidade para uso intensivo.\" \/>\n<meta property=\"og:url\" content=\"https:\/\/megablok.com\/pt-pt\/produto\/cacifo-ecoz-30-4-pro\/\" \/>\n<meta property=\"og:site_name\" content=\"Megablok\" \/>\n<meta property=\"article:modified_time\" content=\"2026-04-20T11:16:28+00:00\" \/>\n<meta property=\"og:image\" content=\"https:\/\/megablok.com\/wp-content\/uploads\/2024\/09\/47117_01.jpg\" \/>\n\t<meta property=\"og:image:width\" content=\"1000\" \/>\n\t<meta property=\"og:image:height\" content=\"1000\" \/>\n\t<meta property=\"og:image:type\" content=\"image\/jpeg\" \/>\n<meta name=\"twitter:card\" content=\"summary_large_image\" \/>\n<meta name=\"twitter:label1\" content=\"Tempo estimado de leitura\" \/>\n\t<meta name=\"twitter:data1\" content=\"1 minuto\" \/>\n<script type=\"application\/ld+json\" class=\"yoast-schema-graph\">{\"@context\":\"https:\\\/\\\/schema.org\",\"@graph\":[{\"@type\":\"WebPage\",\"@id\":\"https:\\\/\\\/megablok.com\\\/pt-pt\\\/produto\\\/cacifo-ecoz-30-4-pro\\\/\",\"url\":\"https:\\\/\\\/megablok.com\\\/pt-pt\\\/produto\\\/cacifo-ecoz-30-4-pro\\\/\",\"name\":\"Cacifo met\u00e1lico ECOZ-30\\\/4 PRO - Megablok\",\"isPartOf\":{\"@id\":\"https:\\\/\\\/megablok.com\\\/pt-pt\\\/#website\"},\"primaryImageOfPage\":{\"@id\":\"https:\\\/\\\/megablok.com\\\/pt-pt\\\/produto\\\/cacifo-ecoz-30-4-pro\\\/#primaryimage\"},\"image\":{\"@id\":\"https:\\\/\\\/megablok.com\\\/pt-pt\\\/produto\\\/cacifo-ecoz-30-4-pro\\\/#primaryimage\"},\"thumbnailUrl\":\"https:\\\/\\\/megablok.com\\\/wp-content\\\/uploads\\\/2024\\\/09\\\/47117_01.jpg\",\"datePublished\":\"2025-06-12T06:11:35+00:00\",\"dateModified\":\"2026-04-20T11:16:28+00:00\",\"breadcrumb\":{\"@id\":\"https:\\\/\\\/megablok.com\\\/pt-pt\\\/produto\\\/cacifo-ecoz-30-4-pro\\\/#breadcrumb\"},\"inLanguage\":\"pt-PT\",\"potentialAction\":[{\"@type\":\"ReadAction\",\"target\":[\"https:\\\/\\\/megablok.com\\\/pt-pt\\\/produto\\\/cacifo-ecoz-30-4-pro\\\/\"]}]},{\"@type\":\"ImageObject\",\"inLanguage\":\"pt-PT\",\"@id\":\"https:\\\/\\\/megablok.com\\\/pt-pt\\\/produto\\\/cacifo-ecoz-30-4-pro\\\/#primaryimage\",\"url\":\"https:\\\/\\\/megablok.com\\\/wp-content\\\/uploads\\\/2024\\\/09\\\/47117_01.jpg\",\"contentUrl\":\"https:\\\/\\\/megablok.com\\\/wp-content\\\/uploads\\\/2024\\\/09\\\/47117_01.jpg\",\"width\":1000,\"height\":1000,\"caption\":\"taquilla met\u00e1lica ECO PRO\"},{\"@type\":\"BreadcrumbList\",\"@id\":\"https:\\\/\\\/megablok.com\\\/pt-pt\\\/produto\\\/cacifo-ecoz-30-4-pro\\\/#breadcrumb\",\"itemListElement\":[{\"@type\":\"ListItem\",\"position\":1,\"name\":\"Portada\",\"item\":\"https:\\\/\\\/megablok.com\\\/pt-pt\\\/\"},{\"@type\":\"ListItem\",\"position\":2,\"name\":\"Loja\",\"item\":\"https:\\\/\\\/megablok.com\\\/pt-pt\\\/loja\\\/\"},{\"@type\":\"ListItem\",\"position\":3,\"name\":\"Cacifo met\u00e1lico ECOZ-30\\\/4 PRO\"}]},{\"@type\":\"WebSite\",\"@id\":\"https:\\\/\\\/megablok.com\\\/pt-pt\\\/#website\",\"url\":\"https:\\\/\\\/megablok.com\\\/pt-pt\\\/\",\"name\":\"Megablok\",\"description\":\"Taquillas para vestuarios de empresas y organizaciones\",\"publisher\":{\"@id\":\"https:\\\/\\\/megablok.com\\\/pt-pt\\\/#organization\"},\"potentialAction\":[{\"@type\":\"SearchAction\",\"target\":{\"@type\":\"EntryPoint\",\"urlTemplate\":\"https:\\\/\\\/megablok.com\\\/pt-pt\\\/?s={search_term_string}\"},\"query-input\":{\"@type\":\"PropertyValueSpecification\",\"valueRequired\":true,\"valueName\":\"search_term_string\"}}],\"inLanguage\":\"pt-PT\"},{\"@type\":\"Organization\",\"@id\":\"https:\\\/\\\/megablok.com\\\/pt-pt\\\/#organization\",\"name\":\"Megablok\",\"url\":\"https:\\\/\\\/megablok.com\\\/pt-pt\\\/\",\"logo\":{\"@type\":\"ImageObject\",\"inLanguage\":\"pt-PT\",\"@id\":\"https:\\\/\\\/megablok.com\\\/pt-pt\\\/#\\\/schema\\\/logo\\\/image\\\/\",\"url\":\"https:\\\/\\\/megablok.com\\\/wp-content\\\/uploads\\\/2024\\\/08\\\/270.png\",\"contentUrl\":\"https:\\\/\\\/megablok.com\\\/wp-content\\\/uploads\\\/2024\\\/08\\\/270.png\",\"width\":270,\"height\":270,\"caption\":\"Megablok\"},\"image\":{\"@id\":\"https:\\\/\\\/megablok.com\\\/pt-pt\\\/#\\\/schema\\\/logo\\\/image\\\/\"},\"sameAs\":[\"https:\\\/\\\/www.linkedin.com\\\/company\\\/megablok-s.a.\\\/\",\"https:\\\/\\\/www.instagram.com\\\/megabloksa\\\/\"]}]}<\/script>\n<!-- \/ Yoast SEO plugin. -->","yoast_head_json":{"title":"Cacifo met\u00e1lico ECOZ-30\/4 PRO - Megablok","robots":{"index":"index","follow":"follow","max-snippet":"max-snippet:-1","max-image-preview":"max-image-preview:large","max-video-preview":"max-video-preview:-1"},"canonical":"https:\/\/megablok.com\/pt-pt\/produto\/cacifo-ecoz-30-4-pro\/","og_locale":"pt_PT","og_type":"article","og_title":"Cacifo met\u00e1lico ECOZ-30\/4 PRO - Megablok","og_description":"Portugu\u00e9s  Cacifo met\u00e1lico fabricado em a\u00e7o recicl\u00e1vel, combinando resist\u00eancia, funcionalidade e sustentabilidade para uso intensivo.","og_url":"https:\/\/megablok.com\/pt-pt\/produto\/cacifo-ecoz-30-4-pro\/","og_site_name":"Megablok","article_modified_time":"2026-04-20T11:16:28+00:00","og_image":[{"width":1000,"height":1000,"url":"https:\/\/megablok.com\/wp-content\/uploads\/2024\/09\/47117_01.jpg","type":"image\/jpeg"}],"twitter_card":"summary_large_image","twitter_misc":{"Tempo estimado de leitura":"1 minuto"},"schema":{"@context":"https:\/\/schema.org","@graph":[{"@type":"WebPage","@id":"https:\/\/megablok.com\/pt-pt\/produto\/cacifo-ecoz-30-4-pro\/","url":"https:\/\/megablok.com\/pt-pt\/produto\/cacifo-ecoz-30-4-pro\/","name":"Cacifo met\u00e1lico ECOZ-30\/4 PRO - Megablok","isPartOf":{"@id":"https:\/\/megablok.com\/pt-pt\/#website"},"primaryImageOfPage":{"@id":"https:\/\/megablok.com\/pt-pt\/produto\/cacifo-ecoz-30-4-pro\/#primaryimage"},"image":{"@id":"https:\/\/megablok.com\/pt-pt\/produto\/cacifo-ecoz-30-4-pro\/#primaryimage"},"thumbnailUrl":"https:\/\/megablok.com\/wp-content\/uploads\/2024\/09\/47117_01.jpg","datePublished":"2025-06-12T06:11:35+00:00","dateModified":"2026-04-20T11:16:28+00:00","breadcrumb":{"@id":"https:\/\/megablok.com\/pt-pt\/produto\/cacifo-ecoz-30-4-pro\/#breadcrumb"},"inLanguage":"pt-PT","potentialAction":[{"@type":"ReadAction","target":["https:\/\/megablok.com\/pt-pt\/produto\/cacifo-ecoz-30-4-pro\/"]}]},{"@type":"ImageObject","inLanguage":"pt-PT","@id":"https:\/\/megablok.com\/pt-pt\/produto\/cacifo-ecoz-30-4-pro\/#primaryimage","url":"https:\/\/megablok.com\/wp-content\/uploads\/2024\/09\/47117_01.jpg","contentUrl":"https:\/\/megablok.com\/wp-content\/uploads\/2024\/09\/47117_01.jpg","width":1000,"height":1000,"caption":"taquilla met\u00e1lica ECO PRO"},{"@type":"BreadcrumbList","@id":"https:\/\/megablok.com\/pt-pt\/produto\/cacifo-ecoz-30-4-pro\/#breadcrumb","itemListElement":[{"@type":"ListItem","position":1,"name":"Portada","item":"https:\/\/megablok.com\/pt-pt\/"},{"@type":"ListItem","position":2,"name":"Loja","item":"https:\/\/megablok.com\/pt-pt\/loja\/"},{"@type":"ListItem","position":3,"name":"Cacifo met\u00e1lico ECOZ-30\/4 PRO"}]},{"@type":"WebSite","@id":"https:\/\/megablok.com\/pt-pt\/#website","url":"https:\/\/megablok.com\/pt-pt\/","name":"Megablok","description":"Taquillas para vestuarios de empresas y organizaciones","publisher":{"@id":"https:\/\/megablok.com\/pt-pt\/#organization"},"potentialAction":[{"@type":"SearchAction","target":{"@type":"EntryPoint","urlTemplate":"https:\/\/megablok.com\/pt-pt\/?s={search_term_string}"},"query-input":{"@type":"PropertyValueSpecification","valueRequired":true,"valueName":"search_term_string"}}],"inLanguage":"pt-PT"},{"@type":"Organization","@id":"https:\/\/megablok.com\/pt-pt\/#organization","name":"Megablok","url":"https:\/\/megablok.com\/pt-pt\/","logo":{"@type":"ImageObject","inLanguage":"pt-PT","@id":"https:\/\/megablok.com\/pt-pt\/#\/schema\/logo\/image\/","url":"https:\/\/megablok.com\/wp-content\/uploads\/2024\/08\/270.png","contentUrl":"https:\/\/megablok.com\/wp-content\/uploads\/2024\/08\/270.png","width":270,"height":270,"caption":"Megablok"},"image":{"@id":"https:\/\/megablok.com\/pt-pt\/#\/schema\/logo\/image\/"},"sameAs":["https:\/\/www.linkedin.com\/company\/megablok-s.a.\/","https:\/\/www.instagram.com\/megabloksa\/"]}]}},"jetpack_sharing_enabled":true,"_links":{"self":[{"href":"https:\/\/megablok.com\/pt-pt\/wp-json\/wp\/v2\/product\/33178","targetHints":{"allow":["GET"]}}],"collection":[{"href":"https:\/\/megablok.com\/pt-pt\/wp-json\/wp\/v2\/product"}],"about":[{"href":"https:\/\/megablok.com\/pt-pt\/wp-json\/wp\/v2\/types\/product"}],"wp:featuredmedia":[{"embeddable":true,"href":"https:\/\/megablok.com\/pt-pt\/wp-json\/wp\/v2\/media\/11343"}],"wp:attachment":[{"href":"https:\/\/megablok.com\/pt-pt\/wp-json\/wp\/v2\/media?parent=33178"}],"wp:term":[{"taxonomy":"product_brand","embeddable":true,"href":"https:\/\/megablok.com\/pt-pt\/wp-json\/wp\/v2\/product_brand?post=33178"},{"taxonomy":"product_cat","embeddable":true,"href":"https:\/\/megablok.com\/pt-pt\/wp-json\/wp\/v2\/product_cat?post=33178"},{"taxonomy":"product_tag","embeddable":true,"href":"https:\/\/megablok.com\/pt-pt\/wp-json\/wp\/v2\/product_tag?post=33178"}],"curies":[{"name":"wp","href":"https:\/\/api.w.org\/{rel}","templated":true}]}}