{"id":33469,"date":"2025-06-25T06:42:45","date_gmt":"2025-06-25T06:42:45","guid":{"rendered":"https:\/\/megdev01.com\/producto\/open-space-cubic-simple-c-40-2\/"},"modified":"2026-04-30T08:30:25","modified_gmt":"2026-04-30T08:30:25","slug":"open-space-cubic-simple-c-40-2","status":"publish","type":"product","link":"https:\/\/megablok.com\/pt-pt\/produto\/open-space-cubic-simple-c-40-2\/","title":{"rendered":"Open Space CUBIC-SIMPLE-C-40\/2"},"content":{"rendered":"<p>Corpo e interior fabrica\u00e7\u00e3o com painel aglomerado resistente \u00e0 \u00e1gua com 19 mm de espessura e acabamento em melamina.<br \/>\nCorpo em melamina branca e porta segundo op\u00e7\u00f5es: melamina (19mm), melamina resistente \u00e0 \u00e1gua (19mm) ou fen\u00f3lica (12mm).<br \/>\nPainel traseiro em fibra de madeira perfurada com 3 mm de espessura.<br \/>\nFechaduras standard: Fechadura de trinco com cilindro amav\u00edvel e chave mestra.<br \/>\nCom p\u00e9s.<br \/>\nDimens\u00f5es: 1.022 mm de altura (900+122 p\u00e9s) x 801 mm de largura x 500 mm de fundo. <\/p>\n","protected":false},"excerpt":{"rendered":"<p>Cacifo modular com corpo em melamina resistente \u00e0 \u00e1gua e portas dispon\u00edveis em melamina ou laminado fen\u00f3lico compacto. Concebido para escrit\u00f3rios, espa\u00e7os de coworking e est\u00fadios de design que procuram funcionalidade, est\u00e9tica e seguran\u00e7a.<\/p>\n","protected":false},"featured_media":21425,"template":"","meta":{"_joinchat":[]},"product_brand":[],"product_cat":[902],"product_tag":[778,909],"class_list":{"0":"post-33469","1":"product","2":"type-product","3":"status-publish","4":"has-post-thumbnail","6":"product_cat-open_spaces","7":"product_tag-4-puertas","8":"product_tag-serie-c","10":"first","11":"instock","12":"sold-individually","13":"shipping-taxable","14":"purchasable","15":"product-type-simple"},"yoast_head":"<!-- This site is optimized with the Yoast SEO plugin v27.6 - https:\/\/yoast.com\/product\/yoast-seo-wordpress\/ -->\n<title>Open Space CUBIC-SIMPLE-C-40\/2 - Megablok<\/title>\n<meta name=\"robots\" content=\"index, follow, max-snippet:-1, max-image-preview:large, max-video-preview:-1\" \/>\n<link rel=\"canonical\" href=\"https:\/\/megablok.com\/pt-pt\/produto\/open-space-cubic-simple-c-40-2\/\" \/>\n<meta property=\"og:locale\" content=\"pt_PT\" \/>\n<meta property=\"og:type\" content=\"article\" \/>\n<meta property=\"og:title\" content=\"Open Space CUBIC-SIMPLE-C-40\/2 - Megablok\" \/>\n<meta property=\"og:description\" content=\"Cacifo modular com corpo em melamina resistente \u00e0 \u00e1gua e portas dispon\u00edveis em melamina ou laminado fen\u00f3lico compacto. Concebido para escrit\u00f3rios, espa\u00e7os de coworking e est\u00fadios de design que procuram funcionalidade, est\u00e9tica e seguran\u00e7a.\" \/>\n<meta property=\"og:url\" content=\"https:\/\/megablok.com\/pt-pt\/produto\/open-space-cubic-simple-c-40-2\/\" \/>\n<meta property=\"og:site_name\" content=\"Megablok\" \/>\n<meta property=\"article:modified_time\" content=\"2026-04-30T08:30:25+00:00\" \/>\n<meta property=\"og:image\" content=\"https:\/\/megablok.com\/wp-content\/uploads\/2025\/05\/CUBIC-SIMPLE-C-40-2.jpg\" \/>\n\t<meta property=\"og:image:width\" content=\"600\" \/>\n\t<meta property=\"og:image:height\" content=\"600\" \/>\n\t<meta property=\"og:image:type\" content=\"image\/jpeg\" \/>\n<meta name=\"twitter:card\" content=\"summary_large_image\" \/>\n<meta name=\"twitter:label1\" content=\"Tempo estimado de leitura\" \/>\n\t<meta name=\"twitter:data1\" content=\"1 minuto\" \/>\n<script type=\"application\/ld+json\" class=\"yoast-schema-graph\">{\"@context\":\"https:\\\/\\\/schema.org\",\"@graph\":[{\"@type\":\"WebPage\",\"@id\":\"https:\\\/\\\/megablok.com\\\/pt-pt\\\/produto\\\/open-space-cubic-simple-c-40-2\\\/\",\"url\":\"https:\\\/\\\/megablok.com\\\/pt-pt\\\/produto\\\/open-space-cubic-simple-c-40-2\\\/\",\"name\":\"Open Space CUBIC-SIMPLE-C-40\\\/2 - Megablok\",\"isPartOf\":{\"@id\":\"https:\\\/\\\/megablok.com\\\/pt-pt\\\/#website\"},\"primaryImageOfPage\":{\"@id\":\"https:\\\/\\\/megablok.com\\\/pt-pt\\\/produto\\\/open-space-cubic-simple-c-40-2\\\/#primaryimage\"},\"image\":{\"@id\":\"https:\\\/\\\/megablok.com\\\/pt-pt\\\/produto\\\/open-space-cubic-simple-c-40-2\\\/#primaryimage\"},\"thumbnailUrl\":\"https:\\\/\\\/megablok.com\\\/wp-content\\\/uploads\\\/2025\\\/05\\\/CUBIC-SIMPLE-C-40-2.jpg\",\"datePublished\":\"2025-06-25T06:42:45+00:00\",\"dateModified\":\"2026-04-30T08:30:25+00:00\",\"breadcrumb\":{\"@id\":\"https:\\\/\\\/megablok.com\\\/pt-pt\\\/produto\\\/open-space-cubic-simple-c-40-2\\\/#breadcrumb\"},\"inLanguage\":\"pt-PT\",\"potentialAction\":[{\"@type\":\"ReadAction\",\"target\":[\"https:\\\/\\\/megablok.com\\\/pt-pt\\\/produto\\\/open-space-cubic-simple-c-40-2\\\/\"]}]},{\"@type\":\"ImageObject\",\"inLanguage\":\"pt-PT\",\"@id\":\"https:\\\/\\\/megablok.com\\\/pt-pt\\\/produto\\\/open-space-cubic-simple-c-40-2\\\/#primaryimage\",\"url\":\"https:\\\/\\\/megablok.com\\\/wp-content\\\/uploads\\\/2025\\\/05\\\/CUBIC-SIMPLE-C-40-2.jpg\",\"contentUrl\":\"https:\\\/\\\/megablok.com\\\/wp-content\\\/uploads\\\/2025\\\/05\\\/CUBIC-SIMPLE-C-40-2.jpg\",\"width\":600,\"height\":600,\"caption\":\"CUBIC-SIMPLE-C-40-2\"},{\"@type\":\"BreadcrumbList\",\"@id\":\"https:\\\/\\\/megablok.com\\\/pt-pt\\\/produto\\\/open-space-cubic-simple-c-40-2\\\/#breadcrumb\",\"itemListElement\":[{\"@type\":\"ListItem\",\"position\":1,\"name\":\"Portada\",\"item\":\"https:\\\/\\\/megablok.com\\\/pt-pt\\\/\"},{\"@type\":\"ListItem\",\"position\":2,\"name\":\"Loja\",\"item\":\"https:\\\/\\\/megablok.com\\\/pt-pt\\\/loja\\\/\"},{\"@type\":\"ListItem\",\"position\":3,\"name\":\"Open Space CUBIC-SIMPLE-C-40\\\/2\"}]},{\"@type\":\"WebSite\",\"@id\":\"https:\\\/\\\/megablok.com\\\/pt-pt\\\/#website\",\"url\":\"https:\\\/\\\/megablok.com\\\/pt-pt\\\/\",\"name\":\"Megablok\",\"description\":\"Taquillas para vestuarios de empresas y organizaciones\",\"publisher\":{\"@id\":\"https:\\\/\\\/megablok.com\\\/pt-pt\\\/#organization\"},\"potentialAction\":[{\"@type\":\"SearchAction\",\"target\":{\"@type\":\"EntryPoint\",\"urlTemplate\":\"https:\\\/\\\/megablok.com\\\/pt-pt\\\/?s={search_term_string}\"},\"query-input\":{\"@type\":\"PropertyValueSpecification\",\"valueRequired\":true,\"valueName\":\"search_term_string\"}}],\"inLanguage\":\"pt-PT\"},{\"@type\":\"Organization\",\"@id\":\"https:\\\/\\\/megablok.com\\\/pt-pt\\\/#organization\",\"name\":\"Megablok\",\"url\":\"https:\\\/\\\/megablok.com\\\/pt-pt\\\/\",\"logo\":{\"@type\":\"ImageObject\",\"inLanguage\":\"pt-PT\",\"@id\":\"https:\\\/\\\/megablok.com\\\/pt-pt\\\/#\\\/schema\\\/logo\\\/image\\\/\",\"url\":\"https:\\\/\\\/megablok.com\\\/wp-content\\\/uploads\\\/2024\\\/08\\\/270.png\",\"contentUrl\":\"https:\\\/\\\/megablok.com\\\/wp-content\\\/uploads\\\/2024\\\/08\\\/270.png\",\"width\":270,\"height\":270,\"caption\":\"Megablok\"},\"image\":{\"@id\":\"https:\\\/\\\/megablok.com\\\/pt-pt\\\/#\\\/schema\\\/logo\\\/image\\\/\"},\"sameAs\":[\"https:\\\/\\\/www.linkedin.com\\\/company\\\/megablok-s.a.\\\/\",\"https:\\\/\\\/www.instagram.com\\\/megabloksa\\\/\"]}]}<\/script>\n<!-- \/ Yoast SEO plugin. -->","yoast_head_json":{"title":"Open Space CUBIC-SIMPLE-C-40\/2 - Megablok","robots":{"index":"index","follow":"follow","max-snippet":"max-snippet:-1","max-image-preview":"max-image-preview:large","max-video-preview":"max-video-preview:-1"},"canonical":"https:\/\/megablok.com\/pt-pt\/produto\/open-space-cubic-simple-c-40-2\/","og_locale":"pt_PT","og_type":"article","og_title":"Open Space CUBIC-SIMPLE-C-40\/2 - Megablok","og_description":"Cacifo modular com corpo em melamina resistente \u00e0 \u00e1gua e portas dispon\u00edveis em melamina ou laminado fen\u00f3lico compacto. Concebido para escrit\u00f3rios, espa\u00e7os de coworking e est\u00fadios de design que procuram funcionalidade, est\u00e9tica e seguran\u00e7a.","og_url":"https:\/\/megablok.com\/pt-pt\/produto\/open-space-cubic-simple-c-40-2\/","og_site_name":"Megablok","article_modified_time":"2026-04-30T08:30:25+00:00","og_image":[{"width":600,"height":600,"url":"https:\/\/megablok.com\/wp-content\/uploads\/2025\/05\/CUBIC-SIMPLE-C-40-2.jpg","type":"image\/jpeg"}],"twitter_card":"summary_large_image","twitter_misc":{"Tempo estimado de leitura":"1 minuto"},"schema":{"@context":"https:\/\/schema.org","@graph":[{"@type":"WebPage","@id":"https:\/\/megablok.com\/pt-pt\/produto\/open-space-cubic-simple-c-40-2\/","url":"https:\/\/megablok.com\/pt-pt\/produto\/open-space-cubic-simple-c-40-2\/","name":"Open Space CUBIC-SIMPLE-C-40\/2 - Megablok","isPartOf":{"@id":"https:\/\/megablok.com\/pt-pt\/#website"},"primaryImageOfPage":{"@id":"https:\/\/megablok.com\/pt-pt\/produto\/open-space-cubic-simple-c-40-2\/#primaryimage"},"image":{"@id":"https:\/\/megablok.com\/pt-pt\/produto\/open-space-cubic-simple-c-40-2\/#primaryimage"},"thumbnailUrl":"https:\/\/megablok.com\/wp-content\/uploads\/2025\/05\/CUBIC-SIMPLE-C-40-2.jpg","datePublished":"2025-06-25T06:42:45+00:00","dateModified":"2026-04-30T08:30:25+00:00","breadcrumb":{"@id":"https:\/\/megablok.com\/pt-pt\/produto\/open-space-cubic-simple-c-40-2\/#breadcrumb"},"inLanguage":"pt-PT","potentialAction":[{"@type":"ReadAction","target":["https:\/\/megablok.com\/pt-pt\/produto\/open-space-cubic-simple-c-40-2\/"]}]},{"@type":"ImageObject","inLanguage":"pt-PT","@id":"https:\/\/megablok.com\/pt-pt\/produto\/open-space-cubic-simple-c-40-2\/#primaryimage","url":"https:\/\/megablok.com\/wp-content\/uploads\/2025\/05\/CUBIC-SIMPLE-C-40-2.jpg","contentUrl":"https:\/\/megablok.com\/wp-content\/uploads\/2025\/05\/CUBIC-SIMPLE-C-40-2.jpg","width":600,"height":600,"caption":"CUBIC-SIMPLE-C-40-2"},{"@type":"BreadcrumbList","@id":"https:\/\/megablok.com\/pt-pt\/produto\/open-space-cubic-simple-c-40-2\/#breadcrumb","itemListElement":[{"@type":"ListItem","position":1,"name":"Portada","item":"https:\/\/megablok.com\/pt-pt\/"},{"@type":"ListItem","position":2,"name":"Loja","item":"https:\/\/megablok.com\/pt-pt\/loja\/"},{"@type":"ListItem","position":3,"name":"Open Space CUBIC-SIMPLE-C-40\/2"}]},{"@type":"WebSite","@id":"https:\/\/megablok.com\/pt-pt\/#website","url":"https:\/\/megablok.com\/pt-pt\/","name":"Megablok","description":"Taquillas para vestuarios de empresas y organizaciones","publisher":{"@id":"https:\/\/megablok.com\/pt-pt\/#organization"},"potentialAction":[{"@type":"SearchAction","target":{"@type":"EntryPoint","urlTemplate":"https:\/\/megablok.com\/pt-pt\/?s={search_term_string}"},"query-input":{"@type":"PropertyValueSpecification","valueRequired":true,"valueName":"search_term_string"}}],"inLanguage":"pt-PT"},{"@type":"Organization","@id":"https:\/\/megablok.com\/pt-pt\/#organization","name":"Megablok","url":"https:\/\/megablok.com\/pt-pt\/","logo":{"@type":"ImageObject","inLanguage":"pt-PT","@id":"https:\/\/megablok.com\/pt-pt\/#\/schema\/logo\/image\/","url":"https:\/\/megablok.com\/wp-content\/uploads\/2024\/08\/270.png","contentUrl":"https:\/\/megablok.com\/wp-content\/uploads\/2024\/08\/270.png","width":270,"height":270,"caption":"Megablok"},"image":{"@id":"https:\/\/megablok.com\/pt-pt\/#\/schema\/logo\/image\/"},"sameAs":["https:\/\/www.linkedin.com\/company\/megablok-s.a.\/","https:\/\/www.instagram.com\/megabloksa\/"]}]}},"jetpack_sharing_enabled":true,"_links":{"self":[{"href":"https:\/\/megablok.com\/pt-pt\/wp-json\/wp\/v2\/product\/33469","targetHints":{"allow":["GET"]}}],"collection":[{"href":"https:\/\/megablok.com\/pt-pt\/wp-json\/wp\/v2\/product"}],"about":[{"href":"https:\/\/megablok.com\/pt-pt\/wp-json\/wp\/v2\/types\/product"}],"wp:featuredmedia":[{"embeddable":true,"href":"https:\/\/megablok.com\/pt-pt\/wp-json\/wp\/v2\/media\/21425"}],"wp:attachment":[{"href":"https:\/\/megablok.com\/pt-pt\/wp-json\/wp\/v2\/media?parent=33469"}],"wp:term":[{"taxonomy":"product_brand","embeddable":true,"href":"https:\/\/megablok.com\/pt-pt\/wp-json\/wp\/v2\/product_brand?post=33469"},{"taxonomy":"product_cat","embeddable":true,"href":"https:\/\/megablok.com\/pt-pt\/wp-json\/wp\/v2\/product_cat?post=33469"},{"taxonomy":"product_tag","embeddable":true,"href":"https:\/\/megablok.com\/pt-pt\/wp-json\/wp\/v2\/product_tag?post=33469"}],"curies":[{"name":"wp","href":"https:\/\/api.w.org\/{rel}","templated":true}]}}