{"id":35198,"date":"2025-06-23T07:38:45","date_gmt":"2025-06-23T07:38:45","guid":{"rendered":"https:\/\/megdev01.com\/producto\/taquilla-melamina-mhz-40-1\/"},"modified":"2026-04-24T09:15:09","modified_gmt":"2026-04-24T09:15:09","slug":"cacifos-melamina-mhz-40-1","status":"publish","type":"product","link":"https:\/\/megablok.com\/pt-pt\/produto\/cacifos-melamina-mhz-40-1\/","title":{"rendered":"Cacifo melamina MHZ-40\/1"},"content":{"rendered":"<p>Corpo e interior fabricados em aglomerado hidr\u00f3fugo de 19 mm de espessura, revestido a melamina.<br \/>\nCorpo em melamina branca e porta conforme op\u00e7\u00f5es: melamina (19 mm), melamina hidr\u00f3fuga (19 mm) ou fen\u00f3lica (12 mm).<br \/>\nFundo de tablex perfurado de 3 mm  de espessura.<br \/>\nFechaduras padr\u00e3o: fechadura de resbal\u00f3n com cilindro remov\u00edvel e chave mestra.<br \/>\nPatas de PVC regul\u00e1veis.<br \/>\nInclui numera\u00e7\u00e3o.<br \/>\nDimens\u00f5es: 1.950 mm de altura (1.800 + 150 patas) x 408 mm largura x 500 mm fundo.<br \/>\nEnviado montado, exceto os p\u00e9s que devem ser instalados pelo cliente.<br \/>\nOs rodap\u00e9s, sobretetos, prateleiras adicionais e pain\u00e9is laterais devem ser instalados pelo cliente.<\/p>\n","protected":false},"excerpt":{"rendered":"<p>Cacifo em melamina que oferece uma est\u00e9tica acolhedora e profissional sem comprometer a resist\u00eancia. Ideal para ambientes que combinam funcionalidade e design.<\/p>\n","protected":false},"featured_media":25003,"template":"","meta":{"_joinchat":[]},"product_brand":[],"product_cat":[1024,1007,1006],"product_tag":[802,676,756],"class_list":{"0":"post-35198","1":"product","2":"type-product","3":"status-publish","4":"has-post-thumbnail","6":"product_cat-mhz","7":"product_cat-taquillas-melamina","8":"product_cat-taquillas-nometalicas","9":"product_tag-1-columna","10":"product_tag-400-mm","11":"product_tag-8-puertas","13":"first","14":"instock","15":"sold-individually","16":"shipping-taxable","17":"purchasable","18":"product-type-simple"},"yoast_head":"<!-- This site is optimized with the Yoast SEO plugin v27.6 - https:\/\/yoast.com\/product\/yoast-seo-wordpress\/ -->\n<title>Cacifo melamina MHZ-40\/1 - Megablok<\/title>\n<meta name=\"robots\" content=\"index, follow, max-snippet:-1, max-image-preview:large, max-video-preview:-1\" \/>\n<link rel=\"canonical\" href=\"https:\/\/megablok.com\/pt-pt\/produto\/cacifos-melamina-mhz-40-1\/\" \/>\n<meta property=\"og:locale\" content=\"pt_PT\" \/>\n<meta property=\"og:type\" content=\"article\" \/>\n<meta property=\"og:title\" content=\"Cacifo melamina MHZ-40\/1 - Megablok\" \/>\n<meta property=\"og:description\" content=\"Cacifo em melamina que oferece uma est\u00e9tica acolhedora e profissional sem comprometer a resist\u00eancia. Ideal para ambientes que combinam funcionalidade e design.\" \/>\n<meta property=\"og:url\" content=\"https:\/\/megablok.com\/pt-pt\/produto\/cacifos-melamina-mhz-40-1\/\" \/>\n<meta property=\"og:site_name\" content=\"Megablok\" \/>\n<meta property=\"article:modified_time\" content=\"2026-04-24T09:15:09+00:00\" \/>\n<meta property=\"og:image\" content=\"https:\/\/megablok.com\/wp-content\/uploads\/2025\/08\/MHZ-40-1-M-35W.jpg\" \/>\n\t<meta property=\"og:image:width\" content=\"1000\" \/>\n\t<meta property=\"og:image:height\" content=\"1000\" \/>\n\t<meta property=\"og:image:type\" content=\"image\/jpeg\" \/>\n<meta name=\"twitter:card\" content=\"summary_large_image\" \/>\n<meta name=\"twitter:label1\" content=\"Tempo estimado de leitura\" \/>\n\t<meta name=\"twitter:data1\" content=\"1 minuto\" \/>\n<script type=\"application\/ld+json\" class=\"yoast-schema-graph\">{\"@context\":\"https:\\\/\\\/schema.org\",\"@graph\":[{\"@type\":\"WebPage\",\"@id\":\"https:\\\/\\\/megablok.com\\\/pt-pt\\\/produto\\\/cacifos-melamina-mhz-40-1\\\/\",\"url\":\"https:\\\/\\\/megablok.com\\\/pt-pt\\\/produto\\\/cacifos-melamina-mhz-40-1\\\/\",\"name\":\"Cacifo melamina MHZ-40\\\/1 - Megablok\",\"isPartOf\":{\"@id\":\"https:\\\/\\\/megablok.com\\\/pt-pt\\\/#website\"},\"primaryImageOfPage\":{\"@id\":\"https:\\\/\\\/megablok.com\\\/pt-pt\\\/produto\\\/cacifos-melamina-mhz-40-1\\\/#primaryimage\"},\"image\":{\"@id\":\"https:\\\/\\\/megablok.com\\\/pt-pt\\\/produto\\\/cacifos-melamina-mhz-40-1\\\/#primaryimage\"},\"thumbnailUrl\":\"https:\\\/\\\/megablok.com\\\/wp-content\\\/uploads\\\/2025\\\/08\\\/MHZ-40-1-M-35W.jpg\",\"datePublished\":\"2025-06-23T07:38:45+00:00\",\"dateModified\":\"2026-04-24T09:15:09+00:00\",\"breadcrumb\":{\"@id\":\"https:\\\/\\\/megablok.com\\\/pt-pt\\\/produto\\\/cacifos-melamina-mhz-40-1\\\/#breadcrumb\"},\"inLanguage\":\"pt-PT\",\"potentialAction\":[{\"@type\":\"ReadAction\",\"target\":[\"https:\\\/\\\/megablok.com\\\/pt-pt\\\/produto\\\/cacifos-melamina-mhz-40-1\\\/\"]}]},{\"@type\":\"ImageObject\",\"inLanguage\":\"pt-PT\",\"@id\":\"https:\\\/\\\/megablok.com\\\/pt-pt\\\/produto\\\/cacifos-melamina-mhz-40-1\\\/#primaryimage\",\"url\":\"https:\\\/\\\/megablok.com\\\/wp-content\\\/uploads\\\/2025\\\/08\\\/MHZ-40-1-M-35W.jpg\",\"contentUrl\":\"https:\\\/\\\/megablok.com\\\/wp-content\\\/uploads\\\/2025\\\/08\\\/MHZ-40-1-M-35W.jpg\",\"width\":1000,\"height\":1000,\"caption\":\"Taquilla melamina\"},{\"@type\":\"BreadcrumbList\",\"@id\":\"https:\\\/\\\/megablok.com\\\/pt-pt\\\/produto\\\/cacifos-melamina-mhz-40-1\\\/#breadcrumb\",\"itemListElement\":[{\"@type\":\"ListItem\",\"position\":1,\"name\":\"Portada\",\"item\":\"https:\\\/\\\/megablok.com\\\/pt-pt\\\/\"},{\"@type\":\"ListItem\",\"position\":2,\"name\":\"Loja\",\"item\":\"https:\\\/\\\/megablok.com\\\/pt-pt\\\/loja\\\/\"},{\"@type\":\"ListItem\",\"position\":3,\"name\":\"Cacifo melamina MHZ-40\\\/1\"}]},{\"@type\":\"WebSite\",\"@id\":\"https:\\\/\\\/megablok.com\\\/pt-pt\\\/#website\",\"url\":\"https:\\\/\\\/megablok.com\\\/pt-pt\\\/\",\"name\":\"Megablok\",\"description\":\"Taquillas para vestuarios de empresas y organizaciones\",\"publisher\":{\"@id\":\"https:\\\/\\\/megablok.com\\\/pt-pt\\\/#organization\"},\"potentialAction\":[{\"@type\":\"SearchAction\",\"target\":{\"@type\":\"EntryPoint\",\"urlTemplate\":\"https:\\\/\\\/megablok.com\\\/pt-pt\\\/?s={search_term_string}\"},\"query-input\":{\"@type\":\"PropertyValueSpecification\",\"valueRequired\":true,\"valueName\":\"search_term_string\"}}],\"inLanguage\":\"pt-PT\"},{\"@type\":\"Organization\",\"@id\":\"https:\\\/\\\/megablok.com\\\/pt-pt\\\/#organization\",\"name\":\"Megablok\",\"url\":\"https:\\\/\\\/megablok.com\\\/pt-pt\\\/\",\"logo\":{\"@type\":\"ImageObject\",\"inLanguage\":\"pt-PT\",\"@id\":\"https:\\\/\\\/megablok.com\\\/pt-pt\\\/#\\\/schema\\\/logo\\\/image\\\/\",\"url\":\"https:\\\/\\\/megablok.com\\\/wp-content\\\/uploads\\\/2024\\\/08\\\/270.png\",\"contentUrl\":\"https:\\\/\\\/megablok.com\\\/wp-content\\\/uploads\\\/2024\\\/08\\\/270.png\",\"width\":270,\"height\":270,\"caption\":\"Megablok\"},\"image\":{\"@id\":\"https:\\\/\\\/megablok.com\\\/pt-pt\\\/#\\\/schema\\\/logo\\\/image\\\/\"},\"sameAs\":[\"https:\\\/\\\/www.linkedin.com\\\/company\\\/megablok-s.a.\\\/\",\"https:\\\/\\\/www.instagram.com\\\/megabloksa\\\/\"]}]}<\/script>\n<!-- \/ Yoast SEO plugin. -->","yoast_head_json":{"title":"Cacifo melamina MHZ-40\/1 - Megablok","robots":{"index":"index","follow":"follow","max-snippet":"max-snippet:-1","max-image-preview":"max-image-preview:large","max-video-preview":"max-video-preview:-1"},"canonical":"https:\/\/megablok.com\/pt-pt\/produto\/cacifos-melamina-mhz-40-1\/","og_locale":"pt_PT","og_type":"article","og_title":"Cacifo melamina MHZ-40\/1 - Megablok","og_description":"Cacifo em melamina que oferece uma est\u00e9tica acolhedora e profissional sem comprometer a resist\u00eancia. Ideal para ambientes que combinam funcionalidade e design.","og_url":"https:\/\/megablok.com\/pt-pt\/produto\/cacifos-melamina-mhz-40-1\/","og_site_name":"Megablok","article_modified_time":"2026-04-24T09:15:09+00:00","og_image":[{"width":1000,"height":1000,"url":"https:\/\/megablok.com\/wp-content\/uploads\/2025\/08\/MHZ-40-1-M-35W.jpg","type":"image\/jpeg"}],"twitter_card":"summary_large_image","twitter_misc":{"Tempo estimado de leitura":"1 minuto"},"schema":{"@context":"https:\/\/schema.org","@graph":[{"@type":"WebPage","@id":"https:\/\/megablok.com\/pt-pt\/produto\/cacifos-melamina-mhz-40-1\/","url":"https:\/\/megablok.com\/pt-pt\/produto\/cacifos-melamina-mhz-40-1\/","name":"Cacifo melamina MHZ-40\/1 - Megablok","isPartOf":{"@id":"https:\/\/megablok.com\/pt-pt\/#website"},"primaryImageOfPage":{"@id":"https:\/\/megablok.com\/pt-pt\/produto\/cacifos-melamina-mhz-40-1\/#primaryimage"},"image":{"@id":"https:\/\/megablok.com\/pt-pt\/produto\/cacifos-melamina-mhz-40-1\/#primaryimage"},"thumbnailUrl":"https:\/\/megablok.com\/wp-content\/uploads\/2025\/08\/MHZ-40-1-M-35W.jpg","datePublished":"2025-06-23T07:38:45+00:00","dateModified":"2026-04-24T09:15:09+00:00","breadcrumb":{"@id":"https:\/\/megablok.com\/pt-pt\/produto\/cacifos-melamina-mhz-40-1\/#breadcrumb"},"inLanguage":"pt-PT","potentialAction":[{"@type":"ReadAction","target":["https:\/\/megablok.com\/pt-pt\/produto\/cacifos-melamina-mhz-40-1\/"]}]},{"@type":"ImageObject","inLanguage":"pt-PT","@id":"https:\/\/megablok.com\/pt-pt\/produto\/cacifos-melamina-mhz-40-1\/#primaryimage","url":"https:\/\/megablok.com\/wp-content\/uploads\/2025\/08\/MHZ-40-1-M-35W.jpg","contentUrl":"https:\/\/megablok.com\/wp-content\/uploads\/2025\/08\/MHZ-40-1-M-35W.jpg","width":1000,"height":1000,"caption":"Taquilla melamina"},{"@type":"BreadcrumbList","@id":"https:\/\/megablok.com\/pt-pt\/produto\/cacifos-melamina-mhz-40-1\/#breadcrumb","itemListElement":[{"@type":"ListItem","position":1,"name":"Portada","item":"https:\/\/megablok.com\/pt-pt\/"},{"@type":"ListItem","position":2,"name":"Loja","item":"https:\/\/megablok.com\/pt-pt\/loja\/"},{"@type":"ListItem","position":3,"name":"Cacifo melamina MHZ-40\/1"}]},{"@type":"WebSite","@id":"https:\/\/megablok.com\/pt-pt\/#website","url":"https:\/\/megablok.com\/pt-pt\/","name":"Megablok","description":"Taquillas para vestuarios de empresas y organizaciones","publisher":{"@id":"https:\/\/megablok.com\/pt-pt\/#organization"},"potentialAction":[{"@type":"SearchAction","target":{"@type":"EntryPoint","urlTemplate":"https:\/\/megablok.com\/pt-pt\/?s={search_term_string}"},"query-input":{"@type":"PropertyValueSpecification","valueRequired":true,"valueName":"search_term_string"}}],"inLanguage":"pt-PT"},{"@type":"Organization","@id":"https:\/\/megablok.com\/pt-pt\/#organization","name":"Megablok","url":"https:\/\/megablok.com\/pt-pt\/","logo":{"@type":"ImageObject","inLanguage":"pt-PT","@id":"https:\/\/megablok.com\/pt-pt\/#\/schema\/logo\/image\/","url":"https:\/\/megablok.com\/wp-content\/uploads\/2024\/08\/270.png","contentUrl":"https:\/\/megablok.com\/wp-content\/uploads\/2024\/08\/270.png","width":270,"height":270,"caption":"Megablok"},"image":{"@id":"https:\/\/megablok.com\/pt-pt\/#\/schema\/logo\/image\/"},"sameAs":["https:\/\/www.linkedin.com\/company\/megablok-s.a.\/","https:\/\/www.instagram.com\/megabloksa\/"]}]}},"jetpack_sharing_enabled":true,"_links":{"self":[{"href":"https:\/\/megablok.com\/pt-pt\/wp-json\/wp\/v2\/product\/35198","targetHints":{"allow":["GET"]}}],"collection":[{"href":"https:\/\/megablok.com\/pt-pt\/wp-json\/wp\/v2\/product"}],"about":[{"href":"https:\/\/megablok.com\/pt-pt\/wp-json\/wp\/v2\/types\/product"}],"wp:featuredmedia":[{"embeddable":true,"href":"https:\/\/megablok.com\/pt-pt\/wp-json\/wp\/v2\/media\/25003"}],"wp:attachment":[{"href":"https:\/\/megablok.com\/pt-pt\/wp-json\/wp\/v2\/media?parent=35198"}],"wp:term":[{"taxonomy":"product_brand","embeddable":true,"href":"https:\/\/megablok.com\/pt-pt\/wp-json\/wp\/v2\/product_brand?post=35198"},{"taxonomy":"product_cat","embeddable":true,"href":"https:\/\/megablok.com\/pt-pt\/wp-json\/wp\/v2\/product_cat?post=35198"},{"taxonomy":"product_tag","embeddable":true,"href":"https:\/\/megablok.com\/pt-pt\/wp-json\/wp\/v2\/product_tag?post=35198"}],"curies":[{"name":"wp","href":"https:\/\/api.w.org\/{rel}","templated":true}]}}