{"id":36947,"date":"2025-06-16T11:14:19","date_gmt":"2025-06-16T11:14:19","guid":{"rendered":"https:\/\/megdev01.com\/producto\/taquilla-lavanderia-tl-1-2\/"},"modified":"2026-04-21T13:40:54","modified_gmt":"2026-04-21T13:40:54","slug":"cacifo-lavanderia-tl1","status":"publish","type":"product","link":"https:\/\/megablok.com\/pt-pt\/produto\/cacifo-lavanderia-tl1\/","title":{"rendered":"Cacifo lavander\u00eda TL-1"},"content":{"rendered":"<p>Cacifo monobloco-soldado, fabrico em chapa de a\u00e7o laminado em fr\u00edo.<br \/>\nPintado com Epoxi-poli\u00e9ster em p\u00f3, acabamento microtexturado.<br \/>\nCores padr\u00e3o: Corpo cinza RAL 7035 e portas azuis RAL 5010.<br \/>\nDuas dobras no per\u00edmetro, com refor\u00e7o longitudinal, etiqueteiro e ventila\u00e7\u00e3o.<br \/>\nCantos sem arestas cortantes e dobradi\u00e7as escondidas.<br \/>\nFechaduras padr\u00e3o: fechadura de cilindro cromada com duas chaves.<br \/>\nPrateleira inclinada para impedir a remo\u00e7\u00e3o da roupa do interior.<br \/>\nGanchos para fixar o saco coletor.<br \/>\nDimens\u00f5es: 1.800 mm de altura x 400 mm largura x 500 mm fundo.<\/p>\n","protected":false},"excerpt":{"rendered":"<p>Cacifo met\u00e1lico concebido para sistemas de recolha de roupa. Ideal para ambientes industriais, hospitalares ou coletivos que exigem uma gest\u00e3o higi\u00e9nica e eficiente do vestu\u00e1rio.<\/p>\n","protected":false},"featured_media":13741,"template":"","meta":{"_joinchat":[]},"product_brand":[],"product_cat":[978,795],"product_tag":[637],"class_list":{"0":"post-36947","1":"product","2":"type-product","3":"status-publish","4":"has-post-thumbnail","6":"product_cat-taquillas-de-limpieza","7":"product_cat-taquillas-metalicas","8":"product_tag-1-porta","10":"first","11":"instock","12":"sold-individually","13":"shipping-taxable","14":"purchasable","15":"product-type-simple"},"yoast_head":"<!-- This site is optimized with the Yoast SEO plugin v27.6 - https:\/\/yoast.com\/product\/yoast-seo-wordpress\/ -->\n<title>Cacifo lavander\u00eda TL-1 - Megablok<\/title>\n<meta name=\"robots\" content=\"index, follow, max-snippet:-1, max-image-preview:large, max-video-preview:-1\" \/>\n<link rel=\"canonical\" href=\"https:\/\/megablok.com\/pt-pt\/produto\/cacifo-lavanderia-tl1\/\" \/>\n<meta property=\"og:locale\" content=\"pt_PT\" \/>\n<meta property=\"og:type\" content=\"article\" \/>\n<meta property=\"og:title\" content=\"Cacifo lavander\u00eda TL-1 - Megablok\" \/>\n<meta property=\"og:description\" content=\"Cacifo met\u00e1lico concebido para sistemas de recolha de roupa. Ideal para ambientes industriais, hospitalares ou coletivos que exigem uma gest\u00e3o higi\u00e9nica e eficiente do vestu\u00e1rio.\" \/>\n<meta property=\"og:url\" content=\"https:\/\/megablok.com\/pt-pt\/produto\/cacifo-lavanderia-tl1\/\" \/>\n<meta property=\"og:site_name\" content=\"Megablok\" \/>\n<meta property=\"article:modified_time\" content=\"2026-04-21T13:40:54+00:00\" \/>\n<meta property=\"og:image\" content=\"https:\/\/megablok.com\/wp-content\/uploads\/2024\/09\/42100_01.jpg\" \/>\n\t<meta property=\"og:image:width\" content=\"600\" \/>\n\t<meta property=\"og:image:height\" content=\"600\" \/>\n\t<meta property=\"og:image:type\" content=\"image\/jpeg\" \/>\n<meta name=\"twitter:card\" content=\"summary_large_image\" \/>\n<meta name=\"twitter:label1\" content=\"Tempo estimado de leitura\" \/>\n\t<meta name=\"twitter:data1\" content=\"1 minuto\" \/>\n<script type=\"application\/ld+json\" class=\"yoast-schema-graph\">{\"@context\":\"https:\\\/\\\/schema.org\",\"@graph\":[{\"@type\":\"WebPage\",\"@id\":\"https:\\\/\\\/megablok.com\\\/pt-pt\\\/produto\\\/cacifo-lavanderia-tl1\\\/\",\"url\":\"https:\\\/\\\/megablok.com\\\/pt-pt\\\/produto\\\/cacifo-lavanderia-tl1\\\/\",\"name\":\"Cacifo lavander\u00eda TL-1 - Megablok\",\"isPartOf\":{\"@id\":\"https:\\\/\\\/megablok.com\\\/pt-pt\\\/#website\"},\"primaryImageOfPage\":{\"@id\":\"https:\\\/\\\/megablok.com\\\/pt-pt\\\/produto\\\/cacifo-lavanderia-tl1\\\/#primaryimage\"},\"image\":{\"@id\":\"https:\\\/\\\/megablok.com\\\/pt-pt\\\/produto\\\/cacifo-lavanderia-tl1\\\/#primaryimage\"},\"thumbnailUrl\":\"https:\\\/\\\/megablok.com\\\/wp-content\\\/uploads\\\/2024\\\/09\\\/42100_01.jpg\",\"datePublished\":\"2025-06-16T11:14:19+00:00\",\"dateModified\":\"2026-04-21T13:40:54+00:00\",\"breadcrumb\":{\"@id\":\"https:\\\/\\\/megablok.com\\\/pt-pt\\\/produto\\\/cacifo-lavanderia-tl1\\\/#breadcrumb\"},\"inLanguage\":\"pt-PT\",\"potentialAction\":[{\"@type\":\"ReadAction\",\"target\":[\"https:\\\/\\\/megablok.com\\\/pt-pt\\\/produto\\\/cacifo-lavanderia-tl1\\\/\"]}]},{\"@type\":\"ImageObject\",\"inLanguage\":\"pt-PT\",\"@id\":\"https:\\\/\\\/megablok.com\\\/pt-pt\\\/produto\\\/cacifo-lavanderia-tl1\\\/#primaryimage\",\"url\":\"https:\\\/\\\/megablok.com\\\/wp-content\\\/uploads\\\/2024\\\/09\\\/42100_01.jpg\",\"contentUrl\":\"https:\\\/\\\/megablok.com\\\/wp-content\\\/uploads\\\/2024\\\/09\\\/42100_01.jpg\",\"width\":600,\"height\":600},{\"@type\":\"BreadcrumbList\",\"@id\":\"https:\\\/\\\/megablok.com\\\/pt-pt\\\/produto\\\/cacifo-lavanderia-tl1\\\/#breadcrumb\",\"itemListElement\":[{\"@type\":\"ListItem\",\"position\":1,\"name\":\"Portada\",\"item\":\"https:\\\/\\\/megablok.com\\\/pt-pt\\\/\"},{\"@type\":\"ListItem\",\"position\":2,\"name\":\"Loja\",\"item\":\"https:\\\/\\\/megablok.com\\\/pt-pt\\\/loja\\\/\"},{\"@type\":\"ListItem\",\"position\":3,\"name\":\"Cacifo lavander\u00eda TL-1\"}]},{\"@type\":\"WebSite\",\"@id\":\"https:\\\/\\\/megablok.com\\\/pt-pt\\\/#website\",\"url\":\"https:\\\/\\\/megablok.com\\\/pt-pt\\\/\",\"name\":\"Megablok\",\"description\":\"Taquillas para vestuarios de empresas y organizaciones\",\"publisher\":{\"@id\":\"https:\\\/\\\/megablok.com\\\/pt-pt\\\/#organization\"},\"potentialAction\":[{\"@type\":\"SearchAction\",\"target\":{\"@type\":\"EntryPoint\",\"urlTemplate\":\"https:\\\/\\\/megablok.com\\\/pt-pt\\\/?s={search_term_string}\"},\"query-input\":{\"@type\":\"PropertyValueSpecification\",\"valueRequired\":true,\"valueName\":\"search_term_string\"}}],\"inLanguage\":\"pt-PT\"},{\"@type\":\"Organization\",\"@id\":\"https:\\\/\\\/megablok.com\\\/pt-pt\\\/#organization\",\"name\":\"Megablok\",\"url\":\"https:\\\/\\\/megablok.com\\\/pt-pt\\\/\",\"logo\":{\"@type\":\"ImageObject\",\"inLanguage\":\"pt-PT\",\"@id\":\"https:\\\/\\\/megablok.com\\\/pt-pt\\\/#\\\/schema\\\/logo\\\/image\\\/\",\"url\":\"https:\\\/\\\/megablok.com\\\/wp-content\\\/uploads\\\/2024\\\/08\\\/270.png\",\"contentUrl\":\"https:\\\/\\\/megablok.com\\\/wp-content\\\/uploads\\\/2024\\\/08\\\/270.png\",\"width\":270,\"height\":270,\"caption\":\"Megablok\"},\"image\":{\"@id\":\"https:\\\/\\\/megablok.com\\\/pt-pt\\\/#\\\/schema\\\/logo\\\/image\\\/\"},\"sameAs\":[\"https:\\\/\\\/www.linkedin.com\\\/company\\\/megablok-s.a.\\\/\",\"https:\\\/\\\/www.instagram.com\\\/megabloksa\\\/\"]}]}<\/script>\n<!-- \/ Yoast SEO plugin. -->","yoast_head_json":{"title":"Cacifo lavander\u00eda TL-1 - Megablok","robots":{"index":"index","follow":"follow","max-snippet":"max-snippet:-1","max-image-preview":"max-image-preview:large","max-video-preview":"max-video-preview:-1"},"canonical":"https:\/\/megablok.com\/pt-pt\/produto\/cacifo-lavanderia-tl1\/","og_locale":"pt_PT","og_type":"article","og_title":"Cacifo lavander\u00eda TL-1 - Megablok","og_description":"Cacifo met\u00e1lico concebido para sistemas de recolha de roupa. Ideal para ambientes industriais, hospitalares ou coletivos que exigem uma gest\u00e3o higi\u00e9nica e eficiente do vestu\u00e1rio.","og_url":"https:\/\/megablok.com\/pt-pt\/produto\/cacifo-lavanderia-tl1\/","og_site_name":"Megablok","article_modified_time":"2026-04-21T13:40:54+00:00","og_image":[{"width":600,"height":600,"url":"https:\/\/megablok.com\/wp-content\/uploads\/2024\/09\/42100_01.jpg","type":"image\/jpeg"}],"twitter_card":"summary_large_image","twitter_misc":{"Tempo estimado de leitura":"1 minuto"},"schema":{"@context":"https:\/\/schema.org","@graph":[{"@type":"WebPage","@id":"https:\/\/megablok.com\/pt-pt\/produto\/cacifo-lavanderia-tl1\/","url":"https:\/\/megablok.com\/pt-pt\/produto\/cacifo-lavanderia-tl1\/","name":"Cacifo lavander\u00eda TL-1 - Megablok","isPartOf":{"@id":"https:\/\/megablok.com\/pt-pt\/#website"},"primaryImageOfPage":{"@id":"https:\/\/megablok.com\/pt-pt\/produto\/cacifo-lavanderia-tl1\/#primaryimage"},"image":{"@id":"https:\/\/megablok.com\/pt-pt\/produto\/cacifo-lavanderia-tl1\/#primaryimage"},"thumbnailUrl":"https:\/\/megablok.com\/wp-content\/uploads\/2024\/09\/42100_01.jpg","datePublished":"2025-06-16T11:14:19+00:00","dateModified":"2026-04-21T13:40:54+00:00","breadcrumb":{"@id":"https:\/\/megablok.com\/pt-pt\/produto\/cacifo-lavanderia-tl1\/#breadcrumb"},"inLanguage":"pt-PT","potentialAction":[{"@type":"ReadAction","target":["https:\/\/megablok.com\/pt-pt\/produto\/cacifo-lavanderia-tl1\/"]}]},{"@type":"ImageObject","inLanguage":"pt-PT","@id":"https:\/\/megablok.com\/pt-pt\/produto\/cacifo-lavanderia-tl1\/#primaryimage","url":"https:\/\/megablok.com\/wp-content\/uploads\/2024\/09\/42100_01.jpg","contentUrl":"https:\/\/megablok.com\/wp-content\/uploads\/2024\/09\/42100_01.jpg","width":600,"height":600},{"@type":"BreadcrumbList","@id":"https:\/\/megablok.com\/pt-pt\/produto\/cacifo-lavanderia-tl1\/#breadcrumb","itemListElement":[{"@type":"ListItem","position":1,"name":"Portada","item":"https:\/\/megablok.com\/pt-pt\/"},{"@type":"ListItem","position":2,"name":"Loja","item":"https:\/\/megablok.com\/pt-pt\/loja\/"},{"@type":"ListItem","position":3,"name":"Cacifo lavander\u00eda TL-1"}]},{"@type":"WebSite","@id":"https:\/\/megablok.com\/pt-pt\/#website","url":"https:\/\/megablok.com\/pt-pt\/","name":"Megablok","description":"Taquillas para vestuarios de empresas y organizaciones","publisher":{"@id":"https:\/\/megablok.com\/pt-pt\/#organization"},"potentialAction":[{"@type":"SearchAction","target":{"@type":"EntryPoint","urlTemplate":"https:\/\/megablok.com\/pt-pt\/?s={search_term_string}"},"query-input":{"@type":"PropertyValueSpecification","valueRequired":true,"valueName":"search_term_string"}}],"inLanguage":"pt-PT"},{"@type":"Organization","@id":"https:\/\/megablok.com\/pt-pt\/#organization","name":"Megablok","url":"https:\/\/megablok.com\/pt-pt\/","logo":{"@type":"ImageObject","inLanguage":"pt-PT","@id":"https:\/\/megablok.com\/pt-pt\/#\/schema\/logo\/image\/","url":"https:\/\/megablok.com\/wp-content\/uploads\/2024\/08\/270.png","contentUrl":"https:\/\/megablok.com\/wp-content\/uploads\/2024\/08\/270.png","width":270,"height":270,"caption":"Megablok"},"image":{"@id":"https:\/\/megablok.com\/pt-pt\/#\/schema\/logo\/image\/"},"sameAs":["https:\/\/www.linkedin.com\/company\/megablok-s.a.\/","https:\/\/www.instagram.com\/megabloksa\/"]}]}},"jetpack_sharing_enabled":true,"_links":{"self":[{"href":"https:\/\/megablok.com\/pt-pt\/wp-json\/wp\/v2\/product\/36947","targetHints":{"allow":["GET"]}}],"collection":[{"href":"https:\/\/megablok.com\/pt-pt\/wp-json\/wp\/v2\/product"}],"about":[{"href":"https:\/\/megablok.com\/pt-pt\/wp-json\/wp\/v2\/types\/product"}],"wp:featuredmedia":[{"embeddable":true,"href":"https:\/\/megablok.com\/pt-pt\/wp-json\/wp\/v2\/media\/13741"}],"wp:attachment":[{"href":"https:\/\/megablok.com\/pt-pt\/wp-json\/wp\/v2\/media?parent=36947"}],"wp:term":[{"taxonomy":"product_brand","embeddable":true,"href":"https:\/\/megablok.com\/pt-pt\/wp-json\/wp\/v2\/product_brand?post=36947"},{"taxonomy":"product_cat","embeddable":true,"href":"https:\/\/megablok.com\/pt-pt\/wp-json\/wp\/v2\/product_cat?post=36947"},{"taxonomy":"product_tag","embeddable":true,"href":"https:\/\/megablok.com\/pt-pt\/wp-json\/wp\/v2\/product_tag?post=36947"}],"curies":[{"name":"wp","href":"https:\/\/api.w.org\/{rel}","templated":true}]}}